{"id":999,"date":"2010-07-15T17:21:35","date_gmt":"2010-07-15T15:21:35","guid":{"rendered":"http:\/\/www.rulando.es\/?page_id=999"},"modified":"2023-04-17T16:42:42","modified_gmt":"2023-04-17T14:42:42","slug":"cella-te-la-puebla-de-valverde-te","status":"publish","type":"page","link":"https:\/\/www.rulando.es\/?page_id=999","title":{"rendered":"Cella (Te) &#8211; La Puebla de Valverde (Te)"},"content":{"rendered":"<p><strong><span style=\"color: #000000;\">RESUMEN<\/span><\/strong><\/p>\n<p><span style=\"color: #000000;\">Tramo entre Cella y La Puebla de Valverde. Iniciamos nuestro recorrido desde el n\u00facleo urbano de Cella desde\u00a0donde nos dirigimos hacia la V\u00eda Verde. Rodeamos Teruel y subimos al Puerto del\u00a0Escand\u00f3n.\u00a0Un poco de tramo en descenso nos deja en la\u00a0estaci\u00f3n de La Puebla de Valverde.\u00a0<\/span><\/p>\n<table style=\"text-align: center; width: 481px; height: 100px;\" border=\"0\" cellspacing=\"0\" cellpadding=\"0\" width=\"481\">\n<tbody>\n<tr>\n<td>\u00a0<\/td>\n<td><a href=\"http:\/\/www.rulando.es\/croquis\/ojosnegros1.jpg\" target=\"_blank\" rel=\"noopener\"><img loading=\"lazy\" decoding=\"async\" style=\"border: 0pt;\" title=\"Croquis de la ruta\" src=\"http:\/\/www.rulando.es\/wp-content\/uploads\/2009\/01\/rul3dmap.jpg\" alt=\"Descarga el croquis\" width=\"90\" height=\"73\" \/><\/a><\/td>\n<td><a href=\"http:\/\/www.rulando.es\/tracks\/ojosnegros1.zip\" target=\"_blank\" rel=\"noopener\"><img loading=\"lazy\" decoding=\"async\" style=\"border: 0pt;\" title=\"Fichero GPX\" src=\"http:\/\/www.rulando.es\/wp-content\/uploads\/2009\/01\/rul3dgpx1.jpg\" alt=\"\" width=\"80\" height=\"80\" \/><\/a><\/td>\n<\/tr>\n<\/tbody>\n<\/table>\n<p style=\"text-align: center;\"><a href=\"http:\/\/www.rulando.es\/wp-content\/uploads\/2009\/01\/foto12.jpg\"><\/a><\/p>\n<p style=\"text-align: center;\"><a href=\"http:\/\/www.rulando.es\/wp-content\/uploads\/2009\/02\/foto11.jpg\"><\/a><a href=\"http:\/\/www.rulando.es\/wp-content\/uploads\/2009\/02\/foto1.jpg\"><\/a><\/p>\n<p style=\"text-align: center;\">\u00a0<img loading=\"lazy\" decoding=\"async\" class=\"size-full wp-image-1024  aligncenter\" title=\"fuentedeCella\" src=\"http:\/\/www.rulando.es\/wp-content\/uploads\/2010\/07\/fuentedeCella.jpg\" alt=\"fuentedeCella\" width=\"470\" height=\"353\" srcset=\"https:\/\/www.rulando.es\/wp-content\/uploads\/2010\/07\/fuentedeCella.jpg 470w, https:\/\/www.rulando.es\/wp-content\/uploads\/2010\/07\/fuentedeCella-300x225.jpg 300w\" sizes=\"auto, (max-width: 470px) 100vw, 470px\" \/><\/p>\n<p>\u00a0<strong>CARACTER\u00cdSTICAS PRINCIPALES<\/strong><\/p>\n<ul>\n<li>\n<div style=\"padding-left: 30px;\">Tipo: lineal <strong>(<span style=\"text-decoration: underline;\">S\u00d3LO IDA<\/span>)<\/strong><\/div>\n<\/li>\n<li>\n<div style=\"padding-left: 30px;\">Longitud:\u00a0<span style=\"color: #000000;\">47,0 km (*)<\/span><\/div>\n<\/li>\n<li>\n<div style=\"padding-left: 30px;\">Inicio: Ermita de San Antonio, Cella (Teruel)<\/div>\n<\/li>\n<li>\n<div style=\"padding-left: 30px;\">Final: estaci\u00f3n de La Puebla de Valverde (Teruel)<\/div>\n<\/li>\n<li>\n<div style=\"padding-left: 30px;\">Desnivel descendente: 125 m\u00a0(*)<\/div>\n<\/li>\n<li>\n<div style=\"padding-left: 30px;\">Desnivel ascendente: 300 m (*)<\/div>\n<\/li>\n<li>\n<div style=\"padding-left: 30px;\">Itinerario: Cella, Cella &#8211; Estaci\u00f3n, Caud\u00e9, estaci\u00f3n de Puerto del Escand\u00f3n, estaci\u00f3n de La Puebla de Valverde<\/div>\n<\/li>\n<li>\n<div style=\"padding-left: 30px;\">Lugares de Inter\u00e9s: fuente de Cella, infraestructura ferroviaria (viaductos y t\u00faneles)<\/div>\n<\/li>\n<li>\n<div style=\"padding-left: 30px;\">Cartograf\u00eda:<span style=\"color: #000000;\">\u00a0Hoja de Teruel <\/span><span style=\"color: #000000;\"><span>1:200.000 del IGN<\/span><\/span><\/div>\n<\/li>\n<\/ul>\n<blockquote>\n<p style=\"padding-left: 30px;\">(*) Datos obtenidos mediante GPS<\/p>\n<\/blockquote>\n<p><strong>MAPA Y PERFIL LONGITUDINAL<\/strong><br \/>\n[map style=&#8221;width: auto; height:400px; margin:20px 0px 20px 0px; border: 1px solid black;&#8221; gpx=&#8221;http:\/\/www.rulando.es\/tracks\/ojosnegros1.gpx&#8221;]<br \/>\n<strong>DESCRIPCI\u00d3N<\/strong><\/p>\n<p><span style=\"color: #000000;\">Tras una noche reparadora en &#8220;La Casa del Ag\u00fcelo&#8221; partimos de la calle La Torre, en Cella, junto a la ermita de San Antonio. Seguimos el camino por la vega del Jiloca hasta interceptar la V\u00eda Verde. La tomamos hacia la f\u00e1brica de tableros. Nos dirigimos hacia Teruel. Antes de cruzar la autov\u00eda, algunos desv\u00edos por obras.\u00a0 Bordeamos Caud\u00e9 y m\u00e1s adelante Teruel al que divisamos a lo lejos\u00a0 &#8211; &#8220;Teruel que lejos est\u00e1s&#8221;. Es aqu\u00ed donde empieza la subida al Puerto del Escand\u00f3n, suave pero constante. Ya en el puerto, hemos de cruzar de nuevo la autov\u00eda por un Paso Inferior o el enlace a Formiche (a elegir). A partir de la Estaci\u00f3n del Puerto del Escand\u00f3n, ya s\u00f3lo queda un tramo de apenas 10 km en suave descenso hacia la Estaci\u00f3n de La Puebla de Valverde. El pueblo est\u00e1 a s\u00f3lo dos kil\u00f3metros de la estaci\u00f3n pero junto a la propia estaci\u00f3n hay un estupendo hotel, restaurante y bar &#8220;La Fonda de la Estaci\u00f3n&#8221;.<\/span><\/p>\n<p><span style=\"color: #000000;\">\u00a0<\/span><\/p>\n<p style=\"text-align: center;\"><span style=\"color: #000000;\">\u00a0<img loading=\"lazy\" decoding=\"async\" class=\"size-full wp-image-1026  aligncenter\" title=\"fabricaenCella\" src=\"http:\/\/www.rulando.es\/wp-content\/uploads\/2010\/07\/fabricaenCella.jpg\" alt=\"fabricaenCella\" width=\"470\" height=\"257\" srcset=\"https:\/\/www.rulando.es\/wp-content\/uploads\/2010\/07\/fabricaenCella.jpg 470w, https:\/\/www.rulando.es\/wp-content\/uploads\/2010\/07\/fabricaenCella-300x164.jpg 300w\" sizes=\"auto, (max-width: 470px) 100vw, 470px\" \/><\/span><\/p>\n<p style=\"text-align: center;\"><a href=\"http:\/\/www.rulando.es\/wp-content\/uploads\/2009\/02\/foto2.jpg\"><\/a><\/p>\n<p style=\"text-align: center;\"><a href=\"http:\/\/www.rulando.es\/wp-content\/uploads\/2009\/01\/foto21.jpg\"><\/a><\/p>\n<p style=\"text-align: center;\"><a href=\"http:\/\/www.rulando.es\/wp-content\/uploads\/2008\/11\/foto_41.jpg\"><\/a><\/p>\n<p><strong>CROQUIS\u00a0DE RUTA<br \/>\n<\/strong><a href=\"http:\/\/www.rulando.es\/croquis\/ojosnegros1.jpg\">Descargar croquis de ruta<\/a><\/p>\n<p><strong>ARCHIVO GPS<br \/>\n<\/strong><a href=\"http:\/\/www.rulando.es\/tracks\/ojosnegros1.zip\">Descargar fichero GPX<\/a><\/p>\n<p><strong>LINKS<\/strong><br \/>\n<a href=\"http:\/\/www.viasverdes.com\/ViasVerdes\/Itinerarios\/Arag%F3n\/Teruel\/V.V.%20Ojos%20Negros%20II\/Ficha%20T%E9cnica\">http:\/\/www.viasverdes.com\/ViasVerdes\/Itinerario\/OjosNegrosII<\/a><br \/>\n<a href=\"http:\/\/www.ruralcella.com\/\">Casa del Ag\u00fcelo-Apartamentos<\/a><br \/>\n<a href=\"http:\/\/www.lafondadelaestacion.com\/\">http:\/\/www.lafondadelaestacion.com\/<\/a><\/p>\n<p>\u00a0<\/p>\n<p style=\"text-align: center;\"><img loading=\"lazy\" decoding=\"async\" class=\"size-full wp-image-1029  aligncenter\" title=\"haciaEscandon\" src=\"http:\/\/www.rulando.es\/wp-content\/uploads\/2010\/07\/haciaEscandon1.jpg\" alt=\"haciaEscandon\" width=\"470\" height=\"246\" srcset=\"https:\/\/www.rulando.es\/wp-content\/uploads\/2010\/07\/haciaEscandon1.jpg 470w, https:\/\/www.rulando.es\/wp-content\/uploads\/2010\/07\/haciaEscandon1-300x157.jpg 300w\" sizes=\"auto, (max-width: 470px) 100vw, 470px\" \/><\/p>\n","protected":false},"excerpt":{"rendered":"<p>RESUMEN Tramo entre Cella y La Puebla de Valverde. Iniciamos nuestro recorrido desde el n\u00facleo urbano de Cella desde\u00a0donde nos dirigimos hacia la V\u00eda Verde. Rodeamos Teruel y subimos al Puerto del\u00a0Escand\u00f3n.\u00a0Un poco de tramo en descenso nos deja en la\u00a0estaci\u00f3n de La Puebla de Valverde.\u00a0 \u00a0 \u00a0 \u00a0CARACTER\u00cdSTICAS PRINCIPALES Tipo: lineal (S\u00d3LO IDA) Longitud:\u00a047,0 &hellip; <a href=\"https:\/\/www.rulando.es\/?page_id=999\" class=\"more-link\">Continue reading <span class=\"screen-reader-text\">Cella (Te) &#8211; La Puebla de Valverde (Te)<\/span> <span class=\"meta-nav\">&rarr;<\/span><\/a><\/p>\n","protected":false},"author":2,"featured_media":0,"parent":984,"menu_order":0,"comment_status":"closed","ping_status":"open","template":"","meta":{"footnotes":""},"class_list":["post-999","page","type-page","status-publish","hentry"],"_links":{"self":[{"href":"https:\/\/www.rulando.es\/index.php?rest_route=\/wp\/v2\/pages\/999","targetHints":{"allow":["GET"]}}],"collection":[{"href":"https:\/\/www.rulando.es\/index.php?rest_route=\/wp\/v2\/pages"}],"about":[{"href":"https:\/\/www.rulando.es\/index.php?rest_route=\/wp\/v2\/types\/page"}],"author":[{"embeddable":true,"href":"https:\/\/www.rulando.es\/index.php?rest_route=\/wp\/v2\/users\/2"}],"replies":[{"embeddable":true,"href":"https:\/\/www.rulando.es\/index.php?rest_route=%2Fwp%2Fv2%2Fcomments&post=999"}],"version-history":[{"count":23,"href":"https:\/\/www.rulando.es\/index.php?rest_route=\/wp\/v2\/pages\/999\/revisions"}],"predecessor-version":[{"id":1787,"href":"https:\/\/www.rulando.es\/index.php?rest_route=\/wp\/v2\/pages\/999\/revisions\/1787"}],"up":[{"embeddable":true,"href":"https:\/\/www.rulando.es\/index.php?rest_route=\/wp\/v2\/pages\/984"}],"wp:attachment":[{"href":"https:\/\/www.rulando.es\/index.php?rest_route=%2Fwp%2Fv2%2Fmedia&parent=999"}],"curies":[{"name":"wp","href":"https:\/\/api.w.org\/{rel}","templated":true}]}}