{"id":975,"date":"2010-07-13T18:17:16","date_gmt":"2010-07-13T16:17:16","guid":{"rendered":"http:\/\/www.rulando.es\/?page_id=975"},"modified":"2023-04-17T16:42:42","modified_gmt":"2023-04-17T14:42:42","slug":"rutas-por-etapas","status":"publish","type":"page","link":"https:\/\/www.rulando.es\/?page_id=975","title":{"rendered":"Rutas por etapas"},"content":{"rendered":"<p>En este nuevo apartado incluiremos rutas cicloturistas para hacer en varios d\u00edas sin agobios: bicicletear un poco por la ma\u00f1ana y turistear por la tarde. Aptas para ir con ni\u00f1os.<\/p>\n<blockquote>\n<ul>\n<li><a href=\"http:\/\/www.rulando.es\/?page_id=984\">V\u00eda Verde de Ojos Negros<\/a><\/li>\n<\/ul>\n<ul>\n<li><a href=\"http:\/\/www.rulando.es\/?page_id=1151\">Toulouse &#8211; Burdeos<\/a><\/li>\n<\/ul>\n<ul>\n<li><a href=\"http:\/\/www.rulando.es\/?page_id=1492\">L&#8217;\u00eele de R\u00e9<\/a><\/li>\n<\/ul>\n<\/blockquote>\n<p>&nbsp;<\/p>\n<p style=\"text-align: center;\"><a href=\"http:\/\/www.rulando.es\/wp-content\/uploads\/2010\/07\/ojosnegros3.jpg\"><img loading=\"lazy\" decoding=\"async\" class=\"size-full wp-image-1095  aligncenter\" title=\"ojosnegros3\" src=\"http:\/\/www.rulando.es\/wp-content\/uploads\/2010\/07\/ojosnegros3.jpg\" alt=\"\" width=\"470\" height=\"277\" srcset=\"https:\/\/www.rulando.es\/wp-content\/uploads\/2010\/07\/ojosnegros3.jpg 470w, https:\/\/www.rulando.es\/wp-content\/uploads\/2010\/07\/ojosnegros3-300x176.jpg 300w\" sizes=\"auto, (max-width: 470px) 100vw, 470px\" \/><\/a><\/p>\n","protected":false},"excerpt":{"rendered":"<p>En este nuevo apartado incluiremos rutas cicloturistas para hacer en varios d\u00edas sin agobios: bicicletear un poco por la ma\u00f1ana y turistear por la tarde. Aptas para ir con ni\u00f1os. V\u00eda Verde de Ojos Negros Toulouse &#8211; Burdeos L&#8217;\u00eele de R\u00e9 &nbsp;<\/p>\n","protected":false},"author":2,"featured_media":0,"parent":0,"menu_order":3,"comment_status":"closed","ping_status":"open","template":"","meta":{"footnotes":""},"class_list":["post-975","page","type-page","status-publish","hentry"],"_links":{"self":[{"href":"https:\/\/www.rulando.es\/index.php?rest_route=\/wp\/v2\/pages\/975","targetHints":{"allow":["GET"]}}],"collection":[{"href":"https:\/\/www.rulando.es\/index.php?rest_route=\/wp\/v2\/pages"}],"about":[{"href":"https:\/\/www.rulando.es\/index.php?rest_route=\/wp\/v2\/types\/page"}],"author":[{"embeddable":true,"href":"https:\/\/www.rulando.es\/index.php?rest_route=\/wp\/v2\/users\/2"}],"replies":[{"embeddable":true,"href":"https:\/\/www.rulando.es\/index.php?rest_route=%2Fwp%2Fv2%2Fcomments&post=975"}],"version-history":[{"count":18,"href":"https:\/\/www.rulando.es\/index.php?rest_route=\/wp\/v2\/pages\/975\/revisions"}],"predecessor-version":[{"id":1778,"href":"https:\/\/www.rulando.es\/index.php?rest_route=\/wp\/v2\/pages\/975\/revisions\/1778"}],"wp:attachment":[{"href":"https:\/\/www.rulando.es\/index.php?rest_route=%2Fwp%2Fv2%2Fmedia&parent=975"}],"curies":[{"name":"wp","href":"https:\/\/api.w.org\/{rel}","templated":true}]}}