{"id":904,"date":"2010-05-31T19:29:33","date_gmt":"2010-05-31T17:29:33","guid":{"rendered":"http:\/\/www.rulando.es\/?page_id=904"},"modified":"2023-04-17T16:42:17","modified_gmt":"2023-04-17T14:42:17","slug":"utebo","status":"publish","type":"page","link":"https:\/\/www.rulando.es\/?page_id=904","title":{"rendered":"Utebo"},"content":{"rendered":"<p><strong><span style=\"color: #000000;\">RESUMEN<\/span><\/strong><\/p>\n<p><span style=\"color: #000000;\">Recorrido hasta Utebo por la GR-99, pasando por Juslibol y Monzalbarba. Vuelta un poco m\u00e1s liosa por varios caminos hasta el Canal Imperial, camino de \u00c9pila y camino del Pil\u00f3n.<\/span><\/p>\n<table style=\"text-align: center; height: 86px;\" border=\"0\" width=\"498\" cellspacing=\"0\" cellpadding=\"0\">\n<tbody>\n<tr>\n<td><a href=\"http:\/\/www.rulando.es\/libro\/utebo.pdf\" target=\"_blank\" rel=\"noopener\"><br \/>\n<img loading=\"lazy\" decoding=\"async\" style=\"border: 0pt;\" title=\"Libro de ruta\" src=\"http:\/\/www.rulando.es\/wp-content\/uploads\/2009\/01\/rul3druta.jpg\" alt=\"\" width=\"90\" height=\"60\" \/><\/a><\/td>\n<td><a href=\"http:\/\/www.rulando.es\/croquis\/utebo.jpg\" target=\"_blank\" rel=\"noopener\"><img loading=\"lazy\" decoding=\"async\" style=\"border: 0pt;\" title=\"Croquis de la ruta\" src=\"http:\/\/www.rulando.es\/wp-content\/uploads\/2009\/01\/rul3dmap.jpg\" alt=\"Descarga el croquis\" width=\"90\" height=\"73\" \/><\/a><\/td>\n<td><a href=\"http:\/\/www.rulando.es\/tracks\/utebo.zip\" target=\"_blank\" rel=\"noopener\"><img loading=\"lazy\" decoding=\"async\" style=\"border: 0pt;\" title=\"Fichero GPX\" src=\"http:\/\/www.rulando.es\/wp-content\/uploads\/2009\/01\/rul3dgpx1.jpg\" alt=\"\" width=\"80\" height=\"80\" \/><\/a><\/td>\n<\/tr>\n<\/tbody>\n<\/table>\n<p style=\"text-align: center;\"><strong><img loading=\"lazy\" decoding=\"async\" class=\"aligncenter size-full wp-image-944\" title=\"juslibol1\" src=\"http:\/\/www.rulando.es\/wp-content\/uploads\/2010\/05\/juslibol1.jpg\" alt=\"juslibol1\" width=\"470\" height=\"256\" srcset=\"https:\/\/www.rulando.es\/wp-content\/uploads\/2010\/05\/juslibol1.jpg 470w, https:\/\/www.rulando.es\/wp-content\/uploads\/2010\/05\/juslibol1-300x163.jpg 300w\" sizes=\"auto, (max-width: 470px) 100vw, 470px\" \/>\u00a0<\/strong><\/p>\n<p><strong>CARACTER\u00cdSTICAS PRINCIPALES<\/strong><\/p>\n<ul>\n<li>\n<div style=\"padding-left: 30px;\">Tipo: circular<\/div>\n<\/li>\n<li>\n<div style=\"padding-left: 30px;\"><span style=\"color: #000000;\">Longitud:\u00a037,70 km (*)<\/span><\/div>\n<\/li>\n<li>\n<div style=\"padding-left: 30px;\"><span style=\"color: #000000;\">Inicio: Puente de Piedra, margen izquierda<\/span><\/div>\n<\/li>\n<li>\n<div style=\"padding-left: 30px;\"><span style=\"color: #000000;\">Final: idem<\/span><\/div>\n<\/li>\n<li>\n<div style=\"padding-left: 30px;\"><span style=\"color: #000000;\">Desnivel ascendente:\u00a070 m (*)<\/span><\/div>\n<\/li>\n<li>\n<div style=\"padding-left: 30px;\"><span style=\"color: #000000;\">Desnivel descendente:\u00a0idem<\/span><\/div>\n<\/li>\n<li>\n<div style=\"padding-left: 30px;\"><span style=\"color: #000000;\">Itinerario: Zaragoza, Juslibol, Monzalbarba, Utebo, Barrio de Cantarranas, Canal Imperial, camino de \u00c9pila, camino de El Pil\u00f3n, Miralbueno, Zaragoza<\/span>.<\/div>\n<\/li>\n<li>\n<div style=\"padding-left: 30px;\">Lugares de Inter\u00e9s: galachos de Juslibol, torre mud\u00e9jar en Utebo, Canal Imperial.<\/div>\n<\/li>\n<li>\n<div style=\"padding-left: 30px;\"><span style=\"color: #000000;\">Cartograf\u00eda: Hojas 383-II (Zaragoza) y\u00a0354-IV\u00a01:25.000 del IGN.<\/span><\/div>\n<\/li>\n<\/ul>\n<blockquote>\n<p style=\"padding-left: 30px;\">(*) Datos obtenidos mediante GPS<\/p>\n<\/blockquote>\n<p><strong>\u00a0<\/strong><\/p>\n<p><strong>MAPA Y PERFIL LONGITUDINAL<\/strong><br \/>\n[map style=&#8221;width: auto; height:400px; margin:20px 0px 20px 0px; border: 1px solid black;&#8221; gpx=&#8221;http:\/\/www.rulando.es\/tracks\/utebo.gpx&#8221;]<br \/>\n&nbsp;<\/p>\n<p><strong>\u00a0<\/strong><\/p>\n<p><strong>DESCRIPCI\u00d3N<\/strong><\/p>\n<p>Salimos del puente de Piedra en su margen izquierda (balc\u00f3n de San L\u00e1zaro) y tomamos el carril bici Ebro arriba, hasta dejar atr\u00e1s la Expo y el Parque del Agua. En la rotonda despu\u00e9s de pasar bajo la autopista, tomamos un camino junto al r\u00edo, por el que se ha marcado el itinerario del GR-99. Vamos a recorrer su etapa n\u00ba 25 que finaliza en Utebo. Aunque est\u00e1 se\u00f1alizado, se echan en falta alg\u00fan cartel estrat\u00e9gico.<\/p>\n<p>Tomamos un desv\u00edo a la izquierda, a unos 700 m de la rotonda, que se dirige a Juslibol, en alto. Despu\u00e9s de unas curvas y\u00a0repechos, llegamos a la calle de Zaragoza, en Juslibol. La tomamos a la izquierda y seguimos por el itinerario m\u00e1s evidente hasta salir del pueblo. Continuamos por la pista hacia los galachos. Superamos el aparcamiento y barrera y, posteriormente, el Centro de Interpretaci\u00f3n de los galachos. Despu\u00e9s, nos internamos en los galachos. Los atravesamos siguiendo el GR-99 hasta salir del \u00e1rea protegida. Entonces giramos a la izquierda y continuamos hasta avanzar por una pista paralela al Ebro, a nuestra izquierda.<\/p>\n<p>Llegamos al puente de Alfocea. Lo cruzamos y seguimos por carretera hacia Monzalbarba. Al llegar a un STOP, giramos a la derecha y continuamos por el casco urbano de la poblaci\u00f3n, hasta atravesarla. Ya en las afueras, giramos a la derecha, hacia las pistas deportivas.\u00a0 A escasos 100 m, una nueva bifurcaci\u00f3n que tomamos a la izquierda, nos devuelve al camino de piedras (obs\u00e9rvese un elefante en las proximidades).\u00a0 Continuamos por el GR-99 hasta un paso sobre la autopista AP-68. Nos dirigimos a la iglesia, bonita torre, la rodeamos y seguimos por la calle Miguel Hern\u00e1ndez, dejando a nuestra derecha un centro c\u00edvico.<\/p>\n<p>Atravesaremos el casco antiguo de Utebo, manteniendo esta direcci\u00f3n. Cruzamos la v\u00eda del tren, perpendicular a nuestra direcci\u00f3n, por un paso inferior peatonal. Mantenemos la direcci\u00f3n y, al llegar a un cruce, seguimos m\u00e1s o menos de frente por la avenida de Zaragoza. Seguimos esta calle hasta llegar a la N-232a. Superamos esta v\u00eda por un paso elevado peatonal con rampas (ojo, es estrechito). Una vez al otro lado, continuamos de frente por un vial que deja a la derecha el centro comercial. Seguimos por este camino y pasamos bajo la autov\u00eda A-68. Continuamos por el camino principal hasta desembocar en una pista asfaltada, la tomamos a la izquierda. Enseguida, tras unas casa a la derecha, giramos a la derecha por una pista esta vez\u00a0 sin asfaltar. De nuevo, nos mantenemos por la pista principal, dejando accesos a fincas a ambos lados y tras unas curvas junto a una tapia y, dejando a la derecha una Residencia, desembocamos en una nueva pista asfaltada que tomamos a la izquierda. Poco despu\u00e9s, giramos a la derecha. En un cruce m\u00faltiple, seguimos de frente por una pista sin asfaltar. No la dejamos hasta llegar a un STOP en la carretera de B\u00e1rboles. Con mucho cuidado la cruzamos y justo en frente hay un acceso al Canal Imperial.<\/p>\n<p>Continuamos por el camino de servicio del Canal hacia la izquierda y no lo dejamos hasta el punto donde cruza con las v\u00edas de Alta Velocidad. Antes de ellas, giramos a la izquierad y continuamos paralelos al ferrocarril para acceder a un pasos superior que &#8220;supera&#8221; la l\u00ednea de tren y la autov\u00eda. Depu\u00e9s giramos a la izquierda para tomar el camino de \u00c9pila, direcci\u00f3n a Zaragoza.<\/p>\n<p>Tras un sem\u00e1foro, giramos a la derecha y tomamos el camino del Pil\u00f3n, ya en el casco urbano de Zaragoza,\u00a0hasta su final. All\u00ed es donde tomamos moment\u00e1neamente un carril bici, pues enseguida giramos a la izquierda para pasar bajo el &#8220;scalextric&#8221; junto al centro comercial. Seguimos por avenida de Navarra para cruzar posteriormente y coger de nuevo un carril bici.<\/p>\n<p>Bordeamos la estaci\u00f3n por su parte de atr\u00e1s y continuamos hacia el puente del Tercer Milenio. No llegamos a \u00e9l, pues tomamos el carril bici hacia las riberas, por la margen derecha del Ebro. Poco a poco llegaremos a nuestro punto de partida, el puente de Piedra.<\/p>\n<p><span style=\"color: #ff00ff;\">\u00a0<\/span><\/p>\n<p style=\"text-align: center;\">\n<p style=\"text-align: center;\">\n<p style=\"text-align: center;\">\n<p style=\"text-align: center;\"><strong><img loading=\"lazy\" decoding=\"async\" class=\"size-full wp-image-945  aligncenter\" title=\"juslibol2\" src=\"http:\/\/www.rulando.es\/wp-content\/uploads\/2010\/05\/juslibol2.jpg\" alt=\"juslibol2\" width=\"470\" height=\"243\" srcset=\"https:\/\/www.rulando.es\/wp-content\/uploads\/2010\/05\/juslibol2.jpg 470w, https:\/\/www.rulando.es\/wp-content\/uploads\/2010\/05\/juslibol2-300x155.jpg 300w\" sizes=\"auto, (max-width: 470px) 100vw, 470px\" \/>\u00a0<\/strong><\/p>\n<p><strong>LIBRO DE RUTA<br \/>\n<\/strong><a href=\"http:\/\/www.rulando.es\/libro\/utebo.pdf\">Descargar libro de ruta<\/a><\/p>\n<p><strong>CROQUIS\u00a0DE RUTA<br \/>\n<\/strong><a href=\"http:\/\/www.rulando.es\/croquis\/utebo.jpg\">Descargar croquis de ruta<\/a><\/p>\n<p><strong>ARCHIVO GPS<br \/>\n<\/strong><a href=\"http:\/\/www.rulando.es\/tracks\/utebo.zip\">Descargar fichero GPX<\/a><\/p>\n<blockquote><p><strong>\u00a0<\/strong><\/p>\n<p>(*) Aviso para navegantes: los km indicados en el libro de ruta, obtenidos con\u00a0el cuentakil\u00f3metros\u00a0de la bici, no coinciden con los medidos por el GPS, pues \u00e9ste no toma la ruta completa sino que une puntos reales mediante l\u00edneas rectas. As\u00ed, Libro de Ruta y Croquis han de ser considerados independientemente de los archivos del GPS.<\/p><\/blockquote>\n<blockquote><p>El cuentakil\u00f3metros de la bici se ha puesto a &#8220;cero&#8221; en el punto indicado con una estrellita al principio de la ruta (puente de Piedra).<\/p><\/blockquote>\n<p style=\"text-align: center;\"><strong>\u00a0<\/strong><\/p>\n","protected":false},"excerpt":{"rendered":"<p>RESUMEN Recorrido hasta Utebo por la GR-99, pasando por Juslibol y Monzalbarba. Vuelta un poco m\u00e1s liosa por varios caminos hasta el Canal Imperial, camino de \u00c9pila y camino del Pil\u00f3n. \u00a0 CARACTER\u00cdSTICAS PRINCIPALES Tipo: circular Longitud:\u00a037,70 km (*) Inicio: Puente de Piedra, margen izquierda Final: idem Desnivel ascendente:\u00a070 m (*) Desnivel descendente:\u00a0idem Itinerario: Zaragoza, &hellip; <a href=\"https:\/\/www.rulando.es\/?page_id=904\" class=\"more-link\">Continue reading <span class=\"screen-reader-text\">Utebo<\/span> <span class=\"meta-nav\">&rarr;<\/span><\/a><\/p>\n","protected":false},"author":2,"featured_media":0,"parent":15,"menu_order":0,"comment_status":"closed","ping_status":"open","template":"","meta":{"footnotes":""},"class_list":["post-904","page","type-page","status-publish","hentry"],"_links":{"self":[{"href":"https:\/\/www.rulando.es\/index.php?rest_route=\/wp\/v2\/pages\/904","targetHints":{"allow":["GET"]}}],"collection":[{"href":"https:\/\/www.rulando.es\/index.php?rest_route=\/wp\/v2\/pages"}],"about":[{"href":"https:\/\/www.rulando.es\/index.php?rest_route=\/wp\/v2\/types\/page"}],"author":[{"embeddable":true,"href":"https:\/\/www.rulando.es\/index.php?rest_route=\/wp\/v2\/users\/2"}],"replies":[{"embeddable":true,"href":"https:\/\/www.rulando.es\/index.php?rest_route=%2Fwp%2Fv2%2Fcomments&post=904"}],"version-history":[{"count":16,"href":"https:\/\/www.rulando.es\/index.php?rest_route=\/wp\/v2\/pages\/904\/revisions"}],"predecessor-version":[{"id":1770,"href":"https:\/\/www.rulando.es\/index.php?rest_route=\/wp\/v2\/pages\/904\/revisions\/1770"}],"up":[{"embeddable":true,"href":"https:\/\/www.rulando.es\/index.php?rest_route=\/wp\/v2\/pages\/15"}],"wp:attachment":[{"href":"https:\/\/www.rulando.es\/index.php?rest_route=%2Fwp%2Fv2%2Fmedia&parent=904"}],"curies":[{"name":"wp","href":"https:\/\/api.w.org\/{rel}","templated":true}]}}