{"id":864,"date":"2010-05-02T13:02:49","date_gmt":"2010-05-02T11:02:49","guid":{"rendered":"http:\/\/www.rulando.es\/?page_id=864"},"modified":"2023-04-17T16:42:01","modified_gmt":"2023-04-17T14:42:01","slug":"pueblos-del-este-2","status":"publish","type":"page","link":"https:\/\/www.rulando.es\/?page_id=864","title":{"rendered":"La Puebla de Alfind\u00e9n"},"content":{"rendered":"<p style=\"text-align: center;\"><strong><img loading=\"lazy\" decoding=\"async\" title=\"ermita villamayor\" src=\"http:\/\/www.rulando.es\/wp-content\/uploads\/2010\/03\/ermita-villamayor1.jpg\" alt=\"ermita villamayor\" width=\"470\" height=\"218\" \/><\/strong><\/p>\n<p><strong>CARACTER\u00cdSTICAS PRINCIPALES<\/strong><\/p>\n<ul>\n<li>\n<div style=\"padding-left: 30px;\">Tipo: circular<\/div>\n<\/li>\n<li>\n<div style=\"PADDING-LEFT: 30px\"><span style=\"color: #000000;\">Longitud:\u00a036,60 km (*)<\/span><\/div>\n<\/li>\n<li>\n<div style=\"PADDING-LEFT: 30px\"><span style=\"color: #000000;\">Inicio: Azud sobre el Ebro<\/span><\/div>\n<\/li>\n<li>\n<div style=\"PADDING-LEFT: 30px\"><span style=\"color: #000000;\">Final: idem<\/span><\/div>\n<\/li>\n<li>\n<div style=\"padding-left: 30px;\"><span style=\"color: #000000;\">Desnivel ascendente:\u00a060 m (*)<\/span><\/div>\n<\/li>\n<li>\n<div style=\"padding-left: 30px;\"><span style=\"color: #000000;\">Desnivel descendente:\u00a060 m (*)<\/span><\/div>\n<\/li>\n<li>\n<div style=\"padding-left: 30px;\"><span style=\"color: #000000;\">Itinerario: Zaragoza, Monta\u00f1ana,Villamayor<\/span>, La Puebla de Alfin\u00e9n, Pastriz y Zaragoza.<\/div>\n<\/li>\n<li>\n<div style=\"padding-left: 30px;\">Lugares de Inter\u00e9s: riberas del G\u00e1llego, arte mud\u00e9jar, pasarela del Bicentenario.<\/div>\n<\/li>\n<li>\n<div style=\"padding-left: 30px;\">Cartograf\u00eda: Hojas 383-II (Zaragoza), 354-IV, 384-I (La Puebla de Alfind\u00e9n)\u00a0y 355-III (Villamayor)\u00a01:25.000 del IGN.<\/div>\n<\/li>\n<\/ul>\n<blockquote>\n<p style=\"padding-left: 30px;\">(*) Datos obtenidos mediante GPS<\/p>\n<\/blockquote>\n<p><strong>\u00a0<\/strong><\/p>\n<p><strong>MAPA Y PERFIL LONGITUDINAL<\/strong><br \/>\n[map style=&#8221;width: auto; height:400px; margin:20px 0px 20px 0px; border: 1px solid black;&#8221; gpx=&#8221;http:\/\/www.rulando.es\/tracks\/zgzeste.gpx&#8221;]<\/p>\n<p><strong>\u00a0<\/strong><\/p>\n<p><strong>DESCRIPCI\u00d3N<\/strong><\/p>\n<p>Partimos del azud sobre el Ebro en la margen izquierda del mismo. Continuamos por el carril bici y giramos hacia la derecha, tambi\u00e9n por carril bici,\u00a0hacia la desembocadura del G\u00e1llego. Tomamos el camino que remonta el G\u00e1llego por esta margen hasta la pasarela de madera de Santa Isabel. Aqu\u00ed cruzamos a la otra\u00a0orilla y continuamos r\u00edo arriba. Despu\u00e9s de pasar bajo los puentes de hierro (N &#8211; II a o avenida de Catalu\u00f1a),\u00a0seguimos por una pista pedregosa muy cercana al cauce. Llegamos a\u00a0un\u00a0enlace carretero\u00a0(nuevo acceso norte)\u00a0pero mantenemos nuestra direcci\u00f3n y continuamos por camino en la misma direcci\u00f3n.\u00a0 Enseguida volvemos a la pista, en un tramo bastante concurrido (ojo al tr\u00e1fico de coches).<\/p>\n<p>Una rampa nos conduce bajo el ferrocarril, inmediatamente giramos a la derecha y\u00a0mantenemos esta direcci\u00f3n por un camino asfaltado. En una bifurcaci\u00f3n tomamos el camino de la derecha, hacia la industria papelera. Desembocamos en la carretera A-123 y, tras hacer el obligado STOP, la tomamos hacia la izquierda (ojo, carretera sin arc\u00e9n y con tr\u00e1fico alto). Seguimos por ella unos 500 m, hasta tomar un desv\u00edo a la derecha hacia unas instalaciones deportivas (ver indicaci\u00f3n). Por esta carreterita asfaltada, llegamos a una bifurcaci\u00f3n y tomamos a la derecha el camino de Ronda. Despu\u00e9s de algunas curvas giramos 90\u00ba a la izquierda y tomamos el camino de Villamayor (as\u00ed est\u00e1 rotulado).<\/p>\n<p>Continuamos por camino asfaltado, aunque por poco tiempo. El asfalto desaparece y seguimos por\u00a0un camino amplio de tierra, dejando accesos y bifurcaciones a ambos lados. Cerca de unas naves alcanzamos una carretera asfaltada en plena curva. La tomamos a la derecha y seguimos hacia Villamayor. Poco despu\u00e9s, en una peque\u00f1a glorieta, tomamos la primera salida y continuamos por una calle que bordea el pueblo (calle de La Balsa). La calle termina en un STOP en la carretera A &#8211; 129. Giramos hacia la izquierda y enseguida giramos a la derecha para tomar el &#8220;Camino de Zaragoza&#8221; y dejar la carretera. Despu\u00e9s giramos a la derecha y tomamos el camino de La Puebla, nuestro pr\u00f3ximo destino.<\/p>\n<p>Seguimos por esta calle y, llegados a una bifurcaci\u00f3n, tomamos la que sube a la izquierda. Continuamos por este camino asfaltado hasta llegar pr\u00e1cticamente a la Puebla de Alfind\u00e9n.<\/p>\n<p>Muy cerca de La Puebla, llegamos a una glorieta. Salimos por el vial que sube al paso sobre la autov\u00eda A &#8211; 2, la cruzamos y llegamos a una nueva glorieta con un dep\u00f3sito en su centro. Tomamos la tercera salida. Llegamos a una plaza &#8211; rotonda. La rodeamos y salimos por el extremo opuesto a por el que hemos entrado. Continuamos por una calle en pendiente hasta la Calle de los Dep\u00f3sitos, donde la pendiente se modera. Dejamos los dep\u00f3sitos a la derecha y llegamos a un STOP en la carretera N-IIa. Cruzamos y seguimos de frente por un nuevo vial (ahora en construcci\u00f3n). LLegamos a una glorieta y continuamos por el vial. Poco despu\u00e9s giramos a la derecha y tomamos el camino asfaltado hacia Pastriz.<\/p>\n<p>Ya en Pastriz seguimos por la calle que nos ha recibido hasta un STOP. Aqu\u00ed giramos a la izquierda por la avenida de Palafox. Seguimos hasta las \u00faltimas casas del pueblo y acto seguido giramos a la izquierda por un caminito que nos devuelve al &#8220;Camino Natural de La Alfranca&#8221;. Hacia la izquierda ir\u00edamos a La Alfranca y hacia la derecha, de vuelta a Zaragoza por un camino ancho y se\u00f1alizado.<\/p>\n<p style=\"text-align: center;\"><strong>\u00a0\u00a0<img loading=\"lazy\" decoding=\"async\" title=\"muroehigueras\" src=\"http:\/\/www.rulando.es\/wp-content\/uploads\/2010\/03\/muroehigueras3.jpg\" alt=\"muroehigueras\" width=\"470\" height=\"243\" \/><\/strong><\/p>\n<p style=\"text-align: center;\"><a href=\"http:\/\/www.rulando.es\/wp-content\/uploads\/2009\/04\/pinourdan.jpg\"><\/a><\/p>\n<p style=\"text-align: center;\"><a href=\"http:\/\/www.rulando.es\/wp-content\/uploads\/2008\/11\/foto_41.jpg\"><\/a><\/p>\n<p style=\"text-align: center;\"><a href=\"http:\/\/www.rulando.es\/wp-content\/uploads\/2009\/10\/panizo.jpg\"><\/a><\/p>\n<p><strong>\u00a0LIBRO DE RUTA<br \/>\n<\/strong><a href=\"http:\/\/www.rulando.es\/libro\/zgzeste.pdf\">Descargar libro de ruta<\/a><\/p>\n<p><strong>CROQUIS\u00a0DE RUTA<br \/>\n<\/strong><a href=\"http:\/\/www.rulando.es\/croquis\/zgzeste.jpg\">Descargar croquis de ruta<\/a><\/p>\n<p><strong>ARCHIVO GPS<br \/>\n<\/strong><a href=\"http:\/\/www.rulando.es\/tracks\/zgzeste.zip\">Descargar fichero GPX<\/a><\/p>\n<blockquote><p><strong>\u00a0<\/strong><\/p>\n<p>(*) Aviso para navegantes: los km indicados en el libro de ruta, obtenidos con\u00a0el cuentakil\u00f3metros\u00a0de la bici, no coinciden con los medidos por el GPS, pues \u00e9ste no toma la ruta completa sino que une puntos reales mediante l\u00edneas rectas. As\u00ed, Libro de Ruta y Croquis han de ser considerados independientemente de los archivos del GPS.<\/p><\/blockquote>\n<blockquote><p>El cuentakil\u00f3metros de la bici se ha puesto a &#8220;cero&#8221; en el punto indicado con una estrellita al principio de la ruta (azud sobre el Ebro).<\/p><\/blockquote>\n<p style=\"text-align: center;\"><a href=\"http:\/\/www.rulando.es\/wp-content\/uploads\/2009\/01\/foto3.jpg\"><\/a><a href=\"http:\/\/www.rulando.es\/wp-content\/uploads\/2009\/01\/foto3.jpg\"><\/a><a href=\"http:\/\/www.rulando.es\/wp-content\/uploads\/2009\/04\/taludflores.jpg\"><\/a><a href=\"http:\/\/www.rulando.es\/wp-content\/uploads\/2009\/10\/torreguallar.jpg\"><\/a><strong><img loading=\"lazy\" decoding=\"async\" title=\"montes_lapuebla\" src=\"http:\/\/www.rulando.es\/wp-content\/uploads\/2010\/03\/montes_lapuebla1.jpg\" alt=\"montes_lapuebla\" width=\"470\" height=\"251\" \/><\/strong><a href=\"http:\/\/www.rulando.es\/wp-content\/uploads\/2008\/11\/foto_31.jpg\"><\/a><\/p>\n","protected":false},"excerpt":{"rendered":"<p>CARACTER\u00cdSTICAS PRINCIPALES Tipo: circular Longitud:\u00a036,60 km (*) Inicio: Azud sobre el Ebro Final: idem Desnivel ascendente:\u00a060 m (*) Desnivel descendente:\u00a060 m (*) Itinerario: Zaragoza, Monta\u00f1ana,Villamayor, La Puebla de Alfin\u00e9n, Pastriz y Zaragoza. Lugares de Inter\u00e9s: riberas del G\u00e1llego, arte mud\u00e9jar, pasarela del Bicentenario. Cartograf\u00eda: Hojas 383-II (Zaragoza), 354-IV, 384-I (La Puebla de Alfind\u00e9n)\u00a0y 355-III (Villamayor)\u00a01:25.000 &hellip; <a href=\"https:\/\/www.rulando.es\/?page_id=864\" class=\"more-link\">Continue reading <span class=\"screen-reader-text\">La Puebla de Alfind\u00e9n<\/span> <span class=\"meta-nav\">&rarr;<\/span><\/a><\/p>\n","protected":false},"author":5,"featured_media":0,"parent":15,"menu_order":0,"comment_status":"closed","ping_status":"open","template":"","meta":{"footnotes":""},"class_list":["post-864","page","type-page","status-publish","hentry"],"_links":{"self":[{"href":"https:\/\/www.rulando.es\/index.php?rest_route=\/wp\/v2\/pages\/864","targetHints":{"allow":["GET"]}}],"collection":[{"href":"https:\/\/www.rulando.es\/index.php?rest_route=\/wp\/v2\/pages"}],"about":[{"href":"https:\/\/www.rulando.es\/index.php?rest_route=\/wp\/v2\/types\/page"}],"author":[{"embeddable":true,"href":"https:\/\/www.rulando.es\/index.php?rest_route=\/wp\/v2\/users\/5"}],"replies":[{"embeddable":true,"href":"https:\/\/www.rulando.es\/index.php?rest_route=%2Fwp%2Fv2%2Fcomments&post=864"}],"version-history":[{"count":21,"href":"https:\/\/www.rulando.es\/index.php?rest_route=\/wp\/v2\/pages\/864\/revisions"}],"predecessor-version":[{"id":1658,"href":"https:\/\/www.rulando.es\/index.php?rest_route=\/wp\/v2\/pages\/864\/revisions\/1658"}],"up":[{"embeddable":true,"href":"https:\/\/www.rulando.es\/index.php?rest_route=\/wp\/v2\/pages\/15"}],"wp:attachment":[{"href":"https:\/\/www.rulando.es\/index.php?rest_route=%2Fwp%2Fv2%2Fmedia&parent=864"}],"curies":[{"name":"wp","href":"https:\/\/api.w.org\/{rel}","templated":true}]}}