{"id":754,"date":"2010-04-08T18:59:32","date_gmt":"2010-04-08T16:59:32","guid":{"rendered":"http:\/\/www.rulando.es\/?page_id=754"},"modified":"2023-04-17T16:42:17","modified_gmt":"2023-04-17T14:42:17","slug":"vuelta-a-la-zaragoza-norte","status":"publish","type":"page","link":"https:\/\/www.rulando.es\/?page_id=754","title":{"rendered":"Vuelta a la Zaragoza Norte"},"content":{"rendered":"<p><strong><span style=\"color: #ff00ff;\">\u00a0<\/span><\/strong><\/p>\n<p><strong><span style=\"color: #000000;\">RESUMEN<\/span><\/strong><\/p>\n<p>Itinerario que circunda\u00a0el \u00e1rea\u00a0norte de Zaragoza, procurando utilizar en su mayor parte los carriles bici existentes. En la Avenida Alcalde Caballero es necesario usar la calzada, muy transitada en d\u00edas laborables al tratarse de un pol\u00edgono industrial.<\/p>\n<table style=\"text-align: center; height: 86px;\" border=\"0\" cellspacing=\"0\" cellpadding=\"0\" width=\"498\">\n<tbody>\n<tr>\n<td>\u00a0<\/td>\n<td><a href=\"http:\/\/www.rulando.es\/croquis\/zgznorte.jpg\" target=\"_blank\" rel=\"noopener\"><img loading=\"lazy\" decoding=\"async\" style=\"border: 0pt;\" title=\"Croquis de la ruta\" src=\"http:\/\/www.rulando.es\/wp-content\/uploads\/2009\/01\/rul3dmap.jpg\" alt=\"Descarga el croquis\" width=\"90\" height=\"73\" \/><\/a><\/td>\n<td><a href=\"http:\/\/www.rulando.es\/tracks\/zgznorte.zip\" target=\"_blank\" rel=\"noopener\"><img loading=\"lazy\" decoding=\"async\" style=\"border: 0pt;\" title=\"Fichero GPX\" src=\"http:\/\/www.rulando.es\/wp-content\/uploads\/2009\/01\/rul3dgpx1.jpg\" alt=\"\" width=\"80\" height=\"80\" \/><\/a><\/td>\n<\/tr>\n<tr>\n<td>\u00a0<\/td>\n<td>\u00a0<\/td>\n<td>\u00a0<\/td>\n<\/tr>\n<\/tbody>\n<\/table>\n<p style=\"text-align: center;\"><a href=\"http:\/\/www.rulando.es\/wp-content\/uploads\/2009\/01\/foto12.jpg\"><\/a><\/p>\n<p style=\"text-align: center;\"><a href=\"http:\/\/www.rulando.es\/wp-content\/uploads\/2009\/02\/foto11.jpg\"><\/a><a href=\"http:\/\/www.rulando.es\/wp-content\/uploads\/2009\/02\/foto1.jpg\"><\/a><\/p>\n<p style=\"text-align: center;\"><img loading=\"lazy\" decoding=\"async\" class=\"aligncenter size-full wp-image-846\" title=\"lasmajasdegoya\" src=\"http:\/\/www.rulando.es\/wp-content\/uploads\/2010\/04\/lasmajasdegoya1.jpg\" alt=\"lasmajasdegoya\" width=\"470\" height=\"217\" srcset=\"https:\/\/www.rulando.es\/wp-content\/uploads\/2010\/04\/lasmajasdegoya1.jpg 470w, https:\/\/www.rulando.es\/wp-content\/uploads\/2010\/04\/lasmajasdegoya1-300x138.jpg 300w\" sizes=\"auto, (max-width: 470px) 100vw, 470px\" \/>\u00a0<\/p>\n<p><strong>CARACTER\u00cdSTICAS PRINCIPALES<\/strong><\/p>\n<ul>\n<li>\n<div style=\"PADDING-LEFT: 30px\"><span style=\"color: #000000;\">Tipo: ruta circular<\/span><\/div>\n<\/li>\n<li>\n<div style=\"PADDING-LEFT: 30px\"><span style=\"color: #000000;\">Longitud:\u00a013,95 km (*)<\/span><\/div>\n<\/li>\n<li>\n<div style=\"PADDING-LEFT: 30px\"><span style=\"color: #000000;\">Inicio: Azud del Ebro<\/span><\/div>\n<\/li>\n<li>\n<div style=\"PADDING-LEFT: 30px\"><span style=\"color: #000000;\">Final: idem<\/span><\/div>\n<\/li>\n<li>\n<div style=\"PADDING-LEFT: 30px\"><span style=\"color: #000000;\">Desnivel acumulado:\u00a040 m\u00a0(*)<\/span><\/div>\n<\/li>\n<li>\n<div style=\"PADDING-LEFT: 30px\"><span style=\"color: #000000;\">Itinerario: Azud de Vadorrey, ronda de la Hispanidad, Avda. Alcalde Caballero, Parque Goya I, Parque Goya II,\u00a0parque del Agua, recinto\u00a0Expo, Helios,\u00a0Macanaz y\u00a0San L\u00e1zaro.<\/span><\/div>\n<\/li>\n<li>\n<div style=\"PADDING-LEFT: 30px\"><span style=\"color: #000000;\">Lugares de Inter\u00e9s: riberas del Ebro, entorno de Juslibol, parque del Agua y recinto Expo.<\/span><\/div>\n<\/li>\n<li>\n<div style=\"PADDING-LEFT: 30px\"><span style=\"color: #000000;\">Cartograf\u00eda: 383-II (Zaragoza), 384-I (La Puebla de Alfind\u00e9n) y\u00a0354-IV (Utebo) del 1:25.000 del IGN<br \/>\nVer tambi\u00e9n plano de carriles bici del Ayuntamiento de\u00a0Zaragoza\u00a0en Enlaces.<\/span><\/div>\n<\/li>\n<\/ul>\n<blockquote>\n<p style=\"PADDING-LEFT: 30px\"><span style=\"color: #000000;\">(*) Datos obtenidos mediante GPS<\/span><\/p>\n<\/blockquote>\n<blockquote><p>\u00a0<\/p><\/blockquote>\n<p><strong>MAPA Y PERFIL LONGITUDINAL<\/strong><\/p>\n<p>[map style=&#8221;width: auto; height:400px; margin:20px 0px 20px 0px; border: 1px solid black;&#8221; gpx=&#8221;http:\/\/www.rulando.es\/tracks\/zgznorte.gpx&#8221;]<br \/>\n<strong>DESCRIPCI\u00d3N<\/strong><\/p>\n<p>Iniciamos el recorrido en el azud del Ebro, en la margen izquierda. Nos dirigimos hacia el puente de la Uni\u00f3n o puente de las Fuentes por carril bici, una vez arriba, tomamos el tercer cintur\u00f3n hacia la derecha y seguimos el carri bici hasta dejar atr\u00e1s la avenida de Catalu\u00f1a. En la siguiente rotonda, tomamos el carril bici a la izquierda y cruzamos la calzada, dejando la Ronda Hispanidad. Poco despu\u00e9s el carril bici termina \u00a1!! Seguimos por la avenida Alcalde Caballero hasta un nueva rotonda en la confluencia con la avenida San Juan de la Pe\u00f1a.<\/p>\n<p>Aqu\u00ed debemos continuar por la avenida de la Academia General Militar pero por la acera opuesta al Mercadona. As\u00ed, al llegar a la autov\u00eda, giramos a la izquierda para cruzar por un paso inferior de un camino. A trav\u00e9s de este llegamos a un descampado y continuamos direcci\u00f3n Norte hasta la primera calle (calle del Coloso). Aqu\u00ed retomamos el carril bici a la izquierda y bordeamos \u201cParque Goya I\u201d hasta de nuevo la avenida de la Academia General Militar. En este punto, nos quedamos de nuevo sin carril bici, as\u00ed que tomamos la Avenida de las Majas de Goya, bien por el boulevard (poco transitado) o por la calzada, para cruzar bajo la autov\u00eda. Atravesamos \u201cParque Goya II\u201d y en la segunda rotonda, podemos retomar el carril bici, manteniendo la direcci\u00f3n.<\/p>\n<p>El carril bici se interrumpe de nuevo al llegar a una nueva rotonda, continuamos hasta la siguiente, muy pr\u00f3xima, para retomarlo pero por la otra acer (carril bici con carriles separados). Desde este punto continuamos siempre por el carril bici exterior y nos acercamos al entorno de la Expo, seguimos por las riberas (Macanaz, San L\u00e1zaro,&#8230;) hasta volver al azud sobre el Ebro.\u00a0\u00a0<\/p>\n<p style=\"text-align: center;\"><a href=\"http:\/\/www.rulando.es\/wp-content\/uploads\/2009\/02\/foto2.jpg\"><\/a><\/p>\n<p style=\"text-align: center;\"><a href=\"http:\/\/www.rulando.es\/wp-content\/uploads\/2009\/01\/foto21.jpg\"><\/a><\/p>\n<p style=\"text-align: center;\"><a href=\"http:\/\/www.rulando.es\/wp-content\/uploads\/2008\/11\/foto_41.jpg\"><\/a><\/p>\n<p style=\"text-align: center;\"><strong>\u00a0<img loading=\"lazy\" decoding=\"async\" class=\"aligncenter size-full wp-image-847\" title=\"joteros\" src=\"http:\/\/www.rulando.es\/wp-content\/uploads\/2010\/04\/joteros2.jpg\" alt=\"joteros\" width=\"470\" height=\"239\" srcset=\"https:\/\/www.rulando.es\/wp-content\/uploads\/2010\/04\/joteros2.jpg 470w, https:\/\/www.rulando.es\/wp-content\/uploads\/2010\/04\/joteros2-300x152.jpg 300w\" sizes=\"auto, (max-width: 470px) 100vw, 470px\" \/><\/strong><\/p>\n<p><strong>CROQUIS\u00a0DE RUTA<br \/>\n<\/strong><a href=\"http:\/\/www.rulando.es\/croquis\/zgznorte.jpg\">Descargar croquis de ruta<\/a><\/p>\n<p><strong>ARCHIVO GPS<br \/>\n<\/strong><a href=\"http:\/\/www.rulando.es\/tracks\/zgznorte.zip\">Descargar fichero GPX<\/a><\/p>\n<p><strong>LINKS<\/strong><br \/>\n<a href=\"http:\/\/www.zaragoza.es\/\">http:\/\/www.zaragoza.es<\/a><\/p>\n<p><strong>(*) Nota:<\/strong> la pr\u00e1ctica totalidad del recorrido puede hacerse sobre carril bici, salvo en la conexi\u00f3n entre\u00a0Ronda Hispanidad y\u00a0la avenida San Juan de la Pe\u00f1a, obligados a ir por la calzada<\/p>\n<p style=\"text-align: center;\"><img loading=\"lazy\" decoding=\"async\" class=\"aligncenter size-full wp-image-848\" title=\"familiaenbici\" src=\"http:\/\/www.rulando.es\/wp-content\/uploads\/2010\/04\/familiaenbici1.jpg\" alt=\"familiaenbici\" width=\"470\" height=\"204\" srcset=\"https:\/\/www.rulando.es\/wp-content\/uploads\/2010\/04\/familiaenbici1.jpg 470w, https:\/\/www.rulando.es\/wp-content\/uploads\/2010\/04\/familiaenbici1-300x130.jpg 300w\" sizes=\"auto, (max-width: 470px) 100vw, 470px\" \/><\/p>\n","protected":false},"excerpt":{"rendered":"<p>\u00a0 RESUMEN Itinerario que circunda\u00a0el \u00e1rea\u00a0norte de Zaragoza, procurando utilizar en su mayor parte los carriles bici existentes. En la Avenida Alcalde Caballero es necesario usar la calzada, muy transitada en d\u00edas laborables al tratarse de un pol\u00edgono industrial. \u00a0 \u00a0 \u00a0 \u00a0 \u00a0 CARACTER\u00cdSTICAS PRINCIPALES Tipo: ruta circular Longitud:\u00a013,95 km (*) Inicio: Azud del &hellip; <a href=\"https:\/\/www.rulando.es\/?page_id=754\" class=\"more-link\">Continue reading <span class=\"screen-reader-text\">Vuelta a la Zaragoza Norte<\/span> <span class=\"meta-nav\">&rarr;<\/span><\/a><\/p>\n","protected":false},"author":2,"featured_media":0,"parent":7,"menu_order":0,"comment_status":"closed","ping_status":"open","template":"","meta":{"footnotes":""},"class_list":["post-754","page","type-page","status-publish","hentry"],"_links":{"self":[{"href":"https:\/\/www.rulando.es\/index.php?rest_route=\/wp\/v2\/pages\/754","targetHints":{"allow":["GET"]}}],"collection":[{"href":"https:\/\/www.rulando.es\/index.php?rest_route=\/wp\/v2\/pages"}],"about":[{"href":"https:\/\/www.rulando.es\/index.php?rest_route=\/wp\/v2\/types\/page"}],"author":[{"embeddable":true,"href":"https:\/\/www.rulando.es\/index.php?rest_route=\/wp\/v2\/users\/2"}],"replies":[{"embeddable":true,"href":"https:\/\/www.rulando.es\/index.php?rest_route=%2Fwp%2Fv2%2Fcomments&post=754"}],"version-history":[{"count":18,"href":"https:\/\/www.rulando.es\/index.php?rest_route=\/wp\/v2\/pages\/754\/revisions"}],"predecessor-version":[{"id":1775,"href":"https:\/\/www.rulando.es\/index.php?rest_route=\/wp\/v2\/pages\/754\/revisions\/1775"}],"up":[{"embeddable":true,"href":"https:\/\/www.rulando.es\/index.php?rest_route=\/wp\/v2\/pages\/7"}],"wp:attachment":[{"href":"https:\/\/www.rulando.es\/index.php?rest_route=%2Fwp%2Fv2%2Fmedia&parent=754"}],"curies":[{"name":"wp","href":"https:\/\/api.w.org\/{rel}","templated":true}]}}