{"id":665,"date":"2010-06-05T10:26:57","date_gmt":"2010-06-05T08:26:57","guid":{"rendered":"http:\/\/www.rulando.es\/?page_id=665"},"modified":"2023-04-17T16:42:01","modified_gmt":"2023-04-17T14:42:01","slug":"la-cartuja-de-aula-dei","status":"publish","type":"page","link":"https:\/\/www.rulando.es\/?page_id=665","title":{"rendered":"La Cartuja de Aula Dei"},"content":{"rendered":"<p><strong><span style=\"color: #000000;\">RESUMEN<\/span><\/strong><\/p>\n<p><span style=\"color: #000000;\">Recorrido remontando el r\u00edo G\u00e1llego que comparte su primer tramo &#8211; hasta Monta\u00f1ana &#8211; con el itinerario hasta el azud de Urd\u00e1n. En Monta\u00f1ana nos separamos del cauce del r\u00edo para llegar hasta la Cartuja de Aula Dei, situada junto al azud de Urd\u00e1n, en la margen izquierda del G\u00e1llego.<br \/>\n<\/span><\/p>\n<table style=\"text-align: center; height: 86px; width: 498px;\" border=\"0\" cellspacing=\"0\" cellpadding=\"0\">\n<tbody>\n<tr>\n<td><a href=\"http:\/\/www.rulando.es\/libro\/auladei.pdf\" target=\"_blank\" rel=\"noopener\"><img loading=\"lazy\" decoding=\"async\" class=\"alignnone size-medium wp-image-455\" style=\"border: 0pt none;\" title=\"Libro de ruta\" src=\"http:\/\/www.rulando.es\/wp-content\/uploads\/2009\/01\/rul3druta.jpg\" alt=\"\" width=\"90\" height=\"60\" \/><br \/>\n<\/a><\/td>\n<td><a href=\"http:\/\/www.rulando.es\/croquis\/auladei.jpg\" target=\"_blank\" rel=\"noopener\"><img loading=\"lazy\" decoding=\"async\" class=\"alignnone size-medium wp-image-455\" style=\"border: 0pt none;\" title=\"Croquis de la ruta\" src=\"http:\/\/www.rulando.es\/wp-content\/uploads\/2009\/01\/rul3dmap.jpg\" alt=\"Descarga el croquis\" width=\"90\" height=\"73\" \/><br \/>\n<\/a><\/td>\n<td><a href=\"http:\/\/www.rulando.es\/tracks\/auladei.zip\" target=\"_blank\" rel=\"noopener\"><img loading=\"lazy\" decoding=\"async\" class=\"size-medium wp-image-457 alignnone\" style=\"border: 0pt none;\" title=\"Fichero GPX\" src=\"http:\/\/www.rulando.es\/wp-content\/uploads\/2009\/01\/rul3dgpx1.jpg\" alt=\"\" width=\"80\" height=\"80\" \/><br \/>\n<\/a><\/td>\n<\/tr>\n<\/tbody>\n<\/table>\n<p style=\"text-align: center;\"><a href=\"http:\/\/www.rulando.es\/wp-content\/uploads\/2009\/04\/azudurdan.jpg\"><img loading=\"lazy\" decoding=\"async\" class=\"size-full wp-image-940  aligncenter\" title=\"cartuja\" src=\"http:\/\/www.rulando.es\/wp-content\/uploads\/2010\/06\/cartuja.jpg\" alt=\"cartuja\" width=\"470\" height=\"315\" srcset=\"https:\/\/www.rulando.es\/wp-content\/uploads\/2010\/06\/cartuja.jpg 470w, https:\/\/www.rulando.es\/wp-content\/uploads\/2010\/06\/cartuja-300x201.jpg 300w\" sizes=\"auto, (max-width: 470px) 100vw, 470px\" \/><\/a><\/p>\n<p><strong>CARACTER\u00cdSTICAS PRINCIPALES<\/strong><\/p>\n<ul>\n<li>\n<div style=\"padding-left: 30px;\">Tipo: ruta lineal (<span style=\"text-decoration: underline;\"><span style=\"color: #000000;\"><strong>S\u00d3LO IDA<\/strong><\/span><\/span>)<\/div>\n<\/li>\n<li>\n<div style=\"padding-left: 30px;\">Longitud:\u00a012,4 km (*)<\/div>\n<\/li>\n<li>\n<div style=\"padding-left: 30px;\">Inicio: Azud sobre el Ebro<\/div>\n<\/li>\n<li>\n<div style=\"padding-left: 30px;\">Final: Cartuja de Aula Dei (Pe\u00f1aflor)<\/div>\n<\/li>\n<li>\n<div style=\"padding-left: 30px;\">Desnivel ascendente:\u00a040 m (*)<\/div>\n<\/li>\n<li>\n<div style=\"padding-left: 30px;\">Desnivel descendente:\u00a00 m<\/div>\n<\/li>\n<\/ul>\n<ul>\n<li>\n<div style=\"padding-left: 30px;\">Itinerario: Zaragoza, Monta\u00f1ana, Barrio de las Flores, Cartuja de Aula Dei<\/div>\n<\/li>\n<li>\n<div style=\"padding-left: 30px;\">Lugares de Inter\u00e9s: riberas del G\u00e1llego, Cartuja de Aula Dei<\/div>\n<\/li>\n<li>\n<div style=\"padding-left: 30px;\">Cartograf\u00eda: Hojas 383-II (Zaragoza), 384-I (La Puebla de Alfind\u00e9n) y 355-III (Villamayor) 1:25.000 del IGN. Ver gu\u00eda &#8220;Peque\u00f1os recorridos de Goya. Edit. Prames. ISBN: 84-87601-98-7 (PR Z -22)<\/div>\n<\/li>\n<\/ul>\n<blockquote>\n<p style=\"padding-left: 30px;\">(*) Datos obtenidos mediante GPS<\/p>\n<\/blockquote>\n<p><strong>MAPA Y PERFIL LONGITUDINAL<\/strong><br \/>\n[map style=&#8221;width: auto; height:400px; margin:20px 0px 20px 0px; border: 1px solid black;&#8221; gpx=&#8221;http:\/\/www.rulando.es\/tracks\/auladei.gpx&#8221;]<br \/>\n&nbsp;<\/p>\n<p><strong>DESCRIPCI\u00d3N<\/strong><\/p>\n<p>Partimos del azud sobre el Ebro en la margen izquierda del mismo. Continuamos por el carril bici y giramos hacia la derecha, tambi\u00e9n por carril bici, hacia la desembocadura del G\u00e1llego. Tomamos el camino que remonta el G\u00e1llego por esta margen hasta la pasarela de madera de Santa Isabel. Aqu\u00ed cruzamos a la otra orilla y continuamos r\u00edo arriba. Despu\u00e9s de pasar bajo los puentes de hierro (N &#8211; II a o avenida de Catalu\u00f1a), seguimos por una pista pedregosa muy cercana al cauce. Llegamos a un enlace carretero (nuevo acceso norte) pero mantenemos nuestra direcci\u00f3n y continuamos por camino en la misma direcci\u00f3n. Enseguida volvemos a la pista, en un tramo bastante concurrido (ojo al tr\u00e1fico de coches). Una rampa nos permite pasar bajo el ferrocarril y, tras tomar una curva y rampa a la derecha,\u00a0dejamos un descampado a la izquierda y\u00a0seguimos por pista asfaltada hasta la puerta de acceso a &#8220;La Monta\u00f1anesa&#8221;.<\/p>\n<p>En este punto tomamos a la izquierda una pista\u00a0junto a la acequia de Urd\u00e1n (camino de La Urdana). Seguimos junto a ella, dejando tres puentes que cruzan la acequia. En el cuarto cruzamos y tomamos el camino asfaltado paralelo a la acequia. Inmediatamente despu\u00e9s dejamos unas casas a la derecha y se termina el asfalto. Continuamos por este camino hasta la proximidad de unas granjas. Junto a estas, tomamos la curva y camino de la derecha y las luego a la izquierda. de nuevo, retomamos la direcci\u00f3n pr\u00e1cticamente norte y no la dejamos hasta dar con un vallado que nos lo impide. Es el vallado de la &#8220;Estaci\u00f3n Experimental de Aula Dei&#8221;. Cuando lo alcanzamos, no nos queda otra que girar a la derecha para llegar a la carretera A &#8211; 123 y tomarla hacia la izquierda (buen arc\u00e9n aunque muchos coches con prisa). Seguimos por ella, pasamos de largo la intersecci\u00f3n a los centros de investigaci\u00f3n, y dos kil\u00f3metros despu\u00e9s llegamos a la carretera de acceso a la Cartuja de Aula Dei, a nuestra izquierda. La Cartuja se puede visitar, seg\u00fan explica la web del ayuntamiento de Zaragoza, unos d\u00edas concretos al a\u00f1o previa solicitud.<\/p>\n<p style=\"text-align: center;\"><img loading=\"lazy\" decoding=\"async\" class=\"size-full wp-image-941  aligncenter\" title=\"monta\u00f1anesa\" src=\"http:\/\/www.rulando.es\/wp-content\/uploads\/2010\/06\/monta\u00f1anesa.jpg\" alt=\"monta\u00f1anesa\" width=\"470\" height=\"258\" srcset=\"https:\/\/www.rulando.es\/wp-content\/uploads\/2010\/06\/monta\u00f1anesa.jpg 470w, https:\/\/www.rulando.es\/wp-content\/uploads\/2010\/06\/monta\u00f1anesa-300x164.jpg 300w\" sizes=\"auto, (max-width: 470px) 100vw, 470px\" \/><\/p>\n<p style=\"text-align: center;\">\n<p style=\"text-align: center;\">\n<div><strong>LIBRO DE RUTA<\/strong><\/div>\n<div><strong><a href=\"http:\/\/www.rulando.es\/libro\/auladei.pdf\">Descargar libro de ruta<\/a><\/strong><\/div>\n<div><\/div>\n<div><strong>CROQUIS DE RUTA<\/strong><\/div>\n<div><strong><a href=\"http:\/\/www.rulando.es\/croquis\/auladei.jpg\">Descargar croquis de ruta<\/a><\/strong><\/div>\n<div><\/div>\n<div><strong>ARCHIVO GPS<\/strong><\/div>\n<div><strong><a href=\"http:\/\/www.rulando.es\/tracks\/auladei.zip\">Descargar fichero GPX<\/a><\/strong><\/div>\n<div><\/div>\n<div><strong> <strong>LINKS<\/strong><br \/>\n<a href=\"http:\/\/www.auladei.es\/\">http:\/\/www.auladei.es\/<\/a><\/strong><\/div>\n<div><strong><a href=\"http:\/\/www.zaragoza.es\/ciudad\/turismo\/es\/visitar\/detalle_Monumento?id=118&amp;op=t\">http:\/\/www.zaragoza.es\/ciudad\/turismo\/es\/visitar\/detalle_Monumento?id=118&amp;op=t<\/a><br \/>\n<a href=\"http:\/\/goya.unizar.es\/InfoGoya\/Aragon\/Em_AulaDei.html\">http:\/\/goya.unizar.es\/InfoGoya\/Aragon\/Em_AulaDei.html<\/a><\/strong><\/div>\n<blockquote><p><strong>(*) Aviso para navegantes:<\/strong> los km indicados en el libro de ruta, obtenidos con el cuentakil\u00f3metros de la bici, no coinciden con los medidos por el GPS, pues \u00e9ste no toma la ruta completa sino que une puntos reales mediante l\u00edneas rectas. As\u00ed, Libro de Ruta y Croquis han de ser considerados independientemente de los archivos del GPS.<\/p><\/blockquote>\n<blockquote><p>El cuentakil\u00f3metros de la bici se ha puesto a &#8220;cero&#8221; en el punto indicado con una estrellita al principio de la ruta.<\/p><\/blockquote>\n<p style=\"text-align: center;\">\n<div style=\"text-align: center;\"><strong><img loading=\"lazy\" decoding=\"async\" class=\"aligncenter size-full wp-image-942\" title=\"laurdana\" src=\"http:\/\/www.rulando.es\/wp-content\/uploads\/2010\/06\/laurdana.jpg\" alt=\"laurdana\" width=\"470\" height=\"203\" srcset=\"https:\/\/www.rulando.es\/wp-content\/uploads\/2010\/06\/laurdana.jpg 470w, https:\/\/www.rulando.es\/wp-content\/uploads\/2010\/06\/laurdana-300x129.jpg 300w\" sizes=\"auto, (max-width: 470px) 100vw, 470px\" \/> <\/strong><\/div>\n","protected":false},"excerpt":{"rendered":"<p>RESUMEN Recorrido remontando el r\u00edo G\u00e1llego que comparte su primer tramo &#8211; hasta Monta\u00f1ana &#8211; con el itinerario hasta el azud de Urd\u00e1n. En Monta\u00f1ana nos separamos del cauce del r\u00edo para llegar hasta la Cartuja de Aula Dei, situada junto al azud de Urd\u00e1n, en la margen izquierda del G\u00e1llego. CARACTER\u00cdSTICAS PRINCIPALES Tipo: ruta &hellip; <a href=\"https:\/\/www.rulando.es\/?page_id=665\" class=\"more-link\">Continue reading <span class=\"screen-reader-text\">La Cartuja de Aula Dei<\/span> <span class=\"meta-nav\">&rarr;<\/span><\/a><\/p>\n","protected":false},"author":2,"featured_media":0,"parent":15,"menu_order":0,"comment_status":"closed","ping_status":"open","template":"","meta":{"footnotes":""},"class_list":["post-665","page","type-page","status-publish","hentry"],"_links":{"self":[{"href":"https:\/\/www.rulando.es\/index.php?rest_route=\/wp\/v2\/pages\/665","targetHints":{"allow":["GET"]}}],"collection":[{"href":"https:\/\/www.rulando.es\/index.php?rest_route=\/wp\/v2\/pages"}],"about":[{"href":"https:\/\/www.rulando.es\/index.php?rest_route=\/wp\/v2\/types\/page"}],"author":[{"embeddable":true,"href":"https:\/\/www.rulando.es\/index.php?rest_route=\/wp\/v2\/users\/2"}],"replies":[{"embeddable":true,"href":"https:\/\/www.rulando.es\/index.php?rest_route=%2Fwp%2Fv2%2Fcomments&post=665"}],"version-history":[{"count":21,"href":"https:\/\/www.rulando.es\/index.php?rest_route=\/wp\/v2\/pages\/665\/revisions"}],"predecessor-version":[{"id":1765,"href":"https:\/\/www.rulando.es\/index.php?rest_route=\/wp\/v2\/pages\/665\/revisions\/1765"}],"up":[{"embeddable":true,"href":"https:\/\/www.rulando.es\/index.php?rest_route=\/wp\/v2\/pages\/15"}],"wp:attachment":[{"href":"https:\/\/www.rulando.es\/index.php?rest_route=%2Fwp%2Fv2%2Fmedia&parent=665"}],"curies":[{"name":"wp","href":"https:\/\/api.w.org\/{rel}","templated":true}]}}