{"id":505,"date":"2009-02-01T18:38:43","date_gmt":"2009-02-01T16:38:43","guid":{"rendered":"http:\/\/www.rulando.es\/?page_id=505"},"modified":"2023-04-17T16:42:17","modified_gmt":"2023-04-17T14:42:17","slug":"vuelta-a-la-zaragoza-sur","status":"publish","type":"page","link":"https:\/\/www.rulando.es\/?page_id=505","title":{"rendered":"Vuelta a la Zaragoza Sur"},"content":{"rendered":"<p><strong><span style=\"color: #000000;\">RESUMEN<\/span><\/strong><\/p>\n<p><span style=\"color: #000000;\">Itinerario urbano que rodea los barrios situados en la margen derecha del Ebro. El recorrido se realiza todo por carril bici, salvo en zonas puntuales donde \u00e9ste desaparece moment\u00e1neamente o donde hay que enlazar dos tramos en la actualidad desconectados (Ronda Hispanidad con entorno de Delicias y entorno del puente del Tercer Milenio). Esta &#8220;vuelta&#8221; para simplificar, se podr\u00eda hacer totalmente por ronda y v\u00eda Hispanidad, pero aqu\u00ed hemos variado un poco el itinerario para concocer otros barrios.<\/span><\/p>\n<table style=\"height: 86px; text-align: center;\" border=\"0\" cellspacing=\"0\" cellpadding=\"0\" width=\"498\">\n<tbody>\n<tr>\n<td>\u00a0<\/td>\n<td><a href=\"http:\/\/www.rulando.es\/croquis\/zgzsur.jpg\" target=\"_blank\" rel=\"noopener\"><img loading=\"lazy\" decoding=\"async\" class=\"alignnone size-medium wp-image-455\" style=\"border: 0pt none;\" title=\"Croquis de la ruta\" src=\"http:\/\/www.rulando.es\/wp-content\/uploads\/2009\/01\/rul3dmap.jpg\" alt=\"Descarga el croquis\" width=\"90\" height=\"73\" \/><\/a><\/td>\n<td><a href=\"http:\/\/www.rulando.es\/tracks\/zgzsur.zip\" target=\"_blank\" rel=\"noopener\"><img loading=\"lazy\" decoding=\"async\" class=\"size-medium wp-image-457 alignnone\" style=\"border: 0pt none;\" title=\"Fichero GPX\" src=\"http:\/\/www.rulando.es\/wp-content\/uploads\/2009\/01\/rul3dgpx1.jpg\" alt=\"\" width=\"80\" height=\"80\" \/><\/a><\/td>\n<\/tr>\n<tr>\n<td>\u00a0<\/td>\n<td>\u00a0<\/td>\n<td>\u00a0<\/td>\n<\/tr>\n<\/tbody>\n<\/table>\n<p style=\"text-align: center;\"><a href=\"http:\/\/www.rulando.es\/wp-content\/uploads\/2009\/01\/foto12.jpg\"><\/a><\/p>\n<p style=\"text-align: center;\"><a href=\"http:\/\/www.rulando.es\/wp-content\/uploads\/2009\/02\/foto11.jpg\"><img loading=\"lazy\" decoding=\"async\" class=\"aligncenter size-full wp-image-509\" title=\"canal invernal\" src=\"http:\/\/www.rulando.es\/wp-content\/uploads\/2009\/02\/foto11.jpg\" alt=\"\" width=\"500\" height=\"289\" srcset=\"https:\/\/www.rulando.es\/wp-content\/uploads\/2009\/02\/foto11.jpg 2261w, https:\/\/www.rulando.es\/wp-content\/uploads\/2009\/02\/foto11-300x173.jpg 300w\" sizes=\"auto, (max-width: 500px) 100vw, 500px\" \/><\/a><a href=\"http:\/\/www.rulando.es\/wp-content\/uploads\/2009\/02\/foto1.jpg\"><\/a><\/p>\n<p>\u00a0<strong>CARACTER\u00cdSTICAS PRINCIPALES<\/strong><\/p>\n<ul>\n<li>\n<div style=\"PADDING-LEFT: 30px\">Tipo: ruta circular<\/div>\n<\/li>\n<li>\n<div style=\"PADDING-LEFT: 30px\">Longitud:\u00a0<span style=\"color: #000000;\">19,4 km (*)<\/span><\/div>\n<\/li>\n<li>\n<div style=\"PADDING-LEFT: 30px\">Inicio: Azud del Ebro<\/div>\n<\/li>\n<li>\n<div style=\"PADDING-LEFT: 30px\">Final: idem<\/div>\n<\/li>\n<li>\n<div style=\"PADDING-LEFT: 30px\">Desnivel acumulado: 90 m\u00a0(*)<\/div>\n<\/li>\n<li>\n<div style=\"PADDING-LEFT: 30px\">Itinerario: Azud de Vadorrey, ronda de la Hispanidad, Canal Imperial, Parque Grande, Universidad, V\u00eda Hispanidad, Avda de Navarra, Almozara, Echegaray y Caballero.<\/div>\n<\/li>\n<li>\n<div style=\"PADDING-LEFT: 30px\">Lugares de Inter\u00e9s: Canal Imperial, Parque Grande, estaci\u00f3n Delicias, Casco Hist\u00f3rico.<\/div>\n<\/li>\n<li>\n<div style=\"PADDING-LEFT: 30px\">Cartograf\u00eda:<span style=\"color: #000000;\"> <span>383-II (Zaragoza)\u00a0del 1:25.000 del IGN<\/span><\/span><br \/>\nVer tambi\u00e9n plano de carriles bici del Ayuntamiento de\u00a0Zaragoza\u00a0en Enlaces<\/div>\n<\/li>\n<\/ul>\n<blockquote>\n<p style=\"PADDING-LEFT: 30px\">(*) Datos obtenidos mediante GPS<\/p>\n<p style=\"PADDING-LEFT: 30px\">NOTA: Gracias a Pedro Z. por su colaboraci\u00f3n en la elaboraci\u00f3n de la cartograf\u00eda<\/p>\n<\/blockquote>\n<p><strong>MAPA Y PERFIL LONGITUDINAL<\/strong><\/p>\n<p>[map style=&#8221;width: auto; height:400px; margin:20px 0px 20px 0px; border: 1px solid black;&#8221; gpx=&#8221;http:\/\/www.rulando.es\/tracks\/zgzsur.gpx&#8221;]<\/p>\n<p><strong>DESCRIPCI\u00d3N<\/strong><\/p>\n<p><span style=\"color: #000000;\">Partimos de la calle Cosuenda en las inmediaciones del embarcadero de Vadorrey. Nos dirigimos por el carril bici hacia el puente &#8220;Manuel Jim\u00e9nez Abad&#8221; para tomar el carril bici de la Ronda de la Hispanidad o tercer cintur\u00f3n. Seguimos por \u00e9l, hasta la rotonda que permite girar hacia la Z &#8211; 40. Aqu\u00ed, cruzamos a la otra acera para tomar un camino y, a trav\u00e9s de un parque, subir hasta la orilla del Canal Imperial.<\/span><\/p>\n<p><span style=\"color: #000000;\">Seguimos hacia la ciudad junto al camino de servicio del canal, m\u00e1s tarde se transforma en calle y carril bici. Seguimos por \u00e9l hasta la V\u00eda Ram\u00f3n Pignatelli. Antes de tomar la curva de esta v\u00eda, cruzamos el canal y continuamos por el paseo Mariano Renovales para internarnos en el Parque Grande y, por el Puente Trece de Septiembre, retomar el carril bici del \u00e1rea de Universidad. Continuamos por \u00e9l hasta desembocar de nuevo en V\u00eda Hispanidad (ojo a algunos cortes del carril).<\/span><\/p>\n<p><span style=\"color: #000000;\">Seguimos por v\u00eda Hispanidad hasta el final del carril en las inmediaciones del centro comercial Augusta. Para enlazar con Delicias giramos hacia la derecha por la calle Manuel de Falla y luego por Ram\u00f3n J. Sender, para bajar por Biarritz hasta avenida de Navarra. Cruzamos la avenida y enlazamos con el carril bici del entorno de la estaci\u00f3n de Delicias. Bordeamos la estaci\u00f3n por el norte y llegamos a la rotonda pr\u00f3xima al puente del Tercer Milenio. Continuamos por la ribera izquierda hasta el puente de La Almozara. Cruzamos por el puente de Hierro para enlazar con el punto inicial del recorrido.<\/span><\/p>\n<p>\u00a0\u00a0<\/p>\n<p style=\"text-align: center;\"><a href=\"http:\/\/www.rulando.es\/wp-content\/uploads\/2009\/02\/foto2.jpg\"><img loading=\"lazy\" decoding=\"async\" class=\"size-full wp-image-508    aligncenter\" title=\"obst\u00e1culos\" src=\"http:\/\/www.rulando.es\/wp-content\/uploads\/2009\/02\/foto2.jpg\" alt=\"\" width=\"500\" height=\"285\" srcset=\"https:\/\/www.rulando.es\/wp-content\/uploads\/2009\/02\/foto2.jpg 2261w, https:\/\/www.rulando.es\/wp-content\/uploads\/2009\/02\/foto2-300x171.jpg 300w\" sizes=\"auto, (max-width: 500px) 100vw, 500px\" \/><\/a><\/p>\n<p style=\"text-align: center;\"><a href=\"http:\/\/www.rulando.es\/wp-content\/uploads\/2009\/01\/foto21.jpg\"><\/a><\/p>\n<p style=\"text-align: center;\"><a href=\"http:\/\/www.rulando.es\/wp-content\/uploads\/2008\/11\/foto_41.jpg\"><\/a><\/p>\n<p><strong>CROQUIS\u00a0DE RUTA<br \/>\n<\/strong><a href=\"http:\/\/www.rulando.es\/croquis\/zgzsur.jpg\">Descargar croquis de ruta<\/a><\/p>\n<p><strong>ARCHIVO GPS<br \/>\n<\/strong><a href=\"http:\/\/www.rulando.es\/tracks\/zgzsur.zip\">Descargar fichero GPX<\/a><\/p>\n<p><strong>LINKS<\/strong><\/p>\n<p><a href=\"http:\/\/www.zaragoza.es\">http:\/\/www.zaragoza.es<\/a><\/p>\n<p><strong>(*) Nota:<\/strong> la pr\u00e1ctica totalidad del recorrido puede hacerse sobre carril bici, salvo en dos puntos: la conexi\u00f3n entre v\u00eda Hispanidad y\u00a0el entorno de la\u00a0estaci\u00f3n Delicias y en la Almozara, por las obras\u00a0alrededor del\u00a0puente del Tercer Milenio. Existen otros puntos de desconexi\u00f3n pero son breves (como el de la foto).<\/p>\n","protected":false},"excerpt":{"rendered":"<p>RESUMEN Itinerario urbano que rodea los barrios situados en la margen derecha del Ebro. El recorrido se realiza todo por carril bici, salvo en zonas puntuales donde \u00e9ste desaparece moment\u00e1neamente o donde hay que enlazar dos tramos en la actualidad desconectados (Ronda Hispanidad con entorno de Delicias y entorno del puente del Tercer Milenio). Esta &hellip; <a href=\"https:\/\/www.rulando.es\/?page_id=505\" class=\"more-link\">Continue reading <span class=\"screen-reader-text\">Vuelta a la Zaragoza Sur<\/span> <span class=\"meta-nav\">&rarr;<\/span><\/a><\/p>\n","protected":false},"author":2,"featured_media":0,"parent":7,"menu_order":0,"comment_status":"closed","ping_status":"open","template":"","meta":{"footnotes":""},"class_list":["post-505","page","type-page","status-publish","hentry"],"_links":{"self":[{"href":"https:\/\/www.rulando.es\/index.php?rest_route=\/wp\/v2\/pages\/505","targetHints":{"allow":["GET"]}}],"collection":[{"href":"https:\/\/www.rulando.es\/index.php?rest_route=\/wp\/v2\/pages"}],"about":[{"href":"https:\/\/www.rulando.es\/index.php?rest_route=\/wp\/v2\/types\/page"}],"author":[{"embeddable":true,"href":"https:\/\/www.rulando.es\/index.php?rest_route=\/wp\/v2\/users\/2"}],"replies":[{"embeddable":true,"href":"https:\/\/www.rulando.es\/index.php?rest_route=%2Fwp%2Fv2%2Fcomments&post=505"}],"version-history":[{"count":32,"href":"https:\/\/www.rulando.es\/index.php?rest_route=\/wp\/v2\/pages\/505\/revisions"}],"predecessor-version":[{"id":1776,"href":"https:\/\/www.rulando.es\/index.php?rest_route=\/wp\/v2\/pages\/505\/revisions\/1776"}],"up":[{"embeddable":true,"href":"https:\/\/www.rulando.es\/index.php?rest_route=\/wp\/v2\/pages\/7"}],"wp:attachment":[{"href":"https:\/\/www.rulando.es\/index.php?rest_route=%2Fwp%2Fv2%2Fmedia&parent=505"}],"curies":[{"name":"wp","href":"https:\/\/api.w.org\/{rel}","templated":true}]}}