{"id":46,"date":"2008-09-23T15:41:47","date_gmt":"2008-09-23T13:41:47","guid":{"rendered":"http:\/\/s253635025.mialojamiento.es\/mundoalante\/?page_id=46"},"modified":"2023-04-17T16:42:01","modified_gmt":"2023-04-17T14:42:01","slug":"zaragoza-la-cartuja-zaragoza","status":"publish","type":"page","link":"https:\/\/www.rulando.es\/?page_id=46","title":{"rendered":"La Cartuja Baja"},"content":{"rendered":"<p style=\"text-align: left;\"><strong> <\/strong><\/p>\n<p style=\"text-align: left;\"><strong><span style=\"color: #000000;\">RESUMEN<\/span><\/strong><\/p>\n<p><span style=\"color: #000000;\">Esta ruta circular nos acerca hasta la poblaci\u00f3n de La Cartuja Baja a trav\u00e9s del Camino Natural de La Alfranca para devolvernos a Zaragoza pedaleando junto al Canal Imperial. La descripci\u00f3n de la ruta se realiza desde el punto de inicio del Camino Natural, junto al puente del Tercer Cintur\u00f3n en la Margen Derecha del Ebro (P\u00ba Echegaray y Caballero).<\/span><\/p>\n<table style=\"text-align: center; height: 86px;\" border=\"0\" cellspacing=\"0\" cellpadding=\"0\" width=\"498\">\n<tbody>\n<tr>\n<td><a href=\"http:\/\/www.rulando.es\/libro\/lacartuja.pdf\" target=\"_blank\" rel=\"noopener\"><br \/>\n<img loading=\"lazy\" decoding=\"async\" class=\"alignnone size-medium wp-image-454\" style=\"border: 0pt none;\" title=\"Libro de ruta\" src=\"http:\/\/www.rulando.es\/wp-content\/uploads\/2009\/01\/rul3druta.jpg\" alt=\"\" width=\"90\" height=\"60\" \/><\/a><\/td>\n<td><a href=\"http:\/\/www.rulando.es\/croquis\/LaCartuja.jpg\" target=\"_blank\" rel=\"noopener\"><img loading=\"lazy\" decoding=\"async\" class=\"alignnone size-medium wp-image-455\" style=\"border: 0pt none;\" title=\"Croquis de la ruta\" src=\"http:\/\/www.rulando.es\/wp-content\/uploads\/2009\/01\/rul3dmap.jpg\" alt=\"Descarga el croquis\" width=\"90\" height=\"73\" \/><\/a><\/td>\n<td><a href=\"http:\/\/www.rulando.es\/tracks\/LaCartuja.zip\" target=\"_blank\" rel=\"noopener\"><img loading=\"lazy\" decoding=\"async\" class=\"size-medium wp-image-457 alignnone\" style=\"border: 0pt none;\" title=\"Fichero GPX\" src=\"http:\/\/www.rulando.es\/wp-content\/uploads\/2009\/01\/rul3dgpx1.jpg\" alt=\"\" width=\"80\" height=\"80\" \/><\/a><\/td>\n<\/tr>\n<\/tbody>\n<\/table>\n<p><a href=\"http:\/\/www.rulando.es\/wp-content\/uploads\/2008\/11\/foto_51.jpg\"><img loading=\"lazy\" decoding=\"async\" class=\"size-full wp-image-246 aligncenter\" title=\"bajo el puente\" src=\"http:\/\/www.rulando.es\/wp-content\/uploads\/2008\/11\/foto_51.jpg\" alt=\"\" width=\"500\" height=\"236\" srcset=\"https:\/\/www.rulando.es\/wp-content\/uploads\/2008\/11\/foto_51.jpg 2004w, https:\/\/www.rulando.es\/wp-content\/uploads\/2008\/11\/foto_51-300x141.jpg 300w\" sizes=\"auto, (max-width: 500px) 100vw, 500px\" \/><\/a><\/p>\n<p><strong>CARACTER\u00cdSTICAS PRINCIPALES<\/strong><\/p>\n<ul>\n<li>\n<div style=\"PADDING-LEFT: 30px\">Tipo: circular<\/div>\n<\/li>\n<li>\n<div style=\"PADDING-LEFT: 30px\">Longitud:\u00a017,20 km (*)<\/div>\n<\/li>\n<li>\n<div style=\"PADDING-LEFT: 30px\">Inicio: Paseo Echegaray y Caballero, bajo el puente del Tercer Cintur\u00f3n<\/div>\n<\/li>\n<li>\n<div style=\"PADDING-LEFT: 30px\">Final: idem<\/div>\n<\/li>\n<li>\n<div style=\"PADDING-LEFT: 30px\">Desnivel ascendente:\u00a0\u00a0 61 m (*)<\/div>\n<\/li>\n<li>\n<div style=\"PADDING-LEFT: 30px\">Desnivel descendente:\u00a0idem<\/div>\n<\/li>\n<li>\n<div style=\"PADDING-LEFT: 30px\">Itinerario: Zaragoza, La Cartuja Baja, Zaragoza.<\/div>\n<\/li>\n<li>\n<div style=\"PADDING-LEFT: 30px\">Lugares de Inter\u00e9s: pasarela del Bicentenario, monasterio de La Cartuja, esclusas de Valdegurriana en el Canal Imperial de Arag\u00f3n.<\/div>\n<\/li>\n<li>\n<div style=\"PADDING-LEFT: 30px\">Cartograf\u00eda: Hojas 383-II (Zaragoza) y 384-I (La Puebla de Alfind\u00e9n) 1:25.000 del IGN<\/div>\n<\/li>\n<\/ul>\n<blockquote>\n<p style=\"PADDING-LEFT: 30px\">(*) Datos obtenidos mediante GPS<\/p>\n<\/blockquote>\n<p><strong>MAPA Y PERFIL LONGITUDINAL<\/strong><br \/>\n[map style=&#8221;width: auto; height:400px; margin:20px 0px 20px 0px; border: 1px solid black;&#8221; gpx=&#8221;http:\/\/www.rulando.es\/tracks\/LaCartuja.gpx&#8221;]<\/p>\n<p><strong>DESCRIPCI\u00d3N<\/strong><\/p>\n<p>El tramo inicial de nuestro recorrido circular se realiza siempre junto a la orilla del Ebro, por el Camino Natural de La Alfranca, hasta poco antes de la pasarela del Bicentenario, donde el Camino Natural prosigue su recorrido hacia La Alfranca por la otra margen del r\u00edo y el nuestro se dirige hacia La Cartuja Baja.<\/p>\n<p>Comenzamos en el\u00a0inicio oficial del Camino, en el Paseo Echegaray y Caballero bajo el puente del Tercer Cintur\u00f3n. En esta zona, existe un parking, alquiler de bicis y carritos para ni\u00f1os.<\/p>\n<p>El itinerario por tanto, se realiza en principio por\u00a0pista de tierra\u00a0ancha dejando siempre atr\u00e1s caminos de menor entidad.<\/p>\n<p>Poco antes de alcanzar la pasarela del Bicentenario, tomaremos un desv\u00edo a la derecha que nos conduce a la poblaci\u00f3n de La Cartuja Baja. Bordearemos la poblaci\u00f3n por una calle lateral, dejando el n\u00facleo urbano a nuestra izquierda. Esta calle desemboca en la rotonda del enlace con la A-68, que debemos atravesar para continuar por la carretera de Torrecilla de Valmadrid. Precauci\u00f3n con el tr\u00e1fico en esta zona, aunque en fin de semana no es elevado.<\/p>\n<p>Continuaremos por la carretera a Valmadrid, ahora con dos calzadas de circulaci\u00f3n, hasta la confluencia con el Canal Imperial, donde giraremos a la derecha para tomar el camino de servicio del mismo.<\/p>\n<p>A partir de aqu\u00ed el trayecto es de dif\u00edcil p\u00e9rdida, pues hemos de transitar por el camino de servicio, pasando junto a las esclusas de Valdegurriana. Tras subir\u00a0un repecho junto a \u00e9stas, llegamos a la almenara de San Bernardo y cruzamos el canal para continuar por el camino del &#8220;Anillo Verde&#8221;.<\/p>\n<p>Antes de llegar al Tercer Cintur\u00f3n, dejamos nuestro camino hacia la izquierda y descendemos en zig-zag por una zona verde. Alcanzamos el carril bici del Tercer Cintur\u00f3n\u00a0a trav\u00e9s de\u00a0un peque\u00f1o puente y una fuerte rampa. Tomamos el carril bici hacia la derecha.<\/p>\n<p>Por \u00faltimo, con la idea de retornar a nuestro punto inicial, dejaremos el Tercer Cintur\u00f3n, despu\u00e9s de unas instalaciones deportivas y continuaremos por pista de tierra hasta un paso bajo el ferrocarril. Lo atravesamos y acto seguido giramos a la izquierda. Llegamos despu\u00e9s bajo el puente del ferrocarril sobre el Ebro y enseguida llegamos al punto de inicio de la ruta.<\/p>\n<p style=\"text-align: center;\"><a href=\"http:\/\/www.rulando.es\/wp-content\/uploads\/2008\/11\/foto_61.jpg\"><img loading=\"lazy\" decoding=\"async\" class=\"alignnone size-full wp-image-248\" title=\"canal imperial\" src=\"http:\/\/www.rulando.es\/wp-content\/uploads\/2008\/11\/foto_61.jpg\" alt=\"\" width=\"500\" height=\"237\" srcset=\"https:\/\/www.rulando.es\/wp-content\/uploads\/2008\/11\/foto_61.jpg 2262w, https:\/\/www.rulando.es\/wp-content\/uploads\/2008\/11\/foto_61-300x142.jpg 300w\" sizes=\"auto, (max-width: 500px) 100vw, 500px\" \/><\/a><\/p>\n<p><strong>LIBRO DE RUTA <\/strong><br \/>\n<a href=\"http:\/\/www.rulando.es\/libro\/LaCartuja.pdf\">Descargar libro de ruta<\/a><\/p>\n<p><strong>CROQUIS\u00a0DE RUTA <\/strong><br \/>\n<a href=\"http:\/\/www.rulando.es\/croquis\/lacartuja.jpg\">Descargar el croquis<\/a><\/p>\n<p><strong><strong>ARCHIVO GPS<\/strong><\/strong><br \/>\n<a href=\"http:\/\/www.rulando.es\/tracks\/LaCartuja.zip\">Descargar el track en formato GPX<\/a><\/p>\n<p><strong>LINKS<\/strong><br \/>\n<a href=\"http:\/\/www.canalimperial.com\/\">http:\/\/www.canalimperial.com\/<\/a><br \/>\n<a href=\"http:\/\/www.cartujabaja.com\/\">http:\/\/www.cartujabaja.com\/<\/a><\/p>\n<blockquote><p><strong>(*) Aviso para navegantes:<\/strong> los km indicados en el libro de ruta, obtenidos con el cuentakil\u00f3metros de la bici, no coinciden con los medidos por el GPS, pues \u00e9ste no toma la ruta completa sino que une puntos reales mediante l\u00edneas rectas. As\u00ed, Libro de Ruta y Croquis han de ser considerados independientemente de los archivos del GPS.<\/p><\/blockquote>\n<blockquote><p>El cuentakil\u00f3metros de la bici se ha puesto a &#8220;cero&#8221; en el punto indicado con una estrellita al principio de la ruta.<\/p><\/blockquote>\n<p style=\"text-align: center;\"><img loading=\"lazy\" decoding=\"async\" class=\"size-full wp-image-239           aligncenter\" title=\"chopera en el Ebro\" src=\"http:\/\/www.rulando.es\/wp-content\/uploads\/2008\/11\/foto_7.jpg\" alt=\"\" width=\"500\" height=\"256\" srcset=\"https:\/\/www.rulando.es\/wp-content\/uploads\/2008\/11\/foto_7.jpg 2259w, https:\/\/www.rulando.es\/wp-content\/uploads\/2008\/11\/foto_7-300x153.jpg 300w\" sizes=\"auto, (max-width: 500px) 100vw, 500px\" \/><\/p>\n","protected":false},"excerpt":{"rendered":"<p>RESUMEN Esta ruta circular nos acerca hasta la poblaci\u00f3n de La Cartuja Baja a trav\u00e9s del Camino Natural de La Alfranca para devolvernos a Zaragoza pedaleando junto al Canal Imperial. La descripci\u00f3n de la ruta se realiza desde el punto de inicio del Camino Natural, junto al puente del Tercer Cintur\u00f3n en la Margen Derecha &hellip; <a href=\"https:\/\/www.rulando.es\/?page_id=46\" class=\"more-link\">Continue reading <span class=\"screen-reader-text\">La Cartuja Baja<\/span> <span class=\"meta-nav\">&rarr;<\/span><\/a><\/p>\n","protected":false},"author":2,"featured_media":0,"parent":15,"menu_order":0,"comment_status":"closed","ping_status":"open","template":"","meta":{"footnotes":""},"class_list":["post-46","page","type-page","status-publish","hentry"],"_links":{"self":[{"href":"https:\/\/www.rulando.es\/index.php?rest_route=\/wp\/v2\/pages\/46","targetHints":{"allow":["GET"]}}],"collection":[{"href":"https:\/\/www.rulando.es\/index.php?rest_route=\/wp\/v2\/pages"}],"about":[{"href":"https:\/\/www.rulando.es\/index.php?rest_route=\/wp\/v2\/types\/page"}],"author":[{"embeddable":true,"href":"https:\/\/www.rulando.es\/index.php?rest_route=\/wp\/v2\/users\/2"}],"replies":[{"embeddable":true,"href":"https:\/\/www.rulando.es\/index.php?rest_route=%2Fwp%2Fv2%2Fcomments&post=46"}],"version-history":[{"count":45,"href":"https:\/\/www.rulando.es\/index.php?rest_route=\/wp\/v2\/pages\/46\/revisions"}],"predecessor-version":[{"id":1764,"href":"https:\/\/www.rulando.es\/index.php?rest_route=\/wp\/v2\/pages\/46\/revisions\/1764"}],"up":[{"embeddable":true,"href":"https:\/\/www.rulando.es\/index.php?rest_route=\/wp\/v2\/pages\/15"}],"wp:attachment":[{"href":"https:\/\/www.rulando.es\/index.php?rest_route=%2Fwp%2Fv2%2Fmedia&parent=46"}],"curies":[{"name":"wp","href":"https:\/\/api.w.org\/{rel}","templated":true}]}}