{"id":42,"date":"2008-09-23T15:39:47","date_gmt":"2008-09-23T13:39:47","guid":{"rendered":"http:\/\/s253635025.mialojamiento.es\/mundoalante\/?page_id=42"},"modified":"2023-04-17T16:42:17","modified_gmt":"2023-04-17T14:42:17","slug":"zaragoza-monzalbarba-zaragoza","status":"publish","type":"page","link":"https:\/\/www.rulando.es\/?page_id=42","title":{"rendered":"Monzalbarba"},"content":{"rendered":"<p><strong>\u00a0<\/strong><\/p>\n<p><strong><span style=\"color: #000000;\">RESUMEN<\/span><\/strong><\/p>\n<p><span style=\"color: #000000;\">Recorrido que parte\u00a0de la Avenida\u00a0de Ranillas en el Actur, \u00a0por la margen izquierda del Ebro, atravesando los galachos de Juslibol, hasta Monzalbarba, donde se puede cruzar el r\u00edo y regresar por la margen derecha, realizando as\u00ed una ruta circular siempre a orillas del Ebro.<\/span><\/p>\n<table style=\"height: 86px; text-align: center;\" border=\"0\" cellspacing=\"0\" cellpadding=\"0\" width=\"498\">\n<tbody>\n<tr>\n<td><a href=\"http:\/\/www.rulando.es\/libro\/monzalbarba.pdf\" target=\"_blank\" rel=\"noopener\"><br \/>\n<img loading=\"lazy\" decoding=\"async\" class=\"alignnone size-medium wp-image-454\" style=\"border: 0pt none;\" title=\"Libro de ruta\" src=\"http:\/\/www.rulando.es\/wp-content\/uploads\/2009\/01\/rul3druta.jpg\" alt=\"\" width=\"90\" height=\"60\"><\/a><\/td>\n<td><a href=\"http:\/\/www.rulando.es\/croquis\/monzalbarba.jpg\" target=\"_blank\" rel=\"noopener\"><img loading=\"lazy\" decoding=\"async\" class=\"alignnone size-medium wp-image-455\" style=\"border: 0pt none;\" title=\"Croquis de la ruta\" src=\"http:\/\/www.rulando.es\/wp-content\/uploads\/2009\/01\/rul3dmap.jpg\" alt=\"Descarga el croquis\" width=\"90\" height=\"73\"><\/a><\/td>\n<td><a href=\"http:\/\/www.rulando.es\/tracks\/monzalbarba.zip\" target=\"_blank\" rel=\"noopener\"><img loading=\"lazy\" decoding=\"async\" class=\"size-medium wp-image-457 alignnone\" style=\"border: 0pt none;\" title=\"Fichero GPX\" src=\"http:\/\/www.rulando.es\/wp-content\/uploads\/2009\/01\/rul3dgpx1.jpg\" alt=\"\" width=\"80\" height=\"80\"><\/a><\/td>\n<\/tr>\n<\/tbody>\n<\/table>\n<p style=\"text-align: center;\"><a href=\"http:\/\/www.rulando.es\/wp-content\/uploads\/2008\/11\/foto_23.jpg\"><img loading=\"lazy\" decoding=\"async\" class=\"size-full wp-image-259 aligncenter\" title=\"descanso en el galacho\" src=\"http:\/\/www.rulando.es\/wp-content\/uploads\/2008\/11\/foto_23.jpg\" alt=\"\" width=\"500\" height=\"279\" srcset=\"https:\/\/www.rulando.es\/wp-content\/uploads\/2008\/11\/foto_23.jpg 2270w, https:\/\/www.rulando.es\/wp-content\/uploads\/2008\/11\/foto_23-300x167.jpg 300w\" sizes=\"auto, (max-width: 500px) 100vw, 500px\" \/><\/a><\/p>\n<p style=\"text-align: center;\"><a href=\"http:\/\/www.rulando.es\/wp-content\/uploads\/2008\/10\/foto_11.jpg\"><\/a><\/p>\n<p><strong>CARACTER\u00cdSTICAS PRINCIPALES<\/strong><\/p>\n<ul>\n<li>\n<div style=\"PADDING-LEFT: 30px\">Tipo: ruta circular<\/div>\n<\/li>\n<li>\n<div style=\"PADDING-LEFT: 30px\">Longitud:\u00a021,4 km (*)<\/div>\n<\/li>\n<li>\n<div style=\"PADDING-LEFT: 30px\">Inicio: Avda. Ranillas,\u00a0en\u00a0la rotonda Norte del enlace con la autopista A-2<\/div>\n<\/li>\n<li>\n<div style=\"PADDING-LEFT: 30px\">Final: idem<\/div>\n<\/li>\n<li>\n<div style=\"PADDING-LEFT: 30px\">Desnivel ascendente:\u00a015 m (*)<\/div>\n<\/li>\n<li>\n<div style=\"PADDING-LEFT: 30px\">Desnivel descendente:\u00a0idem<\/div>\n<\/li>\n<li>\n<div style=\"PADDING-LEFT: 30px\">Itinerario: Zaragoza, galachos de Juslibol, Monzalbarba, Zaragoza<\/div>\n<\/li>\n<li>\n<div style=\"PADDING-LEFT: 30px\">Lugares de Inter\u00e9s: galachos de Juslibol<\/div>\n<\/li>\n<li>\n<div style=\"PADDING-LEFT: 30px\">Cartograf\u00eda: Hoja 354-IV (Utebo) 1:25.000 del IGN<\/div>\n<\/li>\n<\/ul>\n<blockquote>\n<p style=\"PADDING-LEFT: 30px\">(*) Datos obtenidos mediante GPS<\/p>\n<\/blockquote>\n<p><strong>MAPA Y PERFIL LONGITUDINAL<\/strong><br \/>\n[map style=&#8221;width: auto; height:400px; margin:20px 0px 20px 0px; border: 1px solid black;&#8221; gpx=&#8221;http:\/\/www.rulando.es\/tracks\/monzalbarba.gpx&#8221;]<\/p>\n<p><strong>DESCRIPCI\u00d3N<\/strong><\/p>\n<p>Partimos de la Avenida de Ranillas, en\u00a0la rontonda norte del enlace con la Ronda Norte (autov\u00eda A-2). Desde la misma rotonda parte una rampa de hormig\u00f3n que permite acceder a una buena pista de tierra junto al r\u00edo.<\/p>\n<p>Avanzaremos por una\u00a0esta pista de tierra junto al Ebro hasta las inmediaciones del galacho de Juslibol, dejando a nuestra derecha\u00a0numerosas intersecciones con caminos secundarios que se dirigen a la poblaci\u00f3n de Juslibol.<\/p>\n<p>Llegando a las inmediaciones del \u00e1rea de los galachos, la pista se estrecha y discurre paralela a una acequia. Finalemnte se convierte en un estrecho sendero por donde es necesario circular con precauci\u00f3n. Existe mucha vegetaci\u00f3n, a veces parece que avanzamos por un t\u00fanel. Tras el sendero, alcanzamos una de las balsas de los galachos. La bordeamos, dej\u00e1ndola a nuestra izquierda, y alcanzamos el Centro de Interpretaci\u00f3n.<\/p>\n<p>Enseguida nos internamos por el \u00e1rea de los galachos, y los atravesamos por el camino principal, dejando bifurcaciones de caminos y balsas de agua a ambos lados. Una vez\u00a0que salimos\u00a0fuera del l\u00edmite\u00a0de los galachos\u00a0tomamos el camino de la izquierda y,\u00a0un poco m\u00e1s adelante,\u00a0nos situamos de nuevo\u00a0junto a la orilla del Ebro. Continuamos junto a este hasta desembocar en la carretera que une Monzalbarba con Alfocea.<\/p>\n<p>Giramos a la izquierda para cruzar el Ebro por el puente\u00a0de Alfocea\u00a0y continuamos por carretera hasta poco antes de\u00a0Monzalbarba.<\/p>\n<p>Dejamos\u00a0atr\u00e1s las instalaciones militares para girar a la izquierda por el &#8220;Camino de Las Rozas&#8221;, poco antes de alcanzar una nave agr\u00edcola y sin llegar a traspasar la se\u00f1al de poblaci\u00f3n de &#8220;Monzalbarba&#8221;.<\/p>\n<p>Avanzamos por este camino entre campos de cultivo, hasta situarnos de nuevo paralelos al r\u00edo, muy cerca del soto. Tras unas cuantas curvas pronunciadas, nos situamos muy cerquita de la orilla. Seguimos as\u00ed hasta desembocar en un camino asfaltado (Camino de Monzalbarba). Lo tomamos hacia la izquierda y lo dejamos enseguida, girando de nuevo a la izquierda para retomar una pista de tierra junto al r\u00edo.<\/p>\n<p>Esta pista, en\u00a0peor estado que las transitadas hasta ahora,\u00a0limita con\u00a0un agradable\u00a0soto de ribera. La pista desemboca de nuevo en la ribera urbanizada del r\u00edo, y continuamos por el carril bici hasta el\u00a0puente de la Ronda Norte pero en el otro margen del r\u00edo. Cruzamos por la pasarela dispuesta para uso de peatones y ciclistas, y volvemos a nuestro punto de partida.<\/p>\n<p style=\"text-align: center;\"><img loading=\"lazy\" decoding=\"async\" class=\"size-full wp-image-255   aligncenter\" title=\"el de rojo... que te cojo\" src=\"http:\/\/www.rulando.es\/wp-content\/uploads\/2008\/11\/foto_31.jpg\" alt=\"\" width=\"500\" height=\"267\" srcset=\"https:\/\/www.rulando.es\/wp-content\/uploads\/2008\/11\/foto_31.jpg 1788w, https:\/\/www.rulando.es\/wp-content\/uploads\/2008\/11\/foto_31-300x160.jpg 300w\" sizes=\"auto, (max-width: 500px) 100vw, 500px\" \/><\/p>\n<p style=\"text-align: center;\"><a href=\"http:\/\/www.rulando.es\/wp-content\/uploads\/2008\/11\/foto_41.jpg\"><\/a><\/p>\n<p><strong>LIBRO DE RUTA<br \/>\n<\/strong><a href=\"http:\/\/www.rulando.es\/libro\/monzalbarba.pdf\">Descargar libro de ruta<\/a><\/p>\n<p><strong>CROQUIS\u00a0DE RUTA<br \/>\n<\/strong><a href=\"http:\/\/www.rulando.es\/croquis\/monzalbarba.jpg\">Descargar croquis de ruta<\/a><\/p>\n<p><strong>ARCHIVO GPS<br \/>\n<\/strong><a href=\"http:\/\/www.rulando.es\/tracks\/monzalbarba.zip\">Descargar fichero GPX<\/a><\/p>\n<blockquote><p><strong>(*) Aviso para navegantes:<\/strong> los km indicados en el libro de ruta, obtenidos con\u00a0el cuentakil\u00f3metros\u00a0de la bici, no coinciden con los medidos por el GPS, pues \u00e9ste no toma la ruta completa sino que une puntos reales mediante l\u00edneas rectas. As\u00ed, Libro de Ruta y Croquis han de ser considerados independientemente de los archivos del GPS.<\/p><\/blockquote>\n<blockquote><p>El cuentakil\u00f3metros de la bici se ha puesto a &#8220;cero&#8221; en el punto indicado con una estrellita al principio de la ruta.<\/p><\/blockquote>\n<p style=\"text-align: center;\"><a href=\"http:\/\/www.rulando.es\/wp-content\/uploads\/2009\/01\/foto3.jpg\"><\/a><a href=\"http:\/\/www.rulando.es\/wp-content\/uploads\/2009\/01\/foto3.jpg\"><img loading=\"lazy\" decoding=\"async\" class=\"aligncenter size-full wp-image-480\" title=\"parque del agua y bicis\" src=\"http:\/\/www.rulando.es\/wp-content\/uploads\/2009\/01\/foto3.jpg\" alt=\"\" width=\"500\" height=\"261\" srcset=\"https:\/\/www.rulando.es\/wp-content\/uploads\/2009\/01\/foto3.jpg 800w, https:\/\/www.rulando.es\/wp-content\/uploads\/2009\/01\/foto3-300x157.jpg 300w\" sizes=\"auto, (max-width: 500px) 100vw, 500px\" \/><\/a><a href=\"http:\/\/www.rulando.es\/wp-content\/uploads\/2008\/11\/foto_31.jpg\"><\/a><\/p>\n","protected":false},"excerpt":{"rendered":"<p>\u00a0 RESUMEN Recorrido que parte\u00a0de la Avenida\u00a0de Ranillas en el Actur, \u00a0por la margen izquierda del Ebro, atravesando los galachos de Juslibol, hasta Monzalbarba, donde se puede cruzar el r\u00edo y regresar por la margen derecha, realizando as\u00ed una ruta circular siempre a orillas del Ebro. CARACTER\u00cdSTICAS PRINCIPALES Tipo: ruta circular Longitud:\u00a021,4 km (*) Inicio: &hellip; <a href=\"https:\/\/www.rulando.es\/?page_id=42\" class=\"more-link\">Continue reading <span class=\"screen-reader-text\">Monzalbarba<\/span> <span class=\"meta-nav\">&rarr;<\/span><\/a><\/p>\n","protected":false},"author":2,"featured_media":0,"parent":15,"menu_order":1,"comment_status":"closed","ping_status":"closed","template":"","meta":{"footnotes":""},"class_list":["post-42","page","type-page","status-publish","hentry"],"_links":{"self":[{"href":"https:\/\/www.rulando.es\/index.php?rest_route=\/wp\/v2\/pages\/42","targetHints":{"allow":["GET"]}}],"collection":[{"href":"https:\/\/www.rulando.es\/index.php?rest_route=\/wp\/v2\/pages"}],"about":[{"href":"https:\/\/www.rulando.es\/index.php?rest_route=\/wp\/v2\/types\/page"}],"author":[{"embeddable":true,"href":"https:\/\/www.rulando.es\/index.php?rest_route=\/wp\/v2\/users\/2"}],"replies":[{"embeddable":true,"href":"https:\/\/www.rulando.es\/index.php?rest_route=%2Fwp%2Fv2%2Fcomments&post=42"}],"version-history":[{"count":71,"href":"https:\/\/www.rulando.es\/index.php?rest_route=\/wp\/v2\/pages\/42\/revisions"}],"predecessor-version":[{"id":1772,"href":"https:\/\/www.rulando.es\/index.php?rest_route=\/wp\/v2\/pages\/42\/revisions\/1772"}],"up":[{"embeddable":true,"href":"https:\/\/www.rulando.es\/index.php?rest_route=\/wp\/v2\/pages\/15"}],"wp:attachment":[{"href":"https:\/\/www.rulando.es\/index.php?rest_route=%2Fwp%2Fv2%2Fmedia&parent=42"}],"curies":[{"name":"wp","href":"https:\/\/api.w.org\/{rel}","templated":true}]}}