{"id":206,"date":"2008-11-09T18:46:51","date_gmt":"2008-11-09T16:46:51","guid":{"rendered":"http:\/\/www.rulando.es\/?page_id=206"},"modified":"2023-04-17T16:42:01","modified_gmt":"2023-04-17T14:42:01","slug":"ruta-de-las-torres","status":"publish","type":"page","link":"https:\/\/www.rulando.es\/?page_id=206","title":{"rendered":"Las torres de Movera"},"content":{"rendered":"<p style=\"text-align: left;\"><strong><\/strong><\/p>\n<p style=\"text-align: left;\"><strong>RESUMEN<\/strong><\/p>\n<p>Ruta circular que parte de la desembocadura del G\u00e1llego y recorre el Camino del Vado. Paseamos entre fincas de cultivo y\u00a0casas de campo\u00a0(torres) pr\u00f3ximas a Movera. Cruzamos el Ebro por la pasarela del Bicentenario y volvemos a Zaragoza por el Camino del Ebro (GR-99).<\/p>\n<table style=\"height: 86px; text-align: center;\" border=\"0\" cellspacing=\"0\" cellpadding=\"0\" width=\"498\">\n<tbody>\n<tr>\n<td><a href=\"http:\/\/www.rulando.es\/libro\/lastorres.pdf\" target=\"_blank\" rel=\"noopener\"><br \/>\n<img loading=\"lazy\" decoding=\"async\" class=\"alignnone size-medium wp-image-454\" style=\"border: 0pt none;\" title=\"Libro de ruta\" src=\"http:\/\/www.rulando.es\/wp-content\/uploads\/2009\/01\/rul3druta.jpg\" alt=\"\" width=\"90\" height=\"60\" \/><\/a><\/td>\n<td><a href=\"http:\/\/www.rulando.es\/croquis\/lastorres.jpg\" target=\"_blank\" rel=\"noopener\"><img loading=\"lazy\" decoding=\"async\" class=\"alignnone size-medium wp-image-455\" style=\"border: 0pt none;\" title=\"Croquis de la ruta\" src=\"http:\/\/www.rulando.es\/wp-content\/uploads\/2009\/01\/rul3dmap.jpg\" alt=\"Descarga el croquis\" width=\"90\" height=\"73\" \/><\/a><\/td>\n<td><a href=\"http:\/\/www.rulando.es\/tracks\/lastorres.zip\" target=\"_blank\" rel=\"noopener\"><img loading=\"lazy\" decoding=\"async\" class=\"size-medium wp-image-457 alignnone\" style=\"border: 0pt none;\" title=\"Fichero GPX\" src=\"http:\/\/www.rulando.es\/wp-content\/uploads\/2009\/01\/rul3dgpx1.jpg\" alt=\"\" width=\"80\" height=\"80\" \/><\/a><\/td>\n<\/tr>\n<\/tbody>\n<\/table>\n<p style=\"text-align: center;\"><a href=\"http:\/\/www.rulando.es\/wp-content\/uploads\/2008\/11\/foto_9.jpg\"><img loading=\"lazy\" decoding=\"async\" class=\"size-full wp-image-266 aligncenter\" title=\"Torre Virreina\" src=\"http:\/\/www.rulando.es\/wp-content\/uploads\/2008\/11\/foto_9.jpg\" alt=\"\" width=\"500\" height=\"271\" srcset=\"https:\/\/www.rulando.es\/wp-content\/uploads\/2008\/11\/foto_9.jpg 2028w, https:\/\/www.rulando.es\/wp-content\/uploads\/2008\/11\/foto_9-300x162.jpg 300w\" sizes=\"auto, (max-width: 500px) 100vw, 500px\" \/><\/a><\/p>\n<p style=\"text-align: center;\"><a href=\"http:\/\/www.rulando.es\/wp-content\/uploads\/2008\/11\/foto_3.jpg\"><\/a><\/p>\n<p style=\"TEXT-ALIGN: center\"><strong><\/strong><a href=\"http:\/\/www.rulando.es\/wp-content\/uploads\/2008\/11\/foto_2.jpg\"><\/a><\/p>\n<p><a title=\"a google\" rel=\"www.google.com\" href=\"http:\/\/www.google.com\"><br \/>\n<\/a><\/p>\n<p><strong>CARACTER\u00cdSTICAS PRINCIPALES<\/strong><\/p>\n<ul>\n<li>\n<div style=\"PADDING-LEFT: 30px\">Tipo: circular<\/div>\n<\/li>\n<li>\n<div style=\"PADDING-LEFT: 30px\">Longitud:\u00a018,54 km (*)<\/div>\n<\/li>\n<li>\n<div style=\"PADDING-LEFT: 30px\">Inicio: Calle Balbino Orensanz, azud del Ebro<\/div>\n<\/li>\n<li>\n<div style=\"PADDING-LEFT: 30px\">Final: idem<\/div>\n<\/li>\n<li>\n<div style=\"PADDING-LEFT: 30px\">Desnivel ascendente:\u00a0\u00a0\u00a035 m (*)<\/div>\n<\/li>\n<li>\n<div style=\"PADDING-LEFT: 30px\">Desnivel descendente:\u00a0idem<\/div>\n<\/li>\n<li>\n<div style=\"PADDING-LEFT: 30px\">Itinerario: Zaragoza &#8211; pasarela sobre el G\u00e1llego &#8211; C\u00ba del Vado &#8211; pasarela Bicentenario &#8211; Zaragoza<\/div>\n<\/li>\n<li>\n<div style=\"PADDING-LEFT: 30px\">Lugares de Inter\u00e9s: ribera del G\u00e1llego, pasarela \u00a0y su desembocadura, torres de Movera, pasarela del Bicentenario.<\/div>\n<\/li>\n<li>\n<div style=\"PADDING-LEFT: 30px\">Cartograf\u00eda: Hojas 383-II (Zaragoza), 384-I (La Puebla de Alfind\u00e9n) y 355-III (Villamayor) 1:25.000 del IGN<\/div>\n<\/li>\n<\/ul>\n<blockquote>\n<p style=\"PADDING-LEFT: 30px\">(*) Datos obtenidos mediante GPS<\/p>\n<\/blockquote>\n<p><strong>MAPA Y PERFIL LONGITUDINAL<\/strong><br \/>\n[map style=&#8221;width: auto; height:400px; margin:20px 0px 20px 0px; border: 1px solid black;&#8221; gpx=&#8221;http:\/\/www.rulando.es\/tracks\/lastorres.gpx&#8221;]<\/p>\n<p><strong>DESCRIPCI\u00d3N<\/strong><\/p>\n<p style=\"text-align: left;\">El recorrido comienza en la margen izquierda del Ebro, sobre el azud. Ponemos el cuentakil\u00f3metros a cero en el hito de piedra del Anillo Verde de Zaragoza.<\/p>\n<p>Iniciamos el recorrido por el carril bici de la ribera del Ebro, hasta llegar al puente del Tercer Cintur\u00f3n. Justo debajo de este, giramos a la derecha y tomamos otro carril bici que nos acerca al \u00e1rea recreativa situada junto a la desembocadura del r\u00edo G\u00e1llego.<\/p>\n<p style=\"text-align: center;\"><a href=\"http:\/\/www.rulando.es\/wp-content\/uploads\/2008\/11\/foto_4.jpg\"><\/a><\/p>\n<p>Bordeamos el \u00e1rea y tomamos un camino, s\u00f3lo para bicis y peatones, paralelo al cauce. Lo seguimos r\u00edo arriba hasta toparnos con una pasarela de madera que nos permita cruzarlo, aproximadamente 2 km despu\u00e9s.<\/p>\n<p>Una rampa junto a la pasarela nos permite alcanzar su cota y vadear el r\u00edo. Nada m\u00e1s cruzarlo, giramos a la derecha y continuamos recorriendo el G\u00e1llego pero, ahora, hacia su desembocadura.<\/p>\n<p>Continuamos por la pista principal y dejamos el G\u00e1llego. Llegamos a una bifurcaci\u00f3n y continuamos de frente (a la izquierda zona de aparcamiento y a la derecha acceso a observatorio de aves).\u00a0Poco desp\u00faes dejamos a nuestra izquierda una perrera y continuamos recto hasta cruzar el cuarto cintur\u00f3n por un paso inferior. Nada m\u00e1s atravesarlo, giramos a la derecha y, poco despu\u00e9s, tomamos el\u00a0camino del Vado (giro a la izquierda).<\/p>\n<p>El\u00a0firme\u00a0del camino mejora y llegamos\u00a0a un cruce\u00a0junto a la\u00a0torre de Valencia. Continuamos de frente por camino asfaltado y dejamos a nuestra derecha\u00a0la Torre Virreina.\u00a0Aqu\u00ed el asfalto nos deja. Poco despu\u00e9s,\u00a0el camino gira\u00a090\u00ba a la derecha, continuamos bordeando la finca y volvemos a girar 90\u00ba hacia la izquierda. Dejamos una gravera a\u00a0nuestra derecha y llegamos a una nueva bifurcaci\u00f3n (P.K. 8,16). Giramos a la derecha y,\u00a0despu\u00e9s de un nuevo\u00a0giro de 90\u00ba,\u00a0llegamos a la torre de San L\u00e1zaro.<\/p>\n<p>Una vez atravesado el n\u00facleo, giramos a la\u00a0derecha para cruzar sobre una acequia y continuamos por una pista en peor estado.\u00a0<a href=\"http:\/\/www.rulando.es\/wp-content\/uploads\/2008\/11\/foto_6.jpg\"><\/a><\/p>\n<p>Dejamos a nuestra izquierda dos accesos a propiedad privada (torres de Jordana y de Val)\u00a0y, sin perder esta direcci\u00f3n, alcanzamos de nuevo la ribera del Ebro sobre el P.K. 11,07. Aqu\u00ed giramos a la izquierda para buscar la pasarela del Bicentenario.<\/p>\n<p style=\"text-align: center;\"><a href=\"http:\/\/www.rulando.es\/wp-content\/uploads\/2008\/11\/foto_7.jpg\"><\/a><\/p>\n<p>Nada m\u00e1s cruzar el Ebro, giramos a la derecha y retornamos a Zaragoza por el Camino Natural del Ebro (GR &#8211; 99), bien se\u00f1alizado y acondicionado.<\/p>\n<p style=\"text-align: center;\"><a href=\"http:\/\/www.rulando.es\/wp-content\/uploads\/2008\/11\/foto_5.jpg\"><\/a><\/p>\n<p>En el P.K. 19,09 estaremos de nuevo en nuestro punto de partida.<\/p>\n<p style=\"text-align: center;\"><img loading=\"lazy\" decoding=\"async\" class=\"size-full wp-image-235 aligncenter\" title=\"torre de San L\u00e1zaro\" src=\"http:\/\/www.rulando.es\/wp-content\/uploads\/2008\/11\/foto_5.jpg\" alt=\"\" width=\"500\" height=\"206\" srcset=\"https:\/\/www.rulando.es\/wp-content\/uploads\/2008\/11\/foto_5.jpg 2265w, https:\/\/www.rulando.es\/wp-content\/uploads\/2008\/11\/foto_5-300x123.jpg 300w\" sizes=\"auto, (max-width: 500px) 100vw, 500px\" \/><\/p>\n<p style=\"text-align: left;\"><strong>LIBRO DE RUTA <\/strong><br \/>\n<a href=\"http:\/\/www.rulando.es\/libro\/lastorres.pdf\">Desc\u00e1rgate el libro de ruta<\/a><\/p>\n<p><strong>CROQUIS\u00a0DE RUTA <\/strong><br \/>\n<a href=\"http:\/\/www.rulando.es\/croquis\/lastorres.jpg\">Desc\u00e1rgate el croquis de la ruta<\/a><\/p>\n<p><strong><strong>ARCHIVO GPS<\/strong><\/strong><br \/>\n<a href=\"http:\/\/www.rulando.es\/tracks\/lastorres.zip\">Descargar el track en formato GPX<\/a><\/p>\n<p><strong>LINKS<\/strong><br \/>\n<a href=\"http:\/\/www.barriodemovera.com\/\">http:\/\/www.barriodemovera.com\/<\/a><\/p>\n<blockquote><p><strong>(*) Aviso para navegantes:<\/strong> los km indicados en el libro de ruta, obtenidos con el cuentakil\u00f3metros de la bici, no coinciden con los medidos por el GPS, pues \u00e9ste no toma la ruta completa sino que une puntos reales mediante l\u00edneas rectas. As\u00ed, Libro de Ruta y Croquis han de ser considerados independientemente de los archivos del GPS.<\/p><\/blockquote>\n<blockquote><p>El cuentakil\u00f3metros de la bici se ha puesto a &#8220;cero&#8221; en el punto indicado con una estrellita al principio de la ruta.<\/p><\/blockquote>\n<p style=\"text-align: center;\"><img loading=\"lazy\" decoding=\"async\" class=\"size-full wp-image-238 aligncenter\" title=\"torre a lo lejos\" src=\"http:\/\/www.rulando.es\/wp-content\/uploads\/2008\/11\/foto_6.jpg\" alt=\"\" width=\"500\" height=\"234\" srcset=\"https:\/\/www.rulando.es\/wp-content\/uploads\/2008\/11\/foto_6.jpg 2262w, https:\/\/www.rulando.es\/wp-content\/uploads\/2008\/11\/foto_6-300x140.jpg 300w\" sizes=\"auto, (max-width: 500px) 100vw, 500px\" \/><\/p>\n","protected":false},"excerpt":{"rendered":"<p>RESUMEN Ruta circular que parte de la desembocadura del G\u00e1llego y recorre el Camino del Vado. Paseamos entre fincas de cultivo y\u00a0casas de campo\u00a0(torres) pr\u00f3ximas a Movera. Cruzamos el Ebro por la pasarela del Bicentenario y volvemos a Zaragoza por el Camino del Ebro (GR-99). CARACTER\u00cdSTICAS PRINCIPALES Tipo: circular Longitud:\u00a018,54 km (*) Inicio: Calle Balbino &hellip; <a href=\"https:\/\/www.rulando.es\/?page_id=206\" class=\"more-link\">Continue reading <span class=\"screen-reader-text\">Las torres de Movera<\/span> <span class=\"meta-nav\">&rarr;<\/span><\/a><\/p>\n","protected":false},"author":2,"featured_media":0,"parent":15,"menu_order":0,"comment_status":"closed","ping_status":"open","template":"","meta":{"footnotes":""},"class_list":["post-206","page","type-page","status-publish","hentry"],"_links":{"self":[{"href":"https:\/\/www.rulando.es\/index.php?rest_route=\/wp\/v2\/pages\/206","targetHints":{"allow":["GET"]}}],"collection":[{"href":"https:\/\/www.rulando.es\/index.php?rest_route=\/wp\/v2\/pages"}],"about":[{"href":"https:\/\/www.rulando.es\/index.php?rest_route=\/wp\/v2\/types\/page"}],"author":[{"embeddable":true,"href":"https:\/\/www.rulando.es\/index.php?rest_route=\/wp\/v2\/users\/2"}],"replies":[{"embeddable":true,"href":"https:\/\/www.rulando.es\/index.php?rest_route=%2Fwp%2Fv2%2Fcomments&post=206"}],"version-history":[{"count":52,"href":"https:\/\/www.rulando.es\/index.php?rest_route=\/wp\/v2\/pages\/206\/revisions"}],"predecessor-version":[{"id":1767,"href":"https:\/\/www.rulando.es\/index.php?rest_route=\/wp\/v2\/pages\/206\/revisions\/1767"}],"up":[{"embeddable":true,"href":"https:\/\/www.rulando.es\/index.php?rest_route=\/wp\/v2\/pages\/15"}],"wp:attachment":[{"href":"https:\/\/www.rulando.es\/index.php?rest_route=%2Fwp%2Fv2%2Fmedia&parent=206"}],"curies":[{"name":"wp","href":"https:\/\/api.w.org\/{rel}","templated":true}]}}