{"id":2,"date":"2008-08-17T20:45:02","date_gmt":"2008-08-17T18:45:02","guid":{"rendered":"http:\/\/s253635025.mialojamiento.es\/mundoalante\/?page_id=2"},"modified":"2023-04-17T16:42:00","modified_gmt":"2023-04-17T14:42:00","slug":"about","status":"publish","type":"page","link":"https:\/\/www.rulando.es\/?page_id=2","title":{"rendered":"Sobre este sitio"},"content":{"rendered":"<p>Con este sitio queremos\u00a0dar a conocer\u00a0peque\u00f1as rutas en bicicleta asequibles para\u00a0todas aquellas personas con una m\u00ednima forma f\u00edsica. En principio comenzamos por Zaragoza y su entorno m\u00e1s cercano. Esperamos que la oferta se vaya ampliando a otras tierras.<\/p>\n<p>En\u00a0cada excursi\u00f3n\u00a0recopilamos los\u00a0datos m\u00e1s interesantes desde nuestro punto de vista. Procuraremos incluir una breve descripci\u00f3n de la ruta, sus caracter\u00edsticas principales, as\u00ed como un &#8220;libro de ruta&#8221; para poder seguirla con un simple cuentakil\u00f3metros de bici. Tambi\u00e9n incluiremos el track en GPS.<\/p>\n<p>Para las rutas &#8220;rurales&#8221; es recomendable la BTT, o bicicleta h\u00edbrida con buen neum\u00e1tico, pues en los caminos del Ebro abundan las piedras y los firmes irregulares.<\/p>\n<p>Los comentarios y datos sobre las rutas ser\u00e1n bien recibidos.<\/p>\n<p>Esperamos que disfrut\u00e9is.<\/p>\n<p style=\"text-align: center;\"><a href=\"http:\/\/www.rulando.es\/wp-content\/uploads\/2008\/11\/canalcastilla.jpg\"><img loading=\"lazy\" decoding=\"async\" class=\"size-full wp-image-292 aligncenter\" title=\"canal de castilla\" src=\"http:\/\/www.rulando.es\/wp-content\/uploads\/2008\/11\/canalcastilla.jpg\" alt=\"\" width=\"500\" height=\"221\" srcset=\"https:\/\/www.rulando.es\/wp-content\/uploads\/2008\/11\/canalcastilla.jpg 2272w, https:\/\/www.rulando.es\/wp-content\/uploads\/2008\/11\/canalcastilla-300x132.jpg 300w\" sizes=\"auto, (max-width: 500px) 100vw, 500px\" \/><\/a><\/p>\n","protected":false},"excerpt":{"rendered":"<p>Con este sitio queremos\u00a0dar a conocer\u00a0peque\u00f1as rutas en bicicleta asequibles para\u00a0todas aquellas personas con una m\u00ednima forma f\u00edsica. En principio comenzamos por Zaragoza y su entorno m\u00e1s cercano. Esperamos que la oferta se vaya ampliando a otras tierras. En\u00a0cada excursi\u00f3n\u00a0recopilamos los\u00a0datos m\u00e1s interesantes desde nuestro punto de vista. Procuraremos incluir una breve descripci\u00f3n de la &hellip; <a href=\"https:\/\/www.rulando.es\/?page_id=2\" class=\"more-link\">Continue reading <span class=\"screen-reader-text\">Sobre este sitio<\/span> <span class=\"meta-nav\">&rarr;<\/span><\/a><\/p>\n","protected":false},"author":5,"featured_media":0,"parent":0,"menu_order":0,"comment_status":"closed","ping_status":"open","template":"","meta":{"footnotes":""},"class_list":["post-2","page","type-page","status-publish","hentry"],"_links":{"self":[{"href":"https:\/\/www.rulando.es\/index.php?rest_route=\/wp\/v2\/pages\/2","targetHints":{"allow":["GET"]}}],"collection":[{"href":"https:\/\/www.rulando.es\/index.php?rest_route=\/wp\/v2\/pages"}],"about":[{"href":"https:\/\/www.rulando.es\/index.php?rest_route=\/wp\/v2\/types\/page"}],"author":[{"embeddable":true,"href":"https:\/\/www.rulando.es\/index.php?rest_route=\/wp\/v2\/users\/5"}],"replies":[{"embeddable":true,"href":"https:\/\/www.rulando.es\/index.php?rest_route=%2Fwp%2Fv2%2Fcomments&post=2"}],"version-history":[{"count":20,"href":"https:\/\/www.rulando.es\/index.php?rest_route=\/wp\/v2\/pages\/2\/revisions"}],"predecessor-version":[{"id":1753,"href":"https:\/\/www.rulando.es\/index.php?rest_route=\/wp\/v2\/pages\/2\/revisions\/1753"}],"wp:attachment":[{"href":"https:\/\/www.rulando.es\/index.php?rest_route=%2Fwp%2Fv2%2Fmedia&parent=2"}],"curies":[{"name":"wp","href":"https:\/\/api.w.org\/{rel}","templated":true}]}}