{"id":1492,"date":"2012-10-05T12:26:39","date_gmt":"2012-10-05T10:26:39","guid":{"rendered":"http:\/\/www.rulando.es\/?page_id=1492"},"modified":"2023-04-17T16:42:42","modified_gmt":"2023-04-17T14:42:42","slug":"lile-de-re-isla-de-re","status":"publish","type":"page","link":"https:\/\/www.rulando.es\/?page_id=1492","title":{"rendered":"L&#8217;\u00eele de R\u00e9 (isla de R\u00e9)"},"content":{"rendered":"<p><strong><a href=\"http:\/\/www.rulando.es\/wp-content\/uploads\/2012\/10\/mercado.jpg\"><img loading=\"lazy\" decoding=\"async\" class=\"aligncenter size-full wp-image-1496\" title=\"mercado\" src=\"http:\/\/www.rulando.es\/wp-content\/uploads\/2012\/10\/mercado.jpg\" alt=\"\" width=\"470\" height=\"273\" srcset=\"https:\/\/www.rulando.es\/wp-content\/uploads\/2012\/10\/mercado.jpg 470w, https:\/\/www.rulando.es\/wp-content\/uploads\/2012\/10\/mercado-300x174.jpg 300w\" sizes=\"auto, (max-width: 470px) 100vw, 470px\" \/><\/a><\/strong><\/p>\n<p><strong>DESCRIPCI\u00d3N<\/strong><\/p>\n<p style=\"text-align: justify;\">La isla de R\u00e9 no es realmente una isla pues se encuentra unida al continente mediante un puente. El acceso a trav\u00e9s del puente la ha convertido en un destino vacacional de primer orden en la costa atl\u00e1ntica francesa.<\/p>\n<p style=\"text-align: justify;\">Se sit\u00faa en el departamento franc\u00e9s de Charente &#8211; Maritime, frente a la poblaci\u00f3n de La Rochelle, al norte de Burdeos.<\/p>\n<p><iframe loading=\"lazy\" src=\"http:\/\/maps.google.es\/maps?f=q&amp;source=s_q&amp;hl=es&amp;geocode=&amp;q=%C3%8Ele+de+R%C3%A9,+Charente-Maritime,+France&amp;aq=0&amp;oq=Ile+de+Re&amp;sll=41.691636,-0.927332&amp;sspn=0.850122,1.234589&amp;t=m&amp;ie=UTF8&amp;hq=&amp;hnear=%C3%8Ele+de+R%C3%A9&amp;view=map&amp;ll=46.769968,-0.944824&amp;spn=5.26764,9.338379&amp;z=6&amp;output=embed\" frameborder=\"0\" marginwidth=\"0\" marginheight=\"0\" scrolling=\"no\" width=\"425\" height=\"350\"><\/iframe><br \/>\n<small><a style=\"color: #0000ff; text-align: left;\" href=\"http:\/\/maps.google.es\/maps?f=q&amp;source=embed&amp;hl=es&amp;geocode=&amp;q=%C3%8Ele+de+R%C3%A9,+Charente-Maritime,+France&amp;aq=0&amp;oq=Ile+de+Re&amp;sll=41.691636,-0.927332&amp;sspn=0.850122,1.234589&amp;t=m&amp;ie=UTF8&amp;hq=&amp;hnear=%C3%8Ele+de+R%C3%A9&amp;view=map&amp;ll=46.769968,-0.944824&amp;spn=5.26764,9.338379&amp;z=6\">Ver mapa m\u00e1s grande<\/a><\/small><\/p>\n<p style=\"text-align: justify;\">Es un isla de aproximadamente 25 km de largo y 5 de ancho, pr\u00e1cticamente plana, perfecta para recorrer en familia, disfrutando de sus playas, sus puertos y&#8230; sus\u00a0100 km de carril para uso exclusivo de ciclistas.<\/p>\n<p style=\"text-align: justify;\">Existe una gu\u00eda muy \u00fatil para descubrir los diferentes itinerarios (en franc\u00e9s): <strong>\u201cL&#8217;\u00eele de R\u00e9 \u00e0 v\u00e9lo\u201d<\/strong> de Eric Audinet, con informaci\u00f3n de distintas posibles rutas o de realizar la &#8220;Tour de l&#8217;\u00eele&#8221;, de aproximadamente 90 km y que permite rodear toda la isla. Este libro de 6 euros se puede adquirir en la propia isla. De todas formas tambi\u00e9n se puede recorrer siguiendo los carriles bici y las indicaciones que existen en cruces y en poblaciones para circular por los carriles bici y por carreteras secundarias.<\/p>\n<p style=\"text-align: justify;\">En esta ocasi\u00f3n, rulando.es no ha realizado un itinerario con etapas si no que hemos recorrido la isla a nuestro aire, realizando rutas circulares para volver a nuestro punto de alojamiento<\/p>\n<p style=\"text-align: justify;\">La oferta de alojamiento es abundante, habiendo campings, hoteles y casas de vacaciones para alquilar. En nuestro caso alquilamos una casa y la experiencia ha sido muy positiva. La casa era muy bonita y estaba muy bien preparada para un grupo grande como el nuestro. Eso s\u00ed, los precios son altos en temporada alta. Finales de junio &#8211; principios de julio es m\u00e1s asequible y el tiempo puede ser bastante aceptable. En la isla suele soplar el viento procedente del Atl\u00e1ntico que trae humedad y chaparrones.<\/p>\n<p style=\"text-align: justify;\">En todas las poblaciones abundan los establecimientos para alquiler de bicis de todo tipo, incluso t\u00e1ndems, remolques para ni\u00f1os y triciclos para adultos. Tampoco falta su mercado de alimentaci\u00f3n y sus boulengeries con croissant y brioches para empezar el d\u00eda con energ\u00eda.<\/p>\n<p style=\"text-align: justify;\">Incluimos links con informaci\u00f3n y un plano de carriles bici para os pod\u00e1is forma una idea. Os animamos a visitarla. Si adem\u00e1s os gustan las ostras \u00a1es vuestro sitio!<\/p>\n<p style=\"text-align: center;\"><strong><a href=\"http:\/\/www.rulando.es\/wp-content\/uploads\/2012\/10\/puerto.jpg\"><img loading=\"lazy\" decoding=\"async\" class=\"aligncenter\" title=\"puerto\" src=\"http:\/\/www.rulando.es\/wp-content\/uploads\/2012\/10\/puerto.jpg\" alt=\"\" width=\"470\" height=\"273\" \/><\/a><\/strong><\/p>\n<p>&nbsp;<\/p>\n<p><strong>MAPA DE CARRILES BICI<\/strong><br \/>\n<a href=\"http:\/\/www.rulando.es\/croquis\/iledere_pistes.pdf\">Descargar mapa de carriles bici (*)<\/a><\/p>\n<blockquote>\n<p>(*) Carte de pistes ciclables. Tourisme Ile de R\u00e9.<\/p>\n<\/blockquote>\n<p><strong>ENLACES<\/strong><\/p>\n<p><a href=\"http:\/\/www.canal-et-voie-verte.com\">www.isladere.com<\/a><br \/>\n<a href=\"http:\/\/www.bordeaux.fr\">www.charente-maritime.fr<\/a><\/p>\n<p style=\"text-align: center;\"><strong><a href=\"http:\/\/www.rulando.es\/wp-content\/uploads\/2012\/10\/enruta.jpg\"><img loading=\"lazy\" decoding=\"async\" class=\"aligncenter\" title=\"enruta\" src=\"http:\/\/www.rulando.es\/wp-content\/uploads\/2012\/10\/enruta.jpg\" alt=\"\" width=\"470\" height=\"273\" \/><\/a><\/strong><\/p>\n","protected":false},"excerpt":{"rendered":"<p>DESCRIPCI\u00d3N La isla de R\u00e9 no es realmente una isla pues se encuentra unida al continente mediante un puente. El acceso a trav\u00e9s del puente la ha convertido en un destino vacacional de primer orden en la costa atl\u00e1ntica francesa. Se sit\u00faa en el departamento franc\u00e9s de Charente &#8211; Maritime, frente a la poblaci\u00f3n de &hellip; <a href=\"https:\/\/www.rulando.es\/?page_id=1492\" class=\"more-link\">Continue reading <span class=\"screen-reader-text\">L&#8217;\u00eele de R\u00e9 (isla de R\u00e9)<\/span> <span class=\"meta-nav\">&rarr;<\/span><\/a><\/p>\n","protected":false},"author":2,"featured_media":0,"parent":975,"menu_order":3,"comment_status":"closed","ping_status":"open","template":"","meta":{"footnotes":""},"class_list":["post-1492","page","type-page","status-publish","hentry"],"_links":{"self":[{"href":"https:\/\/www.rulando.es\/index.php?rest_route=\/wp\/v2\/pages\/1492","targetHints":{"allow":["GET"]}}],"collection":[{"href":"https:\/\/www.rulando.es\/index.php?rest_route=\/wp\/v2\/pages"}],"about":[{"href":"https:\/\/www.rulando.es\/index.php?rest_route=\/wp\/v2\/types\/page"}],"author":[{"embeddable":true,"href":"https:\/\/www.rulando.es\/index.php?rest_route=\/wp\/v2\/users\/2"}],"replies":[{"embeddable":true,"href":"https:\/\/www.rulando.es\/index.php?rest_route=%2Fwp%2Fv2%2Fcomments&post=1492"}],"version-history":[{"count":26,"href":"https:\/\/www.rulando.es\/index.php?rest_route=\/wp\/v2\/pages\/1492\/revisions"}],"predecessor-version":[{"id":1523,"href":"https:\/\/www.rulando.es\/index.php?rest_route=\/wp\/v2\/pages\/1492\/revisions\/1523"}],"up":[{"embeddable":true,"href":"https:\/\/www.rulando.es\/index.php?rest_route=\/wp\/v2\/pages\/975"}],"wp:attachment":[{"href":"https:\/\/www.rulando.es\/index.php?rest_route=%2Fwp%2Fv2%2Fmedia&parent=1492"}],"curies":[{"name":"wp","href":"https:\/\/api.w.org\/{rel}","templated":true}]}}