{"id":1410,"date":"2012-09-13T12:37:28","date_gmt":"2012-09-13T10:37:28","guid":{"rendered":"http:\/\/www.rulando.es\/?page_id=1410"},"modified":"2023-04-17T16:42:17","modified_gmt":"2023-04-17T14:42:17","slug":"ebro-y-canal-imperial","status":"publish","type":"page","link":"https:\/\/www.rulando.es\/?page_id=1410","title":{"rendered":"Ebro y Canal Imperial"},"content":{"rendered":"<p><strong> <span style=\"color: #000000;\"> RESUMEN <\/span> <\/strong><\/p>\n<p>Itinerario que circunda\u00a0el \u00e1rea\u00a0sur de Zaragoza, esta vez siguiendo el r\u00edo Ebro y el Canal Imperial. Iniciamos la ruta en el puente de Hierro, remontamos el r\u00edo hasta la Almozara. Desde la Estaci\u00f3n Delicias nos dirigimos al Canal Imperial cuando bordea PLAZA. Desde all\u00ed, recorremos el Canal hasta cruzar el Tercer Cintur\u00f3n. Seguiremos por su carril bici para reencontrarnos con el Ebro.<\/p>\n<table style=\"width: 498px; height: 86px; text-align: center;\" border=\"0\" cellspacing=\"0\" cellpadding=\"0\">\n<tbody>\n<tr>\n<td><\/td>\n<td><a href=\"http:\/\/www.rulando.es\/croquis\/ebroycanal.jpg\" target=\"_blank\" rel=\"noopener\"> <img loading=\"lazy\" decoding=\"async\" style=\"border: 0pt currentColor;\" title=\"Croquis de la ruta\" src=\"http:\/\/www.rulando.es\/wp-content\/uploads\/2009\/01\/rul3dmap.jpg\" alt=\"Descarga el croquis\" width=\"90\" height=\"73\" \/> <\/a><\/td>\n<td><a href=\"http:\/\/www.rulando.es\/tracks\/ebroycanal.zip\" target=\"_blank\" rel=\"noopener\"> <img loading=\"lazy\" decoding=\"async\" style=\"border: 0pt currentColor;\" title=\"Fichero GPX\" src=\"http:\/\/www.rulando.es\/wp-content\/uploads\/2009\/01\/rul3dgpx1.jpg\" alt=\"\" width=\"80\" height=\"80\" \/> <\/a><\/td>\n<\/tr>\n<tr>\n<td><\/td>\n<td><\/td>\n<td><\/td>\n<\/tr>\n<\/tbody>\n<\/table>\n<p style=\"text-align: center;\">\u00a0 <a href=\"http:\/\/www.rulando.es\/wp-content\/uploads\/2012\/09\/puentedehierro.jpg\"> <img loading=\"lazy\" decoding=\"async\" class=\"aligncenter size-full wp-image-1477\" title=\"puentedehierro\" src=\"http:\/\/www.rulando.es\/wp-content\/uploads\/2012\/09\/puentedehierro.jpg\" alt=\"\" width=\"470\" height=\"267\" srcset=\"https:\/\/www.rulando.es\/wp-content\/uploads\/2012\/09\/puentedehierro.jpg 470w, https:\/\/www.rulando.es\/wp-content\/uploads\/2012\/09\/puentedehierro-300x170.jpg 300w\" sizes=\"auto, (max-width: 470px) 100vw, 470px\" \/> <\/a><\/p>\n<p><strong> CARACTER\u00cdSTICAS PRINCIPALES <\/strong><\/p>\n<ul>\n<li>\n<div style=\"padding-left: 30px;\"><span style=\"color: #000000;\"> Tipo: ruta circular <\/span><\/div>\n<\/li>\n<li>\n<div style=\"padding-left: 30px;\"><span style=\"color: #000000;\"> Longitud:\u00a028,20 km (*) <\/span><\/div>\n<\/li>\n<li>\n<div style=\"padding-left: 30px;\"><span style=\"color: #000000;\"> Inicio: Puente de Hierro <\/span><\/div>\n<\/li>\n<li>\n<div style=\"padding-left: 30px;\"><span style=\"color: #000000;\"> Final: idem <\/span><\/div>\n<\/li>\n<li>\n<div style=\"padding-left: 30px;\"><span style=\"color: #000000;\"> Desnivel acumulado:\u00a060 m\u00a0(*) <\/span><\/div>\n<\/li>\n<li>\n<div style=\"padding-left: 30px;\"><span style=\"color: #000000;\"> Itinerario: Puentes de Hierro, de Piedra, de Santiago, Almozara, Tercer Milenio, Estaci\u00f3n Delicias, camino del Pil\u00f3n, Canal Imperial (desde PLAZA hasta Tercer Cintur\u00f3n) y\u00a0carril bici del Tercer Cintur\u00f3n. <\/span><\/div>\n<\/li>\n<li>\n<div style=\"padding-left: 30px;\"><span style=\"color: #000000;\"> Lugares de Inter\u00e9s: riberas del Ebro, estaci\u00f3n Delicias y Canal Imperial de\u00a0Arag\u00f3n\u00a0(tramo urbano). <\/span><\/div>\n<\/li>\n<li>\n<div style=\"padding-left: 30px;\"><span style=\"color: #000000;\"> Cartograf\u00eda: 383-II (Zaragoza).<br \/>\nVer tambi\u00e9n plano de carriles bici del Ayuntamiento de\u00a0Zaragoza\u00a0en Enlaces. <\/span><\/div>\n<\/li>\n<\/ul>\n<blockquote>\n<p style=\"padding-left: 30px;\"><span style=\"color: #000000;\"> (*) Datos obtenidos mediante GPS <\/span><\/p>\n<\/blockquote>\n<blockquote><p>&nbsp;<\/p><\/blockquote>\n<p><strong> MAPA Y PERFIL LONGITUDINAL <\/strong><\/p>\n<p>[map style=&#8221;width: auto; height:400px; margin:20px 0px 20px 0px; border: 1px solid black;&#8221; gpx=&#8221;http:\/\/www.rulando.es\/tracks\/ebroycanal.gpx&#8221;]<\/p>\n<p>&nbsp;<\/p>\n<p><strong> DESCRIPCI\u00d3N <\/strong><\/p>\n<p>La ruta comienza en el Puente de\u00a0Hierro en la margen izquierda. Cruzamos por el puente y tomamos el carril bici\u00a0que remonta el r\u00edo Ebro por el Paseo Echegaray.\u00a0En la plaza de Europa,\u00a0dejamos la\u00a0trama viaria y nos dirigimos al r\u00edo (ojo, escalones en la zona deportiva).\u00a0Continuamos por\u00a0el paseo peatonal junto al Ebro, hasta el\u00a0Puente del Tercer\u00a0Milenio. Aqu\u00ed nos desviamos hacia la estaci\u00f3n de Delicias, la bordeamos por el Norte y alcanzamos la avenida de Navarra. Cruzamos bajo el escalextric para llegar al barrio del Miralbueno. Lo atravesamos por el Camino del Pil\u00f3n, hasta cruzar con la Ronda del Ib\u00f3n de Plan. Enseguida hemos de girar a la izquierda para tomar el camino de \u00c9pila. Lo seguimos hasta cruza sobre las v\u00edas del FC (tomar desv\u00edo a paso superior). Despu\u00e9s seguimos hacia el Sur, paralelos al ferrocarril hasta interceptar el Canal Imperial.<\/p>\n<p>Marchamos por el camino de servicio del Canal Imperial hacia el casco urbano de Zaragoza. Circularemos por la margen izquierda del Canal hasta el paseo de Cu\u00e9llar, donde el carril bici contin\u00faa por la margen derecha. Atenci\u00f3n en el entorno del Parque de los Incr\u00e9dulos, donde el cruce con V\u00eda Ib\u00e9rica obliga a realizar varios quiebros.<\/p>\n<p>Nos mantenemos por la margen derecha del Canal hasta pasar sobre el Tercer Cintur\u00f3n. Despu\u00e9s de cruzar sobre \u00e9l, giramos a la derecha y descendemos por rampas de tierra hasta el propio Tercer Cintur\u00f3n para coger el carril bici. Seguimos el Carril bici hasta cruzar el Ebro. All\u00ed nos desviamos por otro carril bici a la derecha y bajamos de nuevo a la ribera del Ebro. Remontando el r\u00edo llegamos de nuevo al puente de Hierro.<\/p>\n<p style=\"text-align: center;\"><strong> <a href=\"http:\/\/www.rulando.es\/wp-content\/uploads\/2012\/09\/candados.jpg\"> <img loading=\"lazy\" decoding=\"async\" class=\"aligncenter size-full wp-image-1478\" title=\"candados\" src=\"http:\/\/www.rulando.es\/wp-content\/uploads\/2012\/09\/candados.jpg\" alt=\"\" width=\"470\" height=\"263\" srcset=\"https:\/\/www.rulando.es\/wp-content\/uploads\/2012\/09\/candados.jpg 470w, https:\/\/www.rulando.es\/wp-content\/uploads\/2012\/09\/candados-300x167.jpg 300w\" sizes=\"auto, (max-width: 470px) 100vw, 470px\" \/> <\/a> \u00a0 <\/strong><\/p>\n<p><strong> CROQUIS\u00a0DE RUTA <\/strong><br \/>\n<a href=\"http:\/\/www.rulando.es\/croquis\/ebroycanal.jpg\"> Descargar croquis de ruta <\/a><\/p>\n<p><strong> ARCHIVO GPS <\/strong><br \/>\n<a href=\"http:\/\/www.rulando.es\/tracks\/ebroycanal.zip\"> Descargar fichero GPX <\/a><\/p>\n<p><strong> LINKS <\/strong><br \/>\n<a href=\"http:\/\/www.zaragoza.es\/\"> http:\/\/www.zaragoza.es <\/a><\/p>\n<p><a href=\"http:\/\/www.canalimperial.com\/\"> http:\/\/www.canalimperial.com <\/a><br \/>\n<a href=\"http:\/\/www.rulando.es\/wp-content\/uploads\/2012\/09\/zapatero.jpg\"><img loading=\"lazy\" decoding=\"async\" src=\"http:\/\/www.rulando.es\/wp-content\/uploads\/2012\/09\/zapatero.jpg\" alt=\"\" title=\"zapatero\" width=\"470\" height=\"279\" class=\"aligncenter size-full wp-image-1485\" srcset=\"https:\/\/www.rulando.es\/wp-content\/uploads\/2012\/09\/zapatero.jpg 470w, https:\/\/www.rulando.es\/wp-content\/uploads\/2012\/09\/zapatero-300x178.jpg 300w\" sizes=\"auto, (max-width: 470px) 100vw, 470px\" \/><\/a><strong> <span style=\"color: #ff00ff;\">   <\/span> <\/strong><\/p>\n","protected":false},"excerpt":{"rendered":"<p>RESUMEN Itinerario que circunda\u00a0el \u00e1rea\u00a0sur de Zaragoza, esta vez siguiendo el r\u00edo Ebro y el Canal Imperial. Iniciamos la ruta en el puente de Hierro, remontamos el r\u00edo hasta la Almozara. Desde la Estaci\u00f3n Delicias nos dirigimos al Canal Imperial cuando bordea PLAZA. Desde all\u00ed, recorremos el Canal hasta cruzar el Tercer Cintur\u00f3n. Seguiremos por &hellip; <a href=\"https:\/\/www.rulando.es\/?page_id=1410\" class=\"more-link\">Continue reading <span class=\"screen-reader-text\">Ebro y Canal Imperial<\/span> <span class=\"meta-nav\">&rarr;<\/span><\/a><\/p>\n","protected":false},"author":2,"featured_media":0,"parent":7,"menu_order":5,"comment_status":"closed","ping_status":"open","template":"","meta":{"footnotes":""},"class_list":["post-1410","page","type-page","status-publish","hentry"],"_links":{"self":[{"href":"https:\/\/www.rulando.es\/index.php?rest_route=\/wp\/v2\/pages\/1410","targetHints":{"allow":["GET"]}}],"collection":[{"href":"https:\/\/www.rulando.es\/index.php?rest_route=\/wp\/v2\/pages"}],"about":[{"href":"https:\/\/www.rulando.es\/index.php?rest_route=\/wp\/v2\/types\/page"}],"author":[{"embeddable":true,"href":"https:\/\/www.rulando.es\/index.php?rest_route=\/wp\/v2\/users\/2"}],"replies":[{"embeddable":true,"href":"https:\/\/www.rulando.es\/index.php?rest_route=%2Fwp%2Fv2%2Fcomments&post=1410"}],"version-history":[{"count":22,"href":"https:\/\/www.rulando.es\/index.php?rest_route=\/wp\/v2\/pages\/1410\/revisions"}],"predecessor-version":[{"id":1777,"href":"https:\/\/www.rulando.es\/index.php?rest_route=\/wp\/v2\/pages\/1410\/revisions\/1777"}],"up":[{"embeddable":true,"href":"https:\/\/www.rulando.es\/index.php?rest_route=\/wp\/v2\/pages\/7"}],"wp:attachment":[{"href":"https:\/\/www.rulando.es\/index.php?rest_route=%2Fwp%2Fv2%2Fmedia&parent=1410"}],"curies":[{"name":"wp","href":"https:\/\/api.w.org\/{rel}","templated":true}]}}