{"id":1349,"date":"2012-03-06T21:08:50","date_gmt":"2012-03-06T19:08:50","guid":{"rendered":"http:\/\/www.rulando.es\/?page_id=1349"},"modified":"2023-04-17T16:42:00","modified_gmt":"2023-04-17T14:42:00","slug":"anillo-verde-norte","status":"publish","type":"page","link":"https:\/\/www.rulando.es\/?page_id=1349","title":{"rendered":"Anillo Verde Norte"},"content":{"rendered":"<p><strong>RESUMEN<\/strong><\/p>\n<p>Completamos la vuelta al Anillo Verde Norte se\u00f1alizado por calles y caminos. Eso s\u00ed, rulando empieza en el azud que es nuestro kil\u00f3metro cero. Recorrido semiurbano: unas veces por carril bici y otras por pista de tierra.<\/p>\n<table style=\"height: 86px; text-align: center;\" border=\"0\" width=\"498\" cellspacing=\"0\" cellpadding=\"0\">\n<tbody>\n<tr>\n<td><a href=\"http:\/\/www.rulando.es\/libro\/anillonorte.pdf\" target=\"_blank\" rel=\"noopener\"><img loading=\"lazy\" decoding=\"async\" class=\"alignnone size-medium wp-image-454\" style=\"border: 0pt currentColor;\" title=\"Libro de ruta\" src=\"http:\/\/www.rulando.es\/wp-content\/uploads\/2009\/01\/rul3druta.jpg\" alt=\"\" width=\"90\" height=\"60\" \/><\/a><\/td>\n<td><a href=\"http:\/\/www.rulando.es\/croquis\/anillonorte.jpg\" target=\"_blank\" rel=\"noopener\"><img loading=\"lazy\" decoding=\"async\" class=\"alignnone size-medium wp-image-455\" style=\"border: 0pt currentColor;\" title=\"Croquis de la ruta\" src=\"http:\/\/www.rulando.es\/wp-content\/uploads\/2009\/01\/rul3dmap.jpg\" alt=\"Descarga el croquis\" width=\"90\" height=\"73\" \/><\/a><\/td>\n<td><a href=\"http:\/\/www.rulando.es\/tracks\/anillonorte.zip\" target=\"_blank\" rel=\"noopener\"><img loading=\"lazy\" decoding=\"async\" class=\"size-medium wp-image-457 alignnone\" style=\"border: 0pt currentColor;\" title=\"Fichero GPX\" src=\"http:\/\/www.rulando.es\/wp-content\/uploads\/2009\/01\/rul3dgpx1.jpg\" alt=\"\" width=\"80\" height=\"80\" \/><\/a><\/td>\n<\/tr>\n<\/tbody>\n<\/table>\n<p style=\"text-align: center;\"><a href=\"http:\/\/www.rulando.es\/wp-content\/uploads\/2012\/03\/caminocorbera.jpg\"><img loading=\"lazy\" decoding=\"async\" class=\"aligncenter size-full wp-image-1400\" title=\"caminocorbera\" src=\"http:\/\/www.rulando.es\/wp-content\/uploads\/2012\/03\/caminocorbera.jpg\" alt=\"\" width=\"470\" height=\"215\" srcset=\"https:\/\/www.rulando.es\/wp-content\/uploads\/2012\/03\/caminocorbera.jpg 470w, https:\/\/www.rulando.es\/wp-content\/uploads\/2012\/03\/caminocorbera-300x137.jpg 300w\" sizes=\"auto, (max-width: 470px) 100vw, 470px\" \/><\/a><\/p>\n<p><strong>CARACTER\u00cdSTICAS PRINCIPALES<\/strong><\/p>\n<ul>\n<li>\n<div>Tipo: circular<\/div>\n<\/li>\n<li>\n<div>Longitud:\u00a028,8 km (*)<\/div>\n<\/li>\n<li>\n<div>Inicio: Azud del Ebro<\/div>\n<\/li>\n<li>\n<div>Final: idem<\/div>\n<\/li>\n<li>\n<div>Desnivel acumulado:\u00a042 m\u00a0(*)<\/div>\n<\/li>\n<li>\n<div>Itinerario: Azud, Santa Isabel, San Juan de Mozarrifar, Parque Goya, Parque del Agua, Riberas<\/div>\n<\/li>\n<li>\n<div>Lugares de Inter\u00e9s: riberas del G\u00e1llego, ribera izquierda del Ebro, Parque del Agua, entorno Expo<\/div>\n<\/li>\n<li>\n<div>Cartograf\u00eda:itinerario se\u00f1alizado (Anillo Verde Norte).<\/div>\n<\/li>\n<\/ul>\n<blockquote><p>(*) Datos obtenidos mediante GPS<\/p><\/blockquote>\n<blockquote><p>&nbsp;<\/p><\/blockquote>\n<p><strong>MAPA Y PERFIL LONGITUDINAL<\/strong><\/p>\n<p>[map style=&#8221;width: auto; height:400px; margin:20px 0px 20px 0px; border: 1px solid black;&#8221; gpx=&#8221;http:\/\/www.rulando.es\/tracks\/anillonorte.gpx&#8221;]<\/p>\n<p><strong>DESCRIPCI\u00d3N<\/strong><\/p>\n<p>Recorremos el Anillo Verde Norte, se\u00f1alizado con cartelitos varios para no perderse. El recorrido es mitad urbano, mitad rural, pero en general discurre por territorio muy humanizado: autopistas, ferrocarril, canteras, etc.<\/p>\n<p>Partimos del azud sobre el Ebro en la margen izquierda del mismo. Yendo por el carril bici, tomamos el carril bici hacia la desembocadura del G\u00e1llego. Seguiremos el camino que remonta el G\u00e1llego por esta margen hasta la pasarela de madera de Santa Isabel. Aqu\u00ed cruzamos a la otra orilla y continuamos r\u00edo arriba. Despu\u00e9s de pasar bajo los puentes de hierro (N \u2013 II a o avenida de Catalu\u00f1a), seguimos por una pista pedregosa muy cercana al cauce. Llegamos a un enlace carretero (nuevo acceso norte) pero mantenemos nuestra direcci\u00f3n y continuamos por camino en la misma direcci\u00f3n. Enseguida volvemos a la pista, en un tramo bastante concurrido (ojo al tr\u00e1fico de coches). Una rampa nos permite pasar bajo el ferrocarril y, tras tomar una curva a la derecha tomamos, seguimos por el descampado girando a la izquierda. Poco despu\u00e9s pasamos junto a una nueva \u00e1rea recreativa (parque de los Ajos), y la bordeamos por la pista a su derecha. Llegamos a un punto en el que la pista se bifurca en dos, tomamos la de la izquierda y continuamos avanzando junto a un vallado. Algo m\u00e1s adelante, giramos a la izquierda para cruzar el G\u00e1llego a la altura de San Juan de Mozarrifar por una estupenda pasarela de madera.<\/p>\n<p>Tras cruzarla podemos girar a la derecha y visitar el azud de Urd\u00e1n, o continuar por nuestro &#8220;Anillo Verde&#8221; hacia la izquierda. Siguiendo pues hacia la izquierda, pasamos junto a unas instalaciones deportivas (a nuestra izquierda), junto a un nuevo cruce con el G\u00e1llego (a nuestra izquierda) y unas antiguas graveras (a nuestra derecha). Poco despu\u00e9s giramos abruptamente a la derecha y dejamos el ancho camino que transit\u00e1bamos. Tomamos una pista m\u00e1s estrecha y pasamos bajo el cuarto cintur\u00f3n. Poco despu\u00e9s cruzamos el camino de Cogullada y mantenemos la direcci\u00f3n, paralelamente al ferrocarril. M\u00e1s adelante giramos a la izquierda y pasamos bajo el ferrocarril. Cambiado el rumbo, continuamos hasta cruzar las l\u00edneas ferroviarias y continuar por el camino de Corbera Alta, pr\u00f3ximos al hospital Royo Villanova. Seguimos hasta interceptar el Camino de los Molinos (ojo al tr\u00e1fico!). Lo tomamos hacia la izquierda y enseguida nos desv\u00edamos a la derecha y continuamos junto a la A-2 para llegar a la Avenida Academia General Militar. Aqu\u00ed cruzamos en cuanto podemos para tomar el carril bici. Y lo seguimos: Avda Academia General Militar, calle El Globo, paralelos a la autov\u00eda de Huesca &#8230; hasta la Avda. Ranillas. En la primera rotonda tras pasar bajo la A-2, nos metemos en el Parque del Agua y lo recorremos por su camino principal. Desembocamos en el recinto Expo tras pasar bajo el puente del Tercer Milenio y enlazamos con el carril bici de las riberas del Ebro. Y de all\u00ed, pues china &#8211; chana hasta el azud de nuevo.<\/p>\n<p><a href=\"http:\/\/www.rulando.es\/wp-content\/uploads\/2012\/03\/parquedelagua.jpg\"><img loading=\"lazy\" decoding=\"async\" class=\"aligncenter size-full wp-image-1401\" title=\"parquedelagua\" src=\"http:\/\/www.rulando.es\/wp-content\/uploads\/2012\/03\/parquedelagua.jpg\" alt=\"\" width=\"470\" height=\"208\" srcset=\"https:\/\/www.rulando.es\/wp-content\/uploads\/2012\/03\/parquedelagua.jpg 470w, https:\/\/www.rulando.es\/wp-content\/uploads\/2012\/03\/parquedelagua-300x132.jpg 300w\" sizes=\"auto, (max-width: 470px) 100vw, 470px\" \/><\/a><\/p>\n<p><strong>CROQUIS\u00a0DE RUTA <\/strong><\/p>\n<p><a href=\"http:\/\/www.rulando.es\/croquis\/anillonorte.jpg\">Descargar croquis de ruta<\/a><\/p>\n<p><strong>ARCHIVO GPS <\/strong><\/p>\n<p><a href=\"http:\/\/www.rulando.es\/tracks\/anillonorte.zip\">Descargar fichero GPX<\/a><\/p>\n<p><strong>LINKS<\/strong><\/p>\n<p><a href=\"http:\/\/www.parquedelagua.com\/\">http:\/\/www.parquedelagua.com\/<\/a><\/p>\n<p>&nbsp;<\/p>\n","protected":false},"excerpt":{"rendered":"<p>RESUMEN Completamos la vuelta al Anillo Verde Norte se\u00f1alizado por calles y caminos. Eso s\u00ed, rulando empieza en el azud que es nuestro kil\u00f3metro cero. Recorrido semiurbano: unas veces por carril bici y otras por pista de tierra. CARACTER\u00cdSTICAS PRINCIPALES Tipo: circular Longitud:\u00a028,8 km (*) Inicio: Azud del Ebro Final: idem Desnivel acumulado:\u00a042 m\u00a0(*) Itinerario: &hellip; <a href=\"https:\/\/www.rulando.es\/?page_id=1349\" class=\"more-link\">Continue reading <span class=\"screen-reader-text\">Anillo Verde Norte<\/span> <span class=\"meta-nav\">&rarr;<\/span><\/a><\/p>\n","protected":false},"author":2,"featured_media":0,"parent":15,"menu_order":0,"comment_status":"closed","ping_status":"open","template":"","meta":{"footnotes":""},"class_list":["post-1349","page","type-page","status-publish","hentry"],"_links":{"self":[{"href":"https:\/\/www.rulando.es\/index.php?rest_route=\/wp\/v2\/pages\/1349","targetHints":{"allow":["GET"]}}],"collection":[{"href":"https:\/\/www.rulando.es\/index.php?rest_route=\/wp\/v2\/pages"}],"about":[{"href":"https:\/\/www.rulando.es\/index.php?rest_route=\/wp\/v2\/types\/page"}],"author":[{"embeddable":true,"href":"https:\/\/www.rulando.es\/index.php?rest_route=\/wp\/v2\/users\/2"}],"replies":[{"embeddable":true,"href":"https:\/\/www.rulando.es\/index.php?rest_route=%2Fwp%2Fv2%2Fcomments&post=1349"}],"version-history":[{"count":40,"href":"https:\/\/www.rulando.es\/index.php?rest_route=\/wp\/v2\/pages\/1349\/revisions"}],"predecessor-version":[{"id":1757,"href":"https:\/\/www.rulando.es\/index.php?rest_route=\/wp\/v2\/pages\/1349\/revisions\/1757"}],"up":[{"embeddable":true,"href":"https:\/\/www.rulando.es\/index.php?rest_route=\/wp\/v2\/pages\/15"}],"wp:attachment":[{"href":"https:\/\/www.rulando.es\/index.php?rest_route=%2Fwp%2Fv2%2Fmedia&parent=1349"}],"curies":[{"name":"wp","href":"https:\/\/api.w.org\/{rel}","templated":true}]}}