{"id":1221,"date":"2011-07-04T14:01:25","date_gmt":"2011-07-04T12:01:25","guid":{"rendered":"http:\/\/www.rulando.es\/?page_id=1221"},"modified":"2023-04-17T16:42:17","modified_gmt":"2023-04-17T14:42:17","slug":"frontenac-bordeaux","status":"publish","type":"page","link":"https:\/\/www.rulando.es\/?page_id=1221","title":{"rendered":"Frontenac &#8211; Bordeaux"},"content":{"rendered":"<p><strong> RESUMEN <\/strong><\/p>\n<p>\u00daltima etapa hasta Burdeos que discurre totalmente por la v\u00eda verde Roger Lapebie hasta el mismo centro de Burdeos.<\/p>\n<table style=\"width: 498px;\" border=\"0\" cellspacing=\"0\" cellpadding=\"0\">\n<tbody>\n<tr>\n<td style=\"border: 1px solid #ffffff;\"><a href=\"http:\/\/www.rulando.es\/croquis\/6_Frontenac-Bordeaux.jpg\" target=\"_blank\" rel=\"noopener\"> <img loading=\"lazy\" decoding=\"async\" class=\"aligncenter\" title=\"Croquis de la ruta\" src=\"http:\/\/www.rulando.es\/wp-content\/uploads\/2009\/01\/rul3dmap.jpg\" alt=\"Descarga el croquis\" width=\"90\" height=\"73\" \/> <\/a><\/td>\n<td style=\"border: 1px solid #ffffff;\"><a href=\"http:\/\/www.rulando.es\/croquis\/Bordeaux.jpg\" target=\"_blank\" rel=\"noopener\"> <img loading=\"lazy\" decoding=\"async\" class=\"aligncenter\" title=\"Detalle Burdeos\" src=\"http:\/\/www.rulando.es\/wp-content\/uploads\/2009\/01\/rul3dmap.jpg\" alt=\"Descarga el croquis\" width=\"90\" height=\"73\" \/> <\/a><\/td>\n<td style=\"border: 1px solid #ffffff;\"><a href=\"http:\/\/www.rulando.es\/tracks\/6_Frontenac-Bordeaux.zip\" target=\"_blank\" rel=\"noopener\"> <img loading=\"lazy\" decoding=\"async\" class=\"aligncenter\" title=\"Fichero GPX\" src=\"http:\/\/www.rulando.es\/wp-content\/uploads\/2009\/01\/rul3dgpx1.jpg\" alt=\"\" width=\"80\" height=\"80\" \/> <\/a><\/td>\n<\/tr>\n<tr>\n<td style=\"border: 1px solid #ffffff; text-align: center;\"><span style=\"color: #808080; font-size: 10px;\"> <a href=\"http:\/\/www.rulando.es\/croquis\/6_Frontenac-Bordeaux.jpg\" target=\"_blank\" rel=\"noopener\"> <span style=\"color: #808080;\"> \u00a0 <\/span> <\/a> Mapa etapa <\/span><\/td>\n<td style=\"border: 1px solid #ffffff; text-align: center;\"><span style=\"color: #808080; font-size: 10px;\"> <a href=\"http:\/\/www.rulando.es\/croquis\/Bordeaux.jpg\" target=\"_blank\" rel=\"noopener\"> <span style=\"color: #808080;\"> \u00a0 <\/span> <\/a> Mapa detalle <\/span><\/td>\n<td style=\"border: 1px solid #ffffff;\"><a href=\"http:\/\/www.rulando.es\/tracks\/6_Frontenac-Bordeaux.zip\" target=\"_blank\" rel=\"noopener\"> \u00a0 <\/a><\/td>\n<\/tr>\n<\/tbody>\n<\/table>\n<p><strong> <a href=\"http:\/\/www.rulando.es\/wp-content\/uploads\/2011\/07\/Etapa6-Estacion.jpg\"> <img loading=\"lazy\" decoding=\"async\" class=\"aligncenter size-full wp-image-1264\" title=\"Etapa6-Estacion\" src=\"http:\/\/www.rulando.es\/wp-content\/uploads\/2011\/07\/Etapa6-Estacion.jpg\" alt=\"\" width=\"470\" height=\"230\" srcset=\"https:\/\/www.rulando.es\/wp-content\/uploads\/2011\/07\/Etapa6-Estacion.jpg 470w, https:\/\/www.rulando.es\/wp-content\/uploads\/2011\/07\/Etapa6-Estacion-300x146.jpg 300w\" sizes=\"auto, (max-width: 470px) 100vw, 470px\" \/> <\/a> <\/strong><\/p>\n<p><strong> CARACTER\u00cdSTICAS PRINCIPALES <\/strong><\/p>\n<ul>\n<li>\n<div>Tipo: lineal <strong> (S\u00d3LO IDA) <\/strong><\/div>\n<\/li>\n<li>\n<div>Longitud: 51,0 km (*)<\/div>\n<\/li>\n<li>\n<div>Inicio: Frontenac<\/div>\n<\/li>\n<li>\n<div>Final: Bordeaux, plaza Gambetta<\/div>\n<\/li>\n<li>\n<div>Desnivel descendente: 160 m<\/div>\n<\/li>\n<li>\n<div>Desnivel ascendente: 145 m<\/div>\n<\/li>\n<li>Itinerario: Frontenac, Creon, Latresne y Burdeos<\/li>\n<li>Lugares de Inter\u00e9s: Burdeos<\/li>\n<li>Cartograf\u00eda: Carte touristique Voie Verte Bordeaux &#8211; Toulouse \u00e0 V\u00e9lo<\/li>\n<\/ul>\n<blockquote><p>(*) Datos obtenidos mediante GPS<\/p><\/blockquote>\n<p><span style=\"color: #333333;\"> <strong> MAPA Y PERFIL LONGITUDINAL <\/strong> <\/span><br \/>\n[map style=&#8221;width: auto; height:400px; margin:20px 0px 20px 0px; border: 1px solid black;&#8221; gpx=&#8221;http:\/\/www.rulando.es\/tracks\/6_Frontenac-Bordeaux.gpx&#8221;]<\/p>\n<p><span style=\"color: #333333;\"> <strong> DESCRIPCI\u00d3N <\/strong> <\/span><br \/>\nAfrontamos nuestra nueva etapa con muchas ganas de llegar ya a Burdeos. El camino promete ser f\u00e1cil aunque no estamos acostumbrados a desniveles en la ruta, el recorrido que resta por la v\u00eda verde se hace muy llevadero. Las pendientes y las rampas son muy suaves pero se nota el esfuerzo respecto a la ruta en el canal y se agradecen los descensos, eso s\u00ed, m\u00e1s fresquitos.<\/p>\n<p>Pasamos por varios pueblos antes de llegar a Burdeos: Creon, Sadirac y Latresne. A partir de aqu\u00ed la v\u00eda enseguida discurre paralela al Garona hasta el puente Saint Jean de Burdeos, donde cruzamos hacia el casco antiguo de la ciudad.<br \/>\nSe puede llegar hasta el centro de la ciudad por carril bici y luego callejear por sus calles peatonales hasta el hotel en el que te alojes. Eso s\u00ed, el tr\u00e1fico peatonal es muy intenso y a veces hay que echar el pie a tierra.<br \/>\nSe termina la ruta ciclista y esto nos aflige un poquito pero Burdeos, al otro lado de \u201cLa Garonne\u201d, nos espera.<\/p>\n<p><strong> <a href=\"http:\/\/www.rulando.es\/wp-content\/uploads\/2011\/07\/Etapa6-Hortensias.jpg\"> <img loading=\"lazy\" decoding=\"async\" class=\"aligncenter size-full wp-image-1265\" title=\"Etapa6-Hortensias\" src=\"http:\/\/www.rulando.es\/wp-content\/uploads\/2011\/07\/Etapa6-Hortensias.jpg\" alt=\"\" width=\"470\" height=\"295\" srcset=\"https:\/\/www.rulando.es\/wp-content\/uploads\/2011\/07\/Etapa6-Hortensias.jpg 470w, https:\/\/www.rulando.es\/wp-content\/uploads\/2011\/07\/Etapa6-Hortensias-300x188.jpg 300w\" sizes=\"auto, (max-width: 470px) 100vw, 470px\" \/> <\/a> <\/strong><\/p>\n<p><strong> CROQUIS DE RUTA<br \/>\n<\/strong> <a href=\"http:\/\/www.rulando.es\/croquis\/6_Frontenac-Bordeaux.jpg\"> Descargar croquis de ruta <\/a><\/p>\n<p><strong> ARCHIVO GPS<br \/>\n<\/strong> <a href=\"http:\/\/www.rulando.es\/tracks\/6_Frontenac-Bordeaux.zip\"> Descargar fichero GPX <\/a><\/p>\n<p><a href=\"http:\/\/www.rulando.es\/wp-content\/uploads\/2011\/07\/Etapa6-ViaVerde.jpg\"> <img loading=\"lazy\" decoding=\"async\" class=\"aligncenter size-full wp-image-1267\" title=\"Etapa6-ViaVerde\" src=\"http:\/\/www.rulando.es\/wp-content\/uploads\/2011\/07\/Etapa6-ViaVerde.jpg\" alt=\"\" width=\"470\" height=\"268\" srcset=\"https:\/\/www.rulando.es\/wp-content\/uploads\/2011\/07\/Etapa6-ViaVerde.jpg 470w, https:\/\/www.rulando.es\/wp-content\/uploads\/2011\/07\/Etapa6-ViaVerde-300x171.jpg 300w\" sizes=\"auto, (max-width: 470px) 100vw, 470px\" \/> <\/a><\/p>\n","protected":false},"excerpt":{"rendered":"<p>RESUMEN \u00daltima etapa hasta Burdeos que discurre totalmente por la v\u00eda verde Roger Lapebie hasta el mismo centro de Burdeos. \u00a0 Mapa etapa \u00a0 Mapa detalle \u00a0 CARACTER\u00cdSTICAS PRINCIPALES Tipo: lineal (S\u00d3LO IDA) Longitud: 51,0 km (*) Inicio: Frontenac Final: Bordeaux, plaza Gambetta Desnivel descendente: 160 m Desnivel ascendente: 145 m Itinerario: Frontenac, Creon, Latresne &hellip; <a href=\"https:\/\/www.rulando.es\/?page_id=1221\" class=\"more-link\">Continue reading <span class=\"screen-reader-text\">Frontenac &#8211; Bordeaux<\/span> <span class=\"meta-nav\">&rarr;<\/span><\/a><\/p>\n","protected":false},"author":2,"featured_media":0,"parent":1151,"menu_order":6,"comment_status":"closed","ping_status":"open","template":"","meta":{"footnotes":""},"class_list":["post-1221","page","type-page","status-publish","hentry"],"_links":{"self":[{"href":"https:\/\/www.rulando.es\/index.php?rest_route=\/wp\/v2\/pages\/1221","targetHints":{"allow":["GET"]}}],"collection":[{"href":"https:\/\/www.rulando.es\/index.php?rest_route=\/wp\/v2\/pages"}],"about":[{"href":"https:\/\/www.rulando.es\/index.php?rest_route=\/wp\/v2\/types\/page"}],"author":[{"embeddable":true,"href":"https:\/\/www.rulando.es\/index.php?rest_route=\/wp\/v2\/users\/2"}],"replies":[{"embeddable":true,"href":"https:\/\/www.rulando.es\/index.php?rest_route=%2Fwp%2Fv2%2Fcomments&post=1221"}],"version-history":[{"count":20,"href":"https:\/\/www.rulando.es\/index.php?rest_route=\/wp\/v2\/pages\/1221\/revisions"}],"predecessor-version":[{"id":1785,"href":"https:\/\/www.rulando.es\/index.php?rest_route=\/wp\/v2\/pages\/1221\/revisions\/1785"}],"up":[{"embeddable":true,"href":"https:\/\/www.rulando.es\/index.php?rest_route=\/wp\/v2\/pages\/1151"}],"wp:attachment":[{"href":"https:\/\/www.rulando.es\/index.php?rest_route=%2Fwp%2Fv2%2Fmedia&parent=1221"}],"curies":[{"name":"wp","href":"https:\/\/api.w.org\/{rel}","templated":true}]}}