{"id":1213,"date":"2011-07-04T13:46:02","date_gmt":"2011-07-04T11:46:02","guid":{"rendered":"http:\/\/www.rulando.es\/?page_id=1213"},"modified":"2023-04-17T16:42:17","modified_gmt":"2023-04-17T14:42:17","slug":"la-reole-frontenac","status":"publish","type":"page","link":"https:\/\/www.rulando.es\/?page_id=1213","title":{"rendered":"La R\u00e9ole &#8211; Frontenac"},"content":{"rendered":"<p><strong> RESUMEN <\/strong><\/p>\n<p style=\"text-align: justify;\">Etapa por carreteras secundarias hasta Sauveterre de Guyenne, donde tomamos la &#8220;pista ciclable&#8221; Roger Lapebie. Se trata de una v\u00eda verde acondicionada sobre un antiguo trazado ferroviario<\/p>\n<table style=\"width: 498px;\" border=\"0\" cellspacing=\"0\" cellpadding=\"0\">\n<tbody>\n<tr>\n<td style=\"border: 1px solid #ffffff; text-align: center;\"><a href=\"http:\/\/www.rulando.es\/croquis\/5_LaReole-Frontenac.jpg\" target=\"_blank\" rel=\"noopener\"> <img loading=\"lazy\" decoding=\"async\" class=\"aligncenter\" title=\"Croquis de la ruta\" src=\"http:\/\/www.rulando.es\/wp-content\/uploads\/2009\/01\/rul3dmap.jpg\" alt=\"Descarga el croquis\" width=\"90\" height=\"73\" \/> <\/a><\/td>\n<td style=\"border: 1px solid #ffffff; text-align: center;\"><a href=\"http:\/\/www.rulando.es\/croquis\/LaReole-Sauveterre.jpg\" target=\"_blank\" rel=\"noopener\"> <img loading=\"lazy\" decoding=\"async\" class=\"aligncenter\" title=\"Detalle enlace v\u00edas verdes\" src=\"http:\/\/www.rulando.es\/wp-content\/uploads\/2009\/01\/rul3dmap.jpg\" alt=\"Descarga el croquis\" width=\"90\" height=\"73\" \/> <\/a><\/td>\n<td style=\"border: 1px solid #ffffff; text-align: center;\"><a href=\"http:\/\/www.rulando.es\/tracks\/5_LaReole-Frontenac.zip\" target=\"_blank\" rel=\"noopener\"> <img loading=\"lazy\" decoding=\"async\" title=\"Fichero GPX\" src=\"http:\/\/www.rulando.es\/wp-content\/uploads\/2009\/01\/rul3dgpx1.jpg\" alt=\"\" width=\"80\" height=\"80\" \/> <\/a><\/td>\n<\/tr>\n<tr>\n<td style=\"border: 1px solid #ffffff; text-align: center;\"><span style=\"color: #808080; font-size: 10px;\"> <a href=\"http:\/\/www.rulando.es\/croquis\/5_LaReole-Frontenac.jpg\" target=\"_blank\" rel=\"noopener\"> <span style=\"color: #808080;\"> \u00a0 <\/span> <\/a> Mapa etapa <\/span><\/td>\n<td style=\"border: 1px solid #ffffff; text-align: center;\"><span style=\"color: #808080; font-size: 10px;\"> <a href=\"http:\/\/www.rulando.es\/croquis\/LaReole-Sauveterre.jpg\" target=\"_blank\" rel=\"noopener\"> <span style=\"color: #808080;\"> \u00a0 <\/span> <\/a> Mapa detalle <\/span><\/td>\n<td style=\"border: 1px solid #ffffff; text-align: center;\"><a href=\"http:\/\/www.rulando.es\/tracks\/5_LaReole-Frontenac.zip\" target=\"_blank\" rel=\"noopener\"> \u00a0 <\/a><\/td>\n<\/tr>\n<\/tbody>\n<\/table>\n<p><strong> <a href=\"http:\/\/www.rulando.es\/wp-content\/uploads\/2011\/07\/Etapa5-LesGalantes.jpg\"> <img loading=\"lazy\" decoding=\"async\" class=\"aligncenter size-full wp-image-1255\" title=\"Etapa5-LesGalantes\" src=\"http:\/\/www.rulando.es\/wp-content\/uploads\/2011\/07\/Etapa5-LesGalantes.jpg\" alt=\"\" width=\"470\" height=\"278\" srcset=\"https:\/\/www.rulando.es\/wp-content\/uploads\/2011\/07\/Etapa5-LesGalantes.jpg 470w, https:\/\/www.rulando.es\/wp-content\/uploads\/2011\/07\/Etapa5-LesGalantes-300x177.jpg 300w\" sizes=\"auto, (max-width: 470px) 100vw, 470px\" \/> <\/a> <\/strong><\/p>\n<p><strong> CARACTER\u00cdSTICAS PRINCIPALES <\/strong><\/p>\n<ul>\n<li>\n<div>Tipo: lineal <strong> (S\u00d3LO IDA) <\/strong><\/div>\n<\/li>\n<li>\n<div>Longitud: 48,0 km (*)<\/div>\n<\/li>\n<li>\n<div>Inicio: La R\u00e9ole (ribera del Garona)<\/div>\n<\/li>\n<li>\n<div>Final: Frontenac<\/div>\n<\/li>\n<li>\n<div>Desnivel descendente:\u00a0140 m<\/div>\n<\/li>\n<li>\n<div>Desnivel ascendente: 165 m<\/div>\n<\/li>\n<li>Itinerario: La R\u00e9ole, Bagas, Loubens, Saint Martin de Lerrm, Sauveterre de Guyenne, Saint Brice y Frontenac<\/li>\n<li>Lugares de Inter\u00e9s: La R\u00e9ole, Moulin de Loubens, Sauveterre de Guyenne<\/li>\n<li>Cartograf\u00eda: Carte touristique Voie Verte Bordeaux &#8211; Toulouse \u00e0 V\u00e9lo<\/li>\n<\/ul>\n<blockquote><p>(*) Datos obtenidos mediante GPS<\/p><\/blockquote>\n<p><strong> MAPA Y PERFIL LONGITUDINAL <\/strong><br \/>\n[map style=&#8221;width: auto; height:400px; margin:20px 0px 20px 0px; border: 1px solid black;&#8221; gpx=&#8221;http:\/\/www.rulando.es\/tracks\/5_LaReole-Frontenac.gpx&#8221;]<\/p>\n<p><strong> DESCRIPCI\u00d3N <\/strong><br \/>\nEsta etapa discurre principalmente por peque\u00f1as carreteras entre aldeas, vi\u00f1edos y campos variados. Subidas y bajadas hasta alcanzar Sauveterre de Guyenne, donde se inicia la v\u00eda verde Roger Lapebie, antiguo trazado ferroviario ahora asfaltado para ciclistas y peatones. A destacar la excelente se\u00f1alizaci\u00f3n, a veces excesiva, en intersecciones y desv\u00edos.<\/p>\n<p>Para conectar La R\u00e9ole con Sauveterre ha sido esencial la gu\u00eda que indicamos en la descripci\u00f3n general de la ruta. Siguiendo esta propuesta se evitan carreteras con mucha circulaci\u00f3n y sin arc\u00e9n, peligrosas para los ciclistas. \u00danicamente los primeros kil\u00f3metros desde La R\u00e9ole no son muy agradables, pero pasan r\u00e1pido. Se recoge en nuestro track GPS.<\/p>\n<p>En Sauveterre, la antigua estaci\u00f3n de tren se ha convertido en oficina de turismo. En este punto tomamos la v\u00eda verde hasta Frontenac, donde realizamos nuestra \u00faltima parada antes de Burdeos.<\/p>\n<p>El tramo por carreteras secundarias es, en general, soleado pero la v\u00eda verde suele tener buena sombra.<\/p>\n<p>En Frontenac nos alojamos Chez Michele Duranteau. Esta vez la casa tiene derecho a cocina. En el pueblo hay una peque\u00f1a tienda con panader\u00eda y un peque\u00f1o bar. Suficiente para una noche.<\/p>\n<p><strong> \u00a0 <\/strong> <strong> <a href=\"http:\/\/www.rulando.es\/wp-content\/uploads\/2011\/07\/Etapa5-PorCarretera1.jpg\"> <img loading=\"lazy\" decoding=\"async\" class=\"aligncenter\" title=\"Etapa5-PorCarretera\" src=\"http:\/\/www.rulando.es\/wp-content\/uploads\/2011\/07\/Etapa5-PorCarretera1.jpg\" alt=\"\" width=\"470\" height=\"288\" \/> <\/a> <\/strong><\/p>\n<p><strong> CROQUIS DE RUTA <\/strong><br \/>\n<a href=\"http:\/\/www.rulando.es\/croquis\/5_LaReole-Frontenac.jpg\"> Descargar croquis de ruta <\/a><\/p>\n<p><strong> ARCHIVO GPS <\/strong><br \/>\n<a href=\"http:\/\/www.rulando.es\/tracks\/5_LaReole-Frontenac.zip\"> Descargar fichero GPX <\/a><\/p>\n<p><strong> LINKS <\/strong><br \/>\n<a href=\"http:\/\/micheleduranteau.free.fr\/\"> http:\/\/micheleduranteau.free.fr\/ <\/a><\/p>\n<p><strong> <a href=\"http:\/\/www.rulando.es\/wp-content\/uploads\/2011\/07\/Etapa5-VivaElvino1.jpg\"> <img loading=\"lazy\" decoding=\"async\" class=\"aligncenter size-full wp-image-1260\" title=\"Etapa5-VivaElvino\" src=\"http:\/\/www.rulando.es\/wp-content\/uploads\/2011\/07\/Etapa5-VivaElvino1.jpg\" alt=\"\" width=\"470\" height=\"274\" srcset=\"https:\/\/www.rulando.es\/wp-content\/uploads\/2011\/07\/Etapa5-VivaElvino1.jpg 470w, https:\/\/www.rulando.es\/wp-content\/uploads\/2011\/07\/Etapa5-VivaElvino1-300x174.jpg 300w\" sizes=\"auto, (max-width: 470px) 100vw, 470px\" \/> <\/a> <\/strong><\/p>\n","protected":false},"excerpt":{"rendered":"<p>RESUMEN Etapa por carreteras secundarias hasta Sauveterre de Guyenne, donde tomamos la &#8220;pista ciclable&#8221; Roger Lapebie. Se trata de una v\u00eda verde acondicionada sobre un antiguo trazado ferroviario \u00a0 Mapa etapa \u00a0 Mapa detalle \u00a0 CARACTER\u00cdSTICAS PRINCIPALES Tipo: lineal (S\u00d3LO IDA) Longitud: 48,0 km (*) Inicio: La R\u00e9ole (ribera del Garona) Final: Frontenac Desnivel descendente:\u00a0140 &hellip; <a href=\"https:\/\/www.rulando.es\/?page_id=1213\" class=\"more-link\">Continue reading <span class=\"screen-reader-text\">La R\u00e9ole &#8211; Frontenac<\/span> <span class=\"meta-nav\">&rarr;<\/span><\/a><\/p>\n","protected":false},"author":2,"featured_media":0,"parent":1151,"menu_order":5,"comment_status":"closed","ping_status":"open","template":"","meta":{"footnotes":""},"class_list":["post-1213","page","type-page","status-publish","hentry"],"_links":{"self":[{"href":"https:\/\/www.rulando.es\/index.php?rest_route=\/wp\/v2\/pages\/1213","targetHints":{"allow":["GET"]}}],"collection":[{"href":"https:\/\/www.rulando.es\/index.php?rest_route=\/wp\/v2\/pages"}],"about":[{"href":"https:\/\/www.rulando.es\/index.php?rest_route=\/wp\/v2\/types\/page"}],"author":[{"embeddable":true,"href":"https:\/\/www.rulando.es\/index.php?rest_route=\/wp\/v2\/users\/2"}],"replies":[{"embeddable":true,"href":"https:\/\/www.rulando.es\/index.php?rest_route=%2Fwp%2Fv2%2Fcomments&post=1213"}],"version-history":[{"count":20,"href":"https:\/\/www.rulando.es\/index.php?rest_route=\/wp\/v2\/pages\/1213\/revisions"}],"predecessor-version":[{"id":1784,"href":"https:\/\/www.rulando.es\/index.php?rest_route=\/wp\/v2\/pages\/1213\/revisions\/1784"}],"up":[{"embeddable":true,"href":"https:\/\/www.rulando.es\/index.php?rest_route=\/wp\/v2\/pages\/1151"}],"wp:attachment":[{"href":"https:\/\/www.rulando.es\/index.php?rest_route=%2Fwp%2Fv2%2Fmedia&parent=1213"}],"curies":[{"name":"wp","href":"https:\/\/api.w.org\/{rel}","templated":true}]}}