{"id":1204,"date":"2011-07-04T13:28:34","date_gmt":"2011-07-04T11:28:34","guid":{"rendered":"http:\/\/www.rulando.es\/?page_id=1204"},"modified":"2023-04-17T16:42:17","modified_gmt":"2023-04-17T14:42:17","slug":"saint-leger-la-reole","status":"publish","type":"page","link":"https:\/\/www.rulando.es\/?page_id=1204","title":{"rendered":"Saint L\u00e9ger &#8211; La R\u00e9ole"},"content":{"rendered":"<p><strong>RESUMEN<\/strong><\/p>\n<p>\u00daltima etapa por el canal del Garona. Nuevas v\u00edas nos esperan.\u00a0Abandonamos el canal en\u00a0Fontet y aqu\u00ed nos desviamos hacia La R\u00e9ole.<\/p>\n<table style=\"width: 498px;\" border=\"0\" cellspacing=\"0\" cellpadding=\"0\">\n<tbody>\n<tr>\n<td style=\"border: 1px solid #ffffff;\"><a href=\"http:\/\/www.rulando.es\/croquis\/4_StLeger-LaReole.jpg\" target=\"_blank\" rel=\"noopener\"><img loading=\"lazy\" decoding=\"async\" class=\"aligncenter\" title=\"Croquis de la ruta\" src=\"http:\/\/www.rulando.es\/wp-content\/uploads\/2009\/01\/rul3dmap.jpg\" alt=\"Descarga el croquis\" width=\"90\" height=\"73\" \/><\/a><\/td>\n<td style=\"border: 1px solid #ffffff;\"><a href=\"http:\/\/www.rulando.es\/tracks\/4_StLeger-LaReole.zip\" target=\"_blank\" rel=\"noopener\"><img loading=\"lazy\" decoding=\"async\" class=\"aligncenter\" title=\"Fichero GPX\" src=\"http:\/\/www.rulando.es\/wp-content\/uploads\/2009\/01\/rul3dgpx1.jpg\" alt=\"\" width=\"80\" height=\"80\" \/><\/a><\/td>\n<\/tr>\n<\/tbody>\n<\/table>\n<p><strong><a href=\"http:\/\/www.rulando.es\/wp-content\/uploads\/2011\/07\/Etapa4-Barco.jpg\"><img loading=\"lazy\" decoding=\"async\" class=\"aligncenter size-full wp-image-1250\" title=\"Etapa4-Barco\" src=\"http:\/\/www.rulando.es\/wp-content\/uploads\/2011\/07\/Etapa4-Barco.jpg\" alt=\"\" width=\"470\" height=\"305\" srcset=\"https:\/\/www.rulando.es\/wp-content\/uploads\/2011\/07\/Etapa4-Barco.jpg 470w, https:\/\/www.rulando.es\/wp-content\/uploads\/2011\/07\/Etapa4-Barco-300x194.jpg 300w\" sizes=\"auto, (max-width: 470px) 100vw, 470px\" \/><\/a><\/strong><\/p>\n<p><strong>CARACTER\u00cdSTICAS PRINCIPALES<\/strong><\/p>\n<ul>\n<li>\n<div>Tipo: lineal <strong>(S\u00d3LO IDA)<\/strong><\/div>\n<\/li>\n<li>\n<div>Longitud:\u00a048,0 km (*)<\/div>\n<\/li>\n<li>\n<div>Inicio: Saint L\u00e9ger (pr\u00f3ximo a Aiguillon)<\/div>\n<\/li>\n<li>\n<div>Final:\u00a0La R\u00e9ole (track s\u00f3lo hasta Fontet)<\/div>\n<\/li>\n<li>\n<div>Desnivel descendente:\u00a026 m<\/div>\n<\/li>\n<li>\n<div>Desnivel ascendente:\u00a011 m<\/div>\n<\/li>\n<li>Itinerario:\u00a0Saint L\u00e9ger, Damazan, le Mas d&#8217;Agenais, Meilhan sur Garonne, Fontet y La R\u00e9ole.<\/li>\n<li>\u00a0Lugares de Inter\u00e9s: Fontet, La R\u00e9ole<\/li>\n<li>Cartograf\u00eda: Carte touristique Voie Verte Bordeaux &#8211; Toulouse \u00e0 V\u00e9lo<\/li>\n<\/ul>\n<blockquote><p>(*) Datos obtenidos mediante GPS<\/p><\/blockquote>\n<p><strong>MAPA Y PERFIL LONGITUDINAL<\/strong><br \/>\n[map style=&#8221;width: auto; height:400px; margin:20px 0px 20px 0px; border: 1px solid black;&#8221; gpx=&#8221;http:\/\/www.rulando.es\/tracks\/4_StLeger-LaReole.gpx&#8221;]<\/p>\n<p><strong>DESCRIPCI\u00d3N<\/strong><br \/>\nEvitando la D-642 y, sobre todo, la peligrosa D \u2013 8, con mucho tr\u00e1fico de veh\u00edculos pesados, retornamos al canal. Pasamos junto a Damazan, le Mas d\u2019Agenais, Meilhan sur Garonne y, finalmente, Fontet, con un estupendo puerto n\u00e1utico y \u00e1rea recreativa. Aqu\u00ed dejaremos el camino del canal, pese a que \u00e9ste contin\u00faa hasta Castets \u2013 en \u2013 Dorthe, y nos dirijimos a La Reole.<\/p>\n<p>La ruta hasta La R\u00e8ole, se realiza de nuevo por peque\u00f1as carreteras rurales con apenas tr\u00e1fico, tal y como indica la Gu\u00eda de referencia: desv\u00edo en el Pont Berrat. Se sigue un camino rural asfaltado a lo largo del Garona. En una bifurcaci\u00f3n giramos a la izquierda continuando paralelos a un dique del Garona. Pasamos bajo la autopista y llegamos a la carretera D9e6, hasta llegar al puente colgante al pie de La R\u00e9ole. Nos alojamos en el casco antiguo de La R\u00e9ole, asentado sobre un peque\u00f1o promontorio y, por lo tanto, con tremendas cuestas.<\/p>\n<p>De nuevo\u00a0el alojamiento es\u00a0en casas rurales. Parte de la expedici\u00f3n en \u201cLes Galantes\u201d, y otra parte en \u201cHotes en reolais\u201d. En este pueblo medieval hay una oferta aceptable de restaurantes y otros servicios.<\/p>\n<p><strong><a href=\"http:\/\/www.rulando.es\/wp-content\/uploads\/2011\/07\/Etapa4-Puente.jpg\"><img loading=\"lazy\" decoding=\"async\" class=\"aligncenter size-full wp-image-1252\" title=\"Etapa4-Puente\" src=\"http:\/\/www.rulando.es\/wp-content\/uploads\/2011\/07\/Etapa4-Puente.jpg\" alt=\"\" width=\"470\" height=\"228\" srcset=\"https:\/\/www.rulando.es\/wp-content\/uploads\/2011\/07\/Etapa4-Puente.jpg 470w, https:\/\/www.rulando.es\/wp-content\/uploads\/2011\/07\/Etapa4-Puente-300x145.jpg 300w\" sizes=\"auto, (max-width: 470px) 100vw, 470px\" \/><\/a><\/strong><\/p>\n<p><strong>CROQUIS DE RUTA<br \/>\n<\/strong><a href=\"http:\/\/www.rulando.es\/croquis\/4_StLeger-LaReole.jpg\">Descargar croquis de ruta<\/a><\/p>\n<p><strong>ARCHIVO GPS<br \/>\n<\/strong><a href=\"http:\/\/www.rulando.es\/tracks\/4_StLeger-LaReole.zip\">Descargar fichero GPX<\/a><\/p>\n<p><strong>LINKS<\/strong><br \/>\n<a href=\"http:\/\/www.les-galantes.com\/\">http:\/\/www.les-galantes.com\/<\/a><br \/>\n<a href=\"http:\/\/aquitainechambresdhotes.moonfruit.fr\/\">http:\/\/aquitainechambredhotes.moonfruit.fr\/<\/a><\/p>\n<p><strong><a href=\"http:\/\/www.rulando.es\/wp-content\/uploads\/2011\/07\/Etapa4-Puerto.jpg\"><img loading=\"lazy\" decoding=\"async\" class=\"aligncenter size-full wp-image-1253\" title=\"Etapa4-Puerto\" src=\"http:\/\/www.rulando.es\/wp-content\/uploads\/2011\/07\/Etapa4-Puerto.jpg\" alt=\"\" width=\"470\" height=\"258\" srcset=\"https:\/\/www.rulando.es\/wp-content\/uploads\/2011\/07\/Etapa4-Puerto.jpg 470w, https:\/\/www.rulando.es\/wp-content\/uploads\/2011\/07\/Etapa4-Puerto-300x164.jpg 300w\" sizes=\"auto, (max-width: 470px) 100vw, 470px\" \/><\/a><\/strong><\/p>\n","protected":false},"excerpt":{"rendered":"<p>RESUMEN \u00daltima etapa por el canal del Garona. Nuevas v\u00edas nos esperan.\u00a0Abandonamos el canal en\u00a0Fontet y aqu\u00ed nos desviamos hacia La R\u00e9ole. CARACTER\u00cdSTICAS PRINCIPALES Tipo: lineal (S\u00d3LO IDA) Longitud:\u00a048,0 km (*) Inicio: Saint L\u00e9ger (pr\u00f3ximo a Aiguillon) Final:\u00a0La R\u00e9ole (track s\u00f3lo hasta Fontet) Desnivel descendente:\u00a026 m Desnivel ascendente:\u00a011 m Itinerario:\u00a0Saint L\u00e9ger, Damazan, le Mas d&#8217;Agenais, &hellip; <a href=\"https:\/\/www.rulando.es\/?page_id=1204\" class=\"more-link\">Continue reading <span class=\"screen-reader-text\">Saint L\u00e9ger &#8211; La R\u00e9ole<\/span> <span class=\"meta-nav\">&rarr;<\/span><\/a><\/p>\n","protected":false},"author":2,"featured_media":0,"parent":1151,"menu_order":4,"comment_status":"closed","ping_status":"open","template":"","meta":{"footnotes":""},"class_list":["post-1204","page","type-page","status-publish","hentry"],"_links":{"self":[{"href":"https:\/\/www.rulando.es\/index.php?rest_route=\/wp\/v2\/pages\/1204","targetHints":{"allow":["GET"]}}],"collection":[{"href":"https:\/\/www.rulando.es\/index.php?rest_route=\/wp\/v2\/pages"}],"about":[{"href":"https:\/\/www.rulando.es\/index.php?rest_route=\/wp\/v2\/types\/page"}],"author":[{"embeddable":true,"href":"https:\/\/www.rulando.es\/index.php?rest_route=\/wp\/v2\/users\/2"}],"replies":[{"embeddable":true,"href":"https:\/\/www.rulando.es\/index.php?rest_route=%2Fwp%2Fv2%2Fcomments&post=1204"}],"version-history":[{"count":13,"href":"https:\/\/www.rulando.es\/index.php?rest_route=\/wp\/v2\/pages\/1204\/revisions"}],"predecessor-version":[{"id":1783,"href":"https:\/\/www.rulando.es\/index.php?rest_route=\/wp\/v2\/pages\/1204\/revisions\/1783"}],"up":[{"embeddable":true,"href":"https:\/\/www.rulando.es\/index.php?rest_route=\/wp\/v2\/pages\/1151"}],"wp:attachment":[{"href":"https:\/\/www.rulando.es\/index.php?rest_route=%2Fwp%2Fv2%2Fmedia&parent=1204"}],"curies":[{"name":"wp","href":"https:\/\/api.w.org\/{rel}","templated":true}]}}