{"id":1197,"date":"2011-07-03T20:20:03","date_gmt":"2011-07-03T18:20:03","guid":{"rendered":"http:\/\/www.rulando.es\/?page_id=1197"},"modified":"2023-04-17T16:42:17","modified_gmt":"2023-04-17T14:42:17","slug":"valence-dagen-saint-leger","status":"publish","type":"page","link":"https:\/\/www.rulando.es\/?page_id=1197","title":{"rendered":"Valence d&#8217;Agen &#8211; Saint L\u00e9ger"},"content":{"rendered":"<p><strong>RESUMEN<\/strong><\/p>\n<p style=\"text-align: justify;\">Nuestra tercera etapa sigue su rutina por el canal, salvo al final, donde nos separamos un poquito de \u00e9l para alojarnos en un &#8220;chateau&#8221;.<\/p>\n<table style=\"width: 498px;\" border=\"0\" cellspacing=\"0\" cellpadding=\"0\">\n<tbody>\n<tr>\n<td style=\"border: 1px solid #ffffff;\"><a href=\"http:\/\/www.rulando.es\/croquis\/3_ValencedAgen-StLeger.jpg\" target=\"_blank\" rel=\"noopener\"><img loading=\"lazy\" decoding=\"async\" class=\"aligncenter\" title=\"Croquis de la ruta\" src=\"http:\/\/www.rulando.es\/wp-content\/uploads\/2009\/01\/rul3dmap.jpg\" alt=\"Descarga el croquis\" width=\"90\" height=\"73\" \/><\/a><\/td>\n<td style=\"border: 1px solid #ffffff;\"><a href=\"http:\/\/www.rulando.es\/tracks\/3_ValencedAgen-StLeger.zip\" target=\"_blank\" rel=\"noopener\"><img loading=\"lazy\" decoding=\"async\" class=\"aligncenter\" title=\"Fichero GPX\" src=\"http:\/\/www.rulando.es\/wp-content\/uploads\/2009\/01\/rul3dgpx1.jpg\" alt=\"\" width=\"80\" height=\"80\" \/><\/a><\/td>\n<\/tr>\n<\/tbody>\n<\/table>\n<p style=\"text-align: justify;\"><span style=\"color: #ff0000;\"><strong>\u00a0<\/strong><\/span><\/p>\n<p><strong><a href=\"http:\/\/www.rulando.es\/wp-content\/uploads\/2011\/07\/Etapa3-Barco.jpg\"><img loading=\"lazy\" decoding=\"async\" class=\"aligncenter size-full wp-image-1246\" title=\"Etapa3-Barco\" src=\"http:\/\/www.rulando.es\/wp-content\/uploads\/2011\/07\/Etapa3-Barco.jpg\" alt=\"\" width=\"470\" height=\"271\" srcset=\"https:\/\/www.rulando.es\/wp-content\/uploads\/2011\/07\/Etapa3-Barco.jpg 470w, https:\/\/www.rulando.es\/wp-content\/uploads\/2011\/07\/Etapa3-Barco-300x172.jpg 300w\" sizes=\"auto, (max-width: 470px) 100vw, 470px\" \/><\/a><\/strong><\/p>\n<p><strong>CARACTER\u00cdSTICAS PRINCIPALES<\/strong><\/p>\n<ul>\n<li>\n<div>Tipo: lineal <strong>(S\u00d3LO IDA)<\/strong><\/div>\n<\/li>\n<li>\n<div>Longitud:\u00a061,0 km (*)<\/div>\n<\/li>\n<li>\n<div>Inicio: Valence d&#8217;Agen (place Sylvane Dumon)<\/div>\n<\/li>\n<li>\n<div>Final:\u00a0Saint L\u00e9ger (pr\u00f3ximo a Aiguillon)<\/div>\n<\/li>\n<li>\n<div>Desnivel descendente:\u00a046 m<\/div>\n<\/li>\n<li>\n<div>Desnivel ascendente:\u00a08 m<\/div>\n<\/li>\n<li>Itinerario: Valence d&#8217;Agen, Agen, Serignac sur Garonne y Buzet sur Baise<\/li>\n<li>\u00a0Lugares de Inter\u00e9s: Pont-Canal d&#8217;Agen, Buzet sur Baise<\/li>\n<li>Cartograf\u00eda: Carte touristique Voie Verte Bordeaux &#8211; Toulouse \u00e0 V\u00e9lo<\/li>\n<\/ul>\n<blockquote><p>(*) Datos obtenidos mediante GPS<\/p><\/blockquote>\n<p><strong>MAPA Y PERFIL LONGITUDINAL<\/strong><\/p>\n<p>[map style=&#8221;width: auto; height:400px; margin:20px 0px 20px 0px; border: 1px solid black;&#8221; gpx=&#8221;http:\/\/www.rulando.es\/tracks\/3_ValencedAgen-StLeger.gpx&#8221;]<\/p>\n<p><strong>DESCRIPCI\u00d3N<\/strong><br \/>\nCon energ\u00edas renovadas y pese a que es un d\u00eda de calor (calor franc\u00e9s, claro) comenzamos de nuevo a pedalear bajo \u00e1rboles centenarios. La sombra y el fresquito del canal nos protegen. Los patos y alguna nutria nos saludan \u00a1qu\u00e9 bien se va por aqu\u00ed!.<\/p>\n<p>Es un remanso de paz: pescadores, turistas en barco, ciclistas, caminantes, no hay nada que nos preocupe.<br \/>\nM\u00e1s adelante rodeamos siempre junto a nuestro querido canal, la ciudad de Agen. Al abandonarla nos sorprende un nuevo pont \u2013 canal, esta vez sobre el propio Garona.<\/p>\n<p>Continuamos hasta Bizet \u2013 sur \u2013 Ba\u00efse, donde dejamos el canal para tomar la carretera departamental D \u2013 642, sin arc\u00e9n pero con poco tr\u00e1fico. Nos dirigimos a Saint \u2013 L\u00e9ger donde nos alojamos en el \u201cChateau des Greniers\u201d, estupenda casona. La conexi\u00f3n con el canal puede hacerse tambi\u00e9n por carreteras menos transitadas pero eso no lo sabr\u00edamos hasta el d\u00eda siguiente a la vuelta.<\/p>\n<p>De nuevo la \u201cchambres d\u2019hotes\u201d cumplen sus expectativas y disfrutamos de una estupenda casa y una buena cena. Saint \u2013 L\u00e9ger es pr\u00e1cticamente una aldea sin ning\u00fan otro servicio tur\u00edstico.<\/p>\n<p><strong><a href=\"http:\/\/www.rulando.es\/wp-content\/uploads\/2011\/07\/Etapa3-BiciRutera.jpg\"><img loading=\"lazy\" decoding=\"async\" class=\"aligncenter size-full wp-image-1247\" title=\"Etapa3-BiciRutera\" src=\"http:\/\/www.rulando.es\/wp-content\/uploads\/2011\/07\/Etapa3-BiciRutera.jpg\" alt=\"\" width=\"470\" height=\"302\" srcset=\"https:\/\/www.rulando.es\/wp-content\/uploads\/2011\/07\/Etapa3-BiciRutera.jpg 470w, https:\/\/www.rulando.es\/wp-content\/uploads\/2011\/07\/Etapa3-BiciRutera-300x192.jpg 300w\" sizes=\"auto, (max-width: 470px) 100vw, 470px\" \/><\/a><\/strong><\/p>\n<p><strong>CROQUIS DE RUTA<br \/>\n<\/strong><a href=\"http:\/\/www.rulando.es\/croquis\/3_ValencedAgen-StLeger.jpg\">Descargar croquis de ruta<\/a><\/p>\n<p><strong>ARCHIVO GPS<br \/>\n<\/strong><a href=\"http:\/\/www.rulando.es\/tracks\/3_ValencedAgen-StLeger.zip\">Descargar fichero GPX<\/a><\/p>\n<p><strong>LINKS<\/strong><br \/>\n<a href=\"http:\/\/www.chateaudegrenier.com\/\">http:\/\/www.chateaudegrenier.com\/<\/a><\/p>\n<p><strong><a href=\"http:\/\/www.rulando.es\/wp-content\/uploads\/2011\/07\/Etapa3-ciclistaSoleado.jpg\"><img loading=\"lazy\" decoding=\"async\" class=\"aligncenter size-full wp-image-1248\" title=\"Etapa3-ciclistaSoleado\" src=\"http:\/\/www.rulando.es\/wp-content\/uploads\/2011\/07\/Etapa3-ciclistaSoleado.jpg\" alt=\"\" width=\"470\" height=\"293\" srcset=\"https:\/\/www.rulando.es\/wp-content\/uploads\/2011\/07\/Etapa3-ciclistaSoleado.jpg 470w, https:\/\/www.rulando.es\/wp-content\/uploads\/2011\/07\/Etapa3-ciclistaSoleado-300x187.jpg 300w\" sizes=\"auto, (max-width: 470px) 100vw, 470px\" \/><\/a><\/strong><\/p>\n","protected":false},"excerpt":{"rendered":"<p>RESUMEN Nuestra tercera etapa sigue su rutina por el canal, salvo al final, donde nos separamos un poquito de \u00e9l para alojarnos en un &#8220;chateau&#8221;. \u00a0 CARACTER\u00cdSTICAS PRINCIPALES Tipo: lineal (S\u00d3LO IDA) Longitud:\u00a061,0 km (*) Inicio: Valence d&#8217;Agen (place Sylvane Dumon) Final:\u00a0Saint L\u00e9ger (pr\u00f3ximo a Aiguillon) Desnivel descendente:\u00a046 m Desnivel ascendente:\u00a08 m Itinerario: Valence d&#8217;Agen, &hellip; <a href=\"https:\/\/www.rulando.es\/?page_id=1197\" class=\"more-link\">Continue reading <span class=\"screen-reader-text\">Valence d&#8217;Agen &#8211; Saint L\u00e9ger<\/span> <span class=\"meta-nav\">&rarr;<\/span><\/a><\/p>\n","protected":false},"author":2,"featured_media":0,"parent":1151,"menu_order":3,"comment_status":"closed","ping_status":"open","template":"","meta":{"footnotes":""},"class_list":["post-1197","page","type-page","status-publish","hentry"],"_links":{"self":[{"href":"https:\/\/www.rulando.es\/index.php?rest_route=\/wp\/v2\/pages\/1197","targetHints":{"allow":["GET"]}}],"collection":[{"href":"https:\/\/www.rulando.es\/index.php?rest_route=\/wp\/v2\/pages"}],"about":[{"href":"https:\/\/www.rulando.es\/index.php?rest_route=\/wp\/v2\/types\/page"}],"author":[{"embeddable":true,"href":"https:\/\/www.rulando.es\/index.php?rest_route=\/wp\/v2\/users\/2"}],"replies":[{"embeddable":true,"href":"https:\/\/www.rulando.es\/index.php?rest_route=%2Fwp%2Fv2%2Fcomments&post=1197"}],"version-history":[{"count":15,"href":"https:\/\/www.rulando.es\/index.php?rest_route=\/wp\/v2\/pages\/1197\/revisions"}],"predecessor-version":[{"id":1782,"href":"https:\/\/www.rulando.es\/index.php?rest_route=\/wp\/v2\/pages\/1197\/revisions\/1782"}],"up":[{"embeddable":true,"href":"https:\/\/www.rulando.es\/index.php?rest_route=\/wp\/v2\/pages\/1151"}],"wp:attachment":[{"href":"https:\/\/www.rulando.es\/index.php?rest_route=%2Fwp%2Fv2%2Fmedia&parent=1197"}],"curies":[{"name":"wp","href":"https:\/\/api.w.org\/{rel}","templated":true}]}}