{"id":1186,"date":"2011-07-01T21:02:30","date_gmt":"2011-07-01T19:02:30","guid":{"rendered":"http:\/\/www.rulando.es\/?page_id=1186"},"modified":"2023-04-17T16:42:17","modified_gmt":"2023-04-17T14:42:17","slug":"st-porquier-valence-dagen","status":"publish","type":"page","link":"https:\/\/www.rulando.es\/?page_id=1186","title":{"rendered":"Saint Porquier &#8211; Valence d&#8217;Agen"},"content":{"rendered":"<p><strong>RESUMEN<\/strong><\/p>\n<p style=\"text-align: justify;\">Segunda etapa siguiendo el canal del Garona, ahora a la derecha, ahora a la izquierda. No nos detenemos hasta la poblaci\u00f3n de Valence d&#8217;Agen.<\/p>\n<table style=\"width: 522px; height: 84px;\" border=\"0\" cellspacing=\"0\" cellpadding=\"0\">\n<tbody>\n<tr>\n<td style=\"border: 1px solid #ffffff;\"><a href=\"http:\/\/www.rulando.es\/croquis\/2_StPorquier-ValencedAgen.jpg\" target=\"_blank\" rel=\"noopener\"><img loading=\"lazy\" decoding=\"async\" class=\"aligncenter\" title=\"Croquis de la ruta\" src=\"http:\/\/www.rulando.es\/wp-content\/uploads\/2009\/01\/rul3dmap.jpg\" alt=\"Descarga el croquis\" width=\"90\" height=\"73\" \/><\/a><\/td>\n<td style=\"border: 1px solid #ffffff;\"><a href=\"http:\/\/www.rulando.es\/tracks\/2_StPorquier-ValencedAgen.zip\" target=\"_blank\" rel=\"noopener\"><img loading=\"lazy\" decoding=\"async\" class=\"aligncenter\" title=\"Fichero GPX\" src=\"http:\/\/www.rulando.es\/wp-content\/uploads\/2009\/01\/rul3dgpx1.jpg\" alt=\"\" width=\"80\" height=\"80\" \/><\/a><\/td>\n<\/tr>\n<\/tbody>\n<\/table>\n<p><span style=\"color: #ff0000;\"><strong>\u00a0<\/strong><\/span><\/p>\n<p><strong><a href=\"http:\/\/www.rulando.es\/wp-content\/uploads\/2011\/07\/Etapa2-Esclusa.jpg\"><img loading=\"lazy\" decoding=\"async\" class=\"aligncenter size-full wp-image-1240\" title=\"Etapa2-Esclusa\" src=\"http:\/\/www.rulando.es\/wp-content\/uploads\/2011\/07\/Etapa2-Esclusa.jpg\" alt=\"\" width=\"470\" height=\"273\" srcset=\"https:\/\/www.rulando.es\/wp-content\/uploads\/2011\/07\/Etapa2-Esclusa.jpg 470w, https:\/\/www.rulando.es\/wp-content\/uploads\/2011\/07\/Etapa2-Esclusa-300x174.jpg 300w\" sizes=\"auto, (max-width: 470px) 100vw, 470px\" \/><\/a><\/strong><\/p>\n<p><strong>CARACTER\u00cdSTICAS PRINCIPALES<\/strong><\/p>\n<ul>\n<li>\n<div><span style=\"color: #000000;\">Tipo: lineal <strong>(S\u00d3LO IDA)<\/strong><\/span><\/div>\n<\/li>\n<li>\n<div><span style=\"color: #000000;\">Longitud:\u00a033,80 km (*)<\/span><\/div>\n<\/li>\n<li>\n<div><span style=\"color: #000000;\">Inicio: Saint &#8211; Porquier<\/span><\/div>\n<\/li>\n<li>\n<div><span style=\"color: #000000;\">\u00a0<\/span><span style=\"color: #000000;\">Final: Valence d&#8217;Agen (place Sylvane Dumon)<\/span><\/div>\n<\/li>\n<li>\n<div><span style=\"color: #000000;\">\u00a0<\/span><span style=\"color: #000000;\">Desnivel descendente: 20 m<\/span><\/div>\n<\/li>\n<li>\n<div>Desnivel ascendente: 10 m<\/div>\n<\/li>\n<li><span style=\"color: #000000;\">Itinerario: Saint &#8211; Porquier, Castelsarrasin, Moissac, Valence d&#8217;Agen<\/span><\/li>\n<li><span style=\"color: #000000;\">\u00a0<\/span><span style=\"color: #000000;\">Lugares de Inter\u00e9s: Pont-Canal de Moissac, casco urbano de Moissac y Valence d&#8217;Agen<\/span><\/li>\n<li>\n<div><span style=\"color: #000000;\">Cartograf\u00eda: Carte touristique Voie Verte Bordeaux &#8211; Toulouse \u00e0 V\u00e9lo<\/span><\/div>\n<\/li>\n<\/ul>\n<blockquote><p><span style=\"color: #000000;\">(*) Datos obtenidos mediante GPS<\/span><\/p><\/blockquote>\n<p><strong>MAPA Y PERFIL LONGITUDINAL<\/strong><br \/>\n[map style=&#8221;width: auto; height:400px; margin:20px 0px 20px 0px; border: 1px solid black;&#8221; gpx=&#8221;http:\/\/www.rulando.es\/tracks\/2_StPorquier-ValencedAgen.gpx&#8221;]<\/p>\n<p><strong>DESCRIPCI\u00d3N<\/strong><br \/>\nEl segundo d\u00eda puede ser el m\u00e1s duro, as\u00ed que esta etapa es un poco m\u00e1s ligera que la anterior. La jornada discurre entre Saint \u2013 Porquier y Valence d\u2019Agen, poblaci\u00f3n de mayor tama\u00f1o con m\u00e1s diversidad de alojamientos, restaurantes y comercios. L\u00e1stima que estuvimos un lunes y la mayor\u00eda estaban cerrados. Como contrapartida, el martes hay mercado !!<\/p>\n<p>La etapa discurre sin sobresaltos y atraviesa en primer lugar la poblaci\u00f3n de Castelsarrasin. Poco despu\u00e9s cruzamos el r\u00edo Tarn gracias a un estupendo acueducto: \u201cle pont \u2013 canal de Moissac\u201d. Enseguida nos adentramos en la poblaci\u00f3n de Moissac, donde el Tarn y el Garona se funden.<\/p>\n<p>En breve, nos plantamos en Valence d\u2019Agen. Aqu\u00ed nos alojamos en el hotel \u201cLe tout va bien\u201d, y efectivamente, todo fue bien. El acceso desde el canal al casco urbano es pr\u00e1cticamente directo.<\/p>\n<p><span style=\"color: #ff0000;\"><strong>\u00a0<\/strong><\/span><\/p>\n<p>&nbsp;<\/p>\n<p>&nbsp;<\/p>\n<p>&nbsp;<\/p>\n<p><strong><a href=\"http:\/\/www.rulando.es\/wp-content\/uploads\/2011\/07\/Etapa2-PontCanal.jpg\"><img loading=\"lazy\" decoding=\"async\" class=\"aligncenter size-full wp-image-1241\" title=\"Etapa2-PontCanal\" src=\"http:\/\/www.rulando.es\/wp-content\/uploads\/2011\/07\/Etapa2-PontCanal.jpg\" alt=\"\" width=\"470\" height=\"292\" srcset=\"https:\/\/www.rulando.es\/wp-content\/uploads\/2011\/07\/Etapa2-PontCanal.jpg 470w, https:\/\/www.rulando.es\/wp-content\/uploads\/2011\/07\/Etapa2-PontCanal-300x186.jpg 300w\" sizes=\"auto, (max-width: 470px) 100vw, 470px\" \/><\/a><\/strong><\/p>\n<p><strong>CROQUIS DE RUTA<br \/>\n<\/strong><a href=\"http:\/\/www.rulando.es\/croquis\/2_StPorquier-ValencedAgen.jpg\">Descargar croquis de ruta<\/a><\/p>\n<p><strong>ARCHIVO GPS<br \/>\n<\/strong><a href=\"http:\/\/www.rulando.es\/tracks\/2_StPorquier-ValencedAgen.zip\">Descargar fichero GPX<\/a><\/p>\n<p><strong>LINKS<\/strong><br \/>\n<a href=\"http:\/\/www.hotel-letoutvabien.com\">http:\/\/www.hotel-letoutvabien.com\/<\/a><\/p>\n<p><span style=\"color: #ff0000;\"><strong><a href=\"http:\/\/www.rulando.es\/wp-content\/uploads\/2011\/07\/Etapa2-Toutvabien.jpg\"><img loading=\"lazy\" decoding=\"async\" class=\"aligncenter size-full wp-image-1242\" title=\"Etapa2-Toutvabien\" src=\"http:\/\/www.rulando.es\/wp-content\/uploads\/2011\/07\/Etapa2-Toutvabien.jpg\" alt=\"\" width=\"470\" height=\"246\" srcset=\"https:\/\/www.rulando.es\/wp-content\/uploads\/2011\/07\/Etapa2-Toutvabien.jpg 470w, https:\/\/www.rulando.es\/wp-content\/uploads\/2011\/07\/Etapa2-Toutvabien-300x157.jpg 300w\" sizes=\"auto, (max-width: 470px) 100vw, 470px\" \/><\/a><\/strong><\/span><\/p>\n","protected":false},"excerpt":{"rendered":"<p>RESUMEN Segunda etapa siguiendo el canal del Garona, ahora a la derecha, ahora a la izquierda. No nos detenemos hasta la poblaci\u00f3n de Valence d&#8217;Agen. \u00a0 CARACTER\u00cdSTICAS PRINCIPALES Tipo: lineal (S\u00d3LO IDA) Longitud:\u00a033,80 km (*) Inicio: Saint &#8211; Porquier \u00a0Final: Valence d&#8217;Agen (place Sylvane Dumon) \u00a0Desnivel descendente: 20 m Desnivel ascendente: 10 m Itinerario: Saint &hellip; <a href=\"https:\/\/www.rulando.es\/?page_id=1186\" class=\"more-link\">Continue reading <span class=\"screen-reader-text\">Saint Porquier &#8211; Valence d&#8217;Agen<\/span> <span class=\"meta-nav\">&rarr;<\/span><\/a><\/p>\n","protected":false},"author":2,"featured_media":0,"parent":1151,"menu_order":1,"comment_status":"closed","ping_status":"open","template":"","meta":{"footnotes":""},"class_list":["post-1186","page","type-page","status-publish","hentry"],"_links":{"self":[{"href":"https:\/\/www.rulando.es\/index.php?rest_route=\/wp\/v2\/pages\/1186","targetHints":{"allow":["GET"]}}],"collection":[{"href":"https:\/\/www.rulando.es\/index.php?rest_route=\/wp\/v2\/pages"}],"about":[{"href":"https:\/\/www.rulando.es\/index.php?rest_route=\/wp\/v2\/types\/page"}],"author":[{"embeddable":true,"href":"https:\/\/www.rulando.es\/index.php?rest_route=\/wp\/v2\/users\/2"}],"replies":[{"embeddable":true,"href":"https:\/\/www.rulando.es\/index.php?rest_route=%2Fwp%2Fv2%2Fcomments&post=1186"}],"version-history":[{"count":21,"href":"https:\/\/www.rulando.es\/index.php?rest_route=\/wp\/v2\/pages\/1186\/revisions"}],"predecessor-version":[{"id":1781,"href":"https:\/\/www.rulando.es\/index.php?rest_route=\/wp\/v2\/pages\/1186\/revisions\/1781"}],"up":[{"embeddable":true,"href":"https:\/\/www.rulando.es\/index.php?rest_route=\/wp\/v2\/pages\/1151"}],"wp:attachment":[{"href":"https:\/\/www.rulando.es\/index.php?rest_route=%2Fwp%2Fv2%2Fmedia&parent=1186"}],"curies":[{"name":"wp","href":"https:\/\/api.w.org\/{rel}","templated":true}]}}