{"id":1166,"date":"2011-07-01T20:42:35","date_gmt":"2011-07-01T18:42:35","guid":{"rendered":"http:\/\/www.rulando.es\/?page_id=1166"},"modified":"2023-04-17T16:42:17","modified_gmt":"2023-04-17T14:42:17","slug":"toulouse-saint-porquier","status":"publish","type":"page","link":"https:\/\/www.rulando.es\/?page_id=1166","title":{"rendered":"Toulouse &#8211; Saint Porquier"},"content":{"rendered":"<p><strong> RESUMEN <\/strong><\/p>\n<p>Primera etapa de nuestro periplo por tierras francesas. Salimos de Toulouse, ciudad amiga de las bicicletas, y emprendemos el recorrido del canal del Garona. Ojo que en Toulouse hay varios canales, seguid el correcto, hacia el Norte. Finalizamos en las proximidades de Montech.<\/p>\n<table style=\"width: 498px;\" border=\"0\" cellspacing=\"0\" cellpadding=\"0\">\n<tbody>\n<tr>\n<td style=\"border: 0px solid #ffffff; text-align: center;\" scope=\"row\"><a href=\"http:\/\/www.rulando.es\/croquis\/1_Toulouse-StPorquier.jpg\" target=\"_blank\" rel=\"noopener\"> <img loading=\"lazy\" decoding=\"async\" class=\"aligncenter\" title=\"Croquis de la ruta\" src=\"http:\/\/www.rulando.es\/wp-content\/uploads\/2009\/01\/rul3dmap.jpg\" alt=\"Descarga el croquis\" width=\"90\" height=\"73\" \/> <\/a><\/td>\n<td style=\"border: 0px solid #ffffff; text-align: center;\" scope=\"row\"><a href=\"http:\/\/www.rulando.es\/croquis\/Toulouse.jpg\" target=\"_blank\" rel=\"noopener\"> <img loading=\"lazy\" decoding=\"async\" class=\"aligncenter\" title=\"Croquis detalle Toulouse\" src=\"http:\/\/www.rulando.es\/wp-content\/uploads\/2009\/01\/rul3dmap.jpg\" alt=\"Descarga el croquis\" width=\"90\" height=\"73\" \/> <\/a><\/td>\n<td style=\"border: 0px solid #ffffff; text-align: center;\" scope=\"row\"><a href=\"http:\/\/www.rulando.es\/tracks\/1_Toulouse-StPorquier.zip\" target=\"_blank\" rel=\"noopener\"> <img loading=\"lazy\" decoding=\"async\" class=\"aligncenter\" title=\"Fichero GPX\" src=\"http:\/\/www.rulando.es\/wp-content\/uploads\/2009\/01\/rul3dgpx1.jpg\" alt=\"\" width=\"80\" height=\"80\" \/> <\/a><\/td>\n<\/tr>\n<tr>\n<td style=\"border: 0px solid #ffffff; text-align: center;\" scope=\"row\"><span style=\"color: #808080; font-size: 10px;\"> Mapa etapa <\/span><\/td>\n<td style=\"border: 0px solid #ffffff; text-align: center;\" scope=\"row\"><span style=\"color: #808080; font-size: 10px;\"> Mapa detalle Toulouse <\/span><\/td>\n<td style=\"border: 0px solid #ffffff; text-align: center;\" scope=\"row\"><\/td>\n<\/tr>\n<\/tbody>\n<\/table>\n<p><span style=\"color: #ff0000;\"> <strong> <a href=\"http:\/\/www.rulando.es\/wp-content\/uploads\/2011\/07\/Etapa1-Canal.jpg\"> <img loading=\"lazy\" decoding=\"async\" class=\"aligncenter size-full wp-image-1236\" title=\"Etapa1-Canal\" src=\"http:\/\/www.rulando.es\/wp-content\/uploads\/2011\/07\/Etapa1-Canal.jpg\" alt=\"viaverde y canal\" width=\"470\" height=\"230\" srcset=\"https:\/\/www.rulando.es\/wp-content\/uploads\/2011\/07\/Etapa1-Canal.jpg 470w, https:\/\/www.rulando.es\/wp-content\/uploads\/2011\/07\/Etapa1-Canal-300x146.jpg 300w\" sizes=\"auto, (max-width: 470px) 100vw, 470px\" \/> <\/a> <\/strong> <\/span><\/p>\n<p><strong> CARACTER\u00cdSTICAS PRINCIPALES <\/strong><\/p>\n<ul>\n<li>\n<div><span style=\"color: #000000;\"> Tipo: lineal <strong> (S\u00d3LO IDA) <\/strong> <\/span><\/div>\n<\/li>\n<li>\n<div><span style=\"color: #000000;\"> Longitud:\u00a054,40 km (*) <\/span><\/div>\n<\/li>\n<li>\n<div><span style=\"color: #000000;\"> Inicio:\u00a0Ponts Jumeaux\u00a0(Toulouse) <\/span><\/div>\n<\/li>\n<li>\n<div><span style=\"color: #000000;\"> Final: St Porquier <\/span><\/div>\n<\/li>\n<li>\n<div><span style=\"color: #000000;\"> Desnivel descendente (total):\u00a050 m\u00a0 <\/span><\/div>\n<\/li>\n<li><span style=\"color: #000000;\"> Itinerario: Toulouse, Saint &#8211; Jory, Grisolles, Montech y Saint &#8211; Porquier <\/span><\/li>\n<li>\n<div><span style=\"color: #000000;\"> Lugares de Inter\u00e9s: Montech (puerto y &#8220;pente d&#8217;eau&#8221;) <\/span><\/div>\n<\/li>\n<li>\n<div><span style=\"color: #000000;\"> Cartograf\u00eda:\u00a0Carte touristique Voie Verte Bordeaux &#8211; Toulouse \u00e0 V\u00e9lo <\/span><\/div>\n<\/li>\n<\/ul>\n<blockquote><p><span style=\"color: #000000;\"> (*) Datos obtenidos mediante GPS <\/span><\/p><\/blockquote>\n<p><strong> MAPA Y PERFIL LONGITUDINAL <\/strong><br \/>\n[map style=&#8221;width: auto; height:400px; margin:20px 0px 20px 0px; border: 1px solid black;&#8221; gpx=&#8221;http:\/\/www.rulando.es\/tracks\/1_Toulouse-StPorquier.gpx&#8221;]<\/p>\n<p><strong> DESCRIPCI\u00d3N <\/strong><\/p>\n<p>La primera etapa transcurre entre Toulouse, donde nace el canal del Garona, y Saint Porquier, pueblito pr\u00f3ximo a Montech.<\/p>\n<p>Partimos en Toulouse\u00a0de las proximidades de la estaci\u00f3n de Matabiau, a donde se llega luego en tren procedente de Burdeos, al final de la ruta. Por el bulevar a lo largo del canal de Midi, nos aproximamos a los puentes gemelos, donde empieza nuestra v\u00eda verde.<\/p>\n<p>El primer tramo discurre junto a pol\u00edgonos industriales, pero enseguida nos adentramos en la campi\u00f1a francesa. Durante parte del recorrido nos acompa\u00f1a tambi\u00e9n la v\u00eda del tren. Las primeras esclusas nos sorprenden, aunque luego se convertir\u00e1n en compa\u00f1eras habituales del viaje: esclusas, casitas de los escluseros, barcos\u2026<\/p>\n<p>Quiz\u00e1 este primer tramo es de los menos sombreados, pero como siempre, bien acondicionado. Se atraviesan las poblaciones de Saint-Jory, Grisolles y finalmente Montech. En esta \u00faltima, destaca el puerto y la \u201cpente d\u2019eau\u201d o pendiente de agua. Se trata de un dispositivo que permite ahorrar a los barcos el paso por cinco esclusas. Durante el 2011 estaba parado por razones t\u00e9cnicas pero merece la pena conocer su mecanismo de funcionamiento.<\/p>\n<p>Poco despu\u00e9s de Montech, llegamos a nuestro punto final de etapa: Saint \u2013 Porquier. Nos alojamos en \u201cLas Hortensias\u201d, estupendo alojamiento donde recuperamos fuerzas y pasamos un buen rato. Muy cerquita del canal, as\u00ed que no tenemos que desviarnos pr\u00e1cticamente de la ruta.<\/p>\n<p><span style=\"color: #ff0000;\"> <strong> \u00a0 <a href=\"http:\/\/www.rulando.es\/wp-content\/uploads\/2011\/07\/Etapa1-Ciclistas.jpg\"> <img loading=\"lazy\" decoding=\"async\" class=\"aligncenter size-full wp-image-1237\" title=\"Etapa1-Ciclistas\" src=\"http:\/\/www.rulando.es\/wp-content\/uploads\/2011\/07\/Etapa1-Ciclistas.jpg\" alt=\"canal y puente\" width=\"470\" height=\"219\" srcset=\"https:\/\/www.rulando.es\/wp-content\/uploads\/2011\/07\/Etapa1-Ciclistas.jpg 470w, https:\/\/www.rulando.es\/wp-content\/uploads\/2011\/07\/Etapa1-Ciclistas-300x139.jpg 300w\" sizes=\"auto, (max-width: 470px) 100vw, 470px\" \/> <\/a> <\/strong> <\/span> <strong> CROQUIS\u00a0DE RUTA<br \/>\n<\/strong> <a href=\"http:\/\/www.rulando.es\/croquis\/1_Toulouse-StPorquier.jpg\"> Descargar croquis de ruta <\/a><\/p>\n<p><strong> ARCHIVO GPS<br \/>\n<\/strong> <a href=\"http:\/\/www.rulando.es\/tracks\/1_Toulouse-StPorquier.zip\"> Descargar fichero GPX <\/a><\/p>\n<p><strong> LINKS <\/strong><br \/>\n<a href=\"http:\/\/www.chambres-hotes-leshortensias.com\"> http:\/\/www.chambres-hotes-leshortensias.com <\/a><\/p>\n<p><a href=\"http:\/\/www.lafondadelaestacion.com\/\"> http:\/\/www.canaux-historiques.com <span style=\"color: #ff0000;\"> <strong> \u00a0 <\/strong> <\/span> <\/a><\/p>\n<p><span style=\"color: #ff0000;\"> <strong> <a href=\"http:\/\/www.rulando.es\/wp-content\/uploads\/2011\/07\/Etapa1-Esclusa.jpg\"> <img loading=\"lazy\" decoding=\"async\" class=\"aligncenter size-full wp-image-1238\" title=\"Etapa1-Esclusa\" src=\"http:\/\/www.rulando.es\/wp-content\/uploads\/2011\/07\/Etapa1-Esclusa.jpg\" alt=\"barco y esclusa\" width=\"470\" height=\"234\" srcset=\"https:\/\/www.rulando.es\/wp-content\/uploads\/2011\/07\/Etapa1-Esclusa.jpg 470w, https:\/\/www.rulando.es\/wp-content\/uploads\/2011\/07\/Etapa1-Esclusa-300x149.jpg 300w\" sizes=\"auto, (max-width: 470px) 100vw, 470px\" \/> <\/a> <\/strong> <\/span><\/p>\n","protected":false},"excerpt":{"rendered":"<p>RESUMEN Primera etapa de nuestro periplo por tierras francesas. Salimos de Toulouse, ciudad amiga de las bicicletas, y emprendemos el recorrido del canal del Garona. Ojo que en Toulouse hay varios canales, seguid el correcto, hacia el Norte. Finalizamos en las proximidades de Montech. Mapa etapa Mapa detalle Toulouse CARACTER\u00cdSTICAS PRINCIPALES Tipo: lineal (S\u00d3LO IDA) &hellip; <a href=\"https:\/\/www.rulando.es\/?page_id=1166\" class=\"more-link\">Continue reading <span class=\"screen-reader-text\">Toulouse &#8211; Saint Porquier<\/span> <span class=\"meta-nav\">&rarr;<\/span><\/a><\/p>\n","protected":false},"author":2,"featured_media":0,"parent":1151,"menu_order":0,"comment_status":"closed","ping_status":"open","template":"","meta":{"footnotes":""},"class_list":["post-1166","page","type-page","status-publish","hentry"],"_links":{"self":[{"href":"https:\/\/www.rulando.es\/index.php?rest_route=\/wp\/v2\/pages\/1166","targetHints":{"allow":["GET"]}}],"collection":[{"href":"https:\/\/www.rulando.es\/index.php?rest_route=\/wp\/v2\/pages"}],"about":[{"href":"https:\/\/www.rulando.es\/index.php?rest_route=\/wp\/v2\/types\/page"}],"author":[{"embeddable":true,"href":"https:\/\/www.rulando.es\/index.php?rest_route=\/wp\/v2\/users\/2"}],"replies":[{"embeddable":true,"href":"https:\/\/www.rulando.es\/index.php?rest_route=%2Fwp%2Fv2%2Fcomments&post=1166"}],"version-history":[{"count":32,"href":"https:\/\/www.rulando.es\/index.php?rest_route=\/wp\/v2\/pages\/1166\/revisions"}],"predecessor-version":[{"id":1780,"href":"https:\/\/www.rulando.es\/index.php?rest_route=\/wp\/v2\/pages\/1166\/revisions\/1780"}],"up":[{"embeddable":true,"href":"https:\/\/www.rulando.es\/index.php?rest_route=\/wp\/v2\/pages\/1151"}],"wp:attachment":[{"href":"https:\/\/www.rulando.es\/index.php?rest_route=%2Fwp%2Fv2%2Fmedia&parent=1166"}],"curies":[{"name":"wp","href":"https:\/\/api.w.org\/{rel}","templated":true}]}}