{"id":1151,"date":"2011-06-29T18:18:11","date_gmt":"2011-06-29T16:18:11","guid":{"rendered":"http:\/\/www.rulando.es\/?page_id=1151"},"modified":"2023-04-17T16:42:17","modified_gmt":"2023-04-17T14:42:17","slug":"toulouse-burdeos","status":"publish","type":"page","link":"https:\/\/www.rulando.es\/?page_id=1151","title":{"rendered":"Toulouse &#8211; Burdeos"},"content":{"rendered":"<p><strong><a href=\"http:\/\/www.rulando.es\/wp-content\/uploads\/2011\/06\/Etapa0-Ciclista.jpg\"><img loading=\"lazy\" decoding=\"async\" class=\"aligncenter size-full wp-image-1271\" title=\"Etapa0-Ciclista\" src=\"http:\/\/www.rulando.es\/wp-content\/uploads\/2011\/06\/Etapa0-Ciclista.jpg\" alt=\"\" width=\"470\" height=\"251\" srcset=\"https:\/\/www.rulando.es\/wp-content\/uploads\/2011\/06\/Etapa0-Ciclista.jpg 470w, https:\/\/www.rulando.es\/wp-content\/uploads\/2011\/06\/Etapa0-Ciclista-300x160.jpg 300w\" sizes=\"auto, (max-width: 470px) 100vw, 470px\" \/><\/a><\/strong><\/p>\n<p><strong>\u00a0DESCRIPCI\u00d3N<\/strong><\/p>\n<p>Itinerario entre las poblaciones francesas de Toulouse, en la regi\u00f3n Midi \u2013 Pyrinees y de Burdeos, en la Aquitania.<br \/>\nLa primera parte, la m\u00e1s larga del recorrido, seguiremos el camino de servicio del canal lateral del Garona adaptado para bicicletas y peatones, bajo la sombra de pl\u00e1tanos centenarios. La v\u00eda est\u00e1 totalmente asfaltada y se\u00f1alizada (cambios de orilla y desv\u00edos a poblaciones), es muy llana y sombreada. En definitiva, sencilla y asequible para viajar al ritmo que quieras.<\/p>\n<p>A partir de Fontet, enlazaremos por carreteras comarcales de escaso tr\u00e1fico, con la v\u00eda verde Roger Lapebie, entre Sauveterre de Guyenne y Bordeaux. Se trata de un antiguo trazado ferroviario perfectamente acondicionado para la circulaci\u00f3n de bicicletas.<\/p>\n<p>Para el dise\u00f1o de las etapas es muy \u00fatil la gu\u00eda en franc\u00e9s: <strong>\u201cGuide n\u00b02 \u2013 Bordeaux &#8211; Toulouse \u00e0 v\u00e9lo en Gironde et le long du canal de Garonne\u201d<\/strong> de J. Savary et M. Nilly, con informaci\u00f3n de alojamientos y, sobre todo, de la conexi\u00f3n entre el canal y Burdeos a trav\u00e9s de peque\u00f1as carreteras tranquilas y con tr\u00e1fico muy escaso. S\u00f3lo dos pegas: est\u00e1 explicada desde Burdeos hasta Toulouse y s\u00f3lo est\u00e1 en franc\u00e9s (peque\u00f1a pega si desconoces el idioma, claro).<\/p>\n<p>Tambi\u00e9n son \u00fatiles los enlaces que os indicamos m\u00e1s abajo.\u00a0 A trav\u00e9s de ellos se puede conseguir un mapa gratuito del recorrido con informaci\u00f3n tur\u00edstica (<strong>Carte Touristique Voie Verte. Bordeaux-Toulouse \u00e0 V\u00e9lo<\/strong>).<\/p>\n<p>La oferta de alojamiento no es abundante, por lo que en las \u00e9pocas de m\u00e1xima afluencia puede resultar complicado encontrarlo. Para estos casos recomendamos tenerlo reservado con anterioridad aunque entonces las etapas quedar\u00e1n perfectamente definidas de antemano.<\/p>\n<p>La ruta est\u00e1 planteada en plan familiar, en 6 etapas. El alojamiento lo realizamos en \u201cChambres d\u2019hotes\u201d que vienen a ser como habitaciones en casas rurales, y en hoteles. En algunos casos tambi\u00e9n sirven cenas. Esto es \u00fatil en pueblos muy peque\u00f1os donde a veces ni siquiera hay restaurante.<\/p>\n<p>Estas son nuestras recomendaciones pr\u00e1cticas. En la descripci\u00f3n de cada etapa, la cr\u00f3nica de un tranquilo recorrido ciclotur\u00edstico para disfrutar de la campi\u00f1a francesa y, al final, de una de sus bonitas ciudades.<\/p>\n<p><a href=\"http:\/\/www.rulando.es\/wp-content\/uploads\/2011\/06\/Etapa0-Embarcadero.jpg\"><img loading=\"lazy\" decoding=\"async\" class=\"aligncenter size-full wp-image-1269\" title=\"Etapa0-Embarcadero\" src=\"http:\/\/www.rulando.es\/wp-content\/uploads\/2011\/06\/Etapa0-Embarcadero.jpg\" alt=\"\" width=\"470\" height=\"269\" srcset=\"https:\/\/www.rulando.es\/wp-content\/uploads\/2011\/06\/Etapa0-Embarcadero.jpg 470w, https:\/\/www.rulando.es\/wp-content\/uploads\/2011\/06\/Etapa0-Embarcadero-300x171.jpg 300w\" sizes=\"auto, (max-width: 470px) 100vw, 470px\" \/><\/a><\/p>\n<p><strong>ETAPAS<\/strong><\/p>\n<ul>\n<li><a href=\"http:\/\/www.rulando.es\/?page_id=1166\">Toulouse &#8211; Saint-Porquier<\/a><\/li>\n<li><a href=\"http:\/\/www.rulando.es\/?page_id=1186\">Saint-Porquier &#8211; Valence d&#8217;Agen<\/a><\/li>\n<li><a href=\"http:\/\/www.rulando.es\/?page_id=1197\">Valence d&#8217;Agen &#8211; Saint-L\u00e9ger<\/a><\/li>\n<li><a href=\"http:\/\/www.rulando.es\/?page_id=1204\">Saint-L\u00e9ger &#8211; La R\u00e9ole<\/a><\/li>\n<li><a href=\"http:\/\/www.rulando.es\/?page_id=1213\">La Reole &#8211; Frontenac<\/a><\/li>\n<li><a href=\"http:\/\/www.rulando.es\/?page_id=1221\">Frontenac &#8211; Burdeos<\/a><\/li>\n<\/ul>\n<p><strong>ENLACES<\/strong><\/p>\n<p><a href=\"http:\/\/www.canal-et-voie-verte.com\">www.canal-et-voie-verte.com<\/a><br \/>\n<a href=\"http:\/\/www.bordeaux.fr\">www.bordeaux.fr<\/a><br \/>\n<a href=\"http:\/\/www.toulouse-tourisme.com\">www.toulouse-tourisme.com<\/a><\/p>\n<p><a href=\"http:\/\/www.rulando.es\/wp-content\/uploads\/2011\/06\/Etapa0-Burdeos.jpg\"><img loading=\"lazy\" decoding=\"async\" class=\"aligncenter size-full wp-image-1270\" title=\"Etapa0-Burdeos\" src=\"http:\/\/www.rulando.es\/wp-content\/uploads\/2011\/06\/Etapa0-Burdeos.jpg\" alt=\"\" width=\"470\" height=\"232\" srcset=\"https:\/\/www.rulando.es\/wp-content\/uploads\/2011\/06\/Etapa0-Burdeos.jpg 470w, https:\/\/www.rulando.es\/wp-content\/uploads\/2011\/06\/Etapa0-Burdeos-300x148.jpg 300w\" sizes=\"auto, (max-width: 470px) 100vw, 470px\" \/><\/a><\/p>\n","protected":false},"excerpt":{"rendered":"<p>\u00a0DESCRIPCI\u00d3N Itinerario entre las poblaciones francesas de Toulouse, en la regi\u00f3n Midi \u2013 Pyrinees y de Burdeos, en la Aquitania. La primera parte, la m\u00e1s larga del recorrido, seguiremos el camino de servicio del canal lateral del Garona adaptado para bicicletas y peatones, bajo la sombra de pl\u00e1tanos centenarios. La v\u00eda est\u00e1 totalmente asfaltada y &hellip; <a href=\"https:\/\/www.rulando.es\/?page_id=1151\" class=\"more-link\">Continue reading <span class=\"screen-reader-text\">Toulouse &#8211; Burdeos<\/span> <span class=\"meta-nav\">&rarr;<\/span><\/a><\/p>\n","protected":false},"author":2,"featured_media":0,"parent":975,"menu_order":0,"comment_status":"closed","ping_status":"open","template":"","meta":{"footnotes":""},"class_list":["post-1151","page","type-page","status-publish","hentry"],"_links":{"self":[{"href":"https:\/\/www.rulando.es\/index.php?rest_route=\/wp\/v2\/pages\/1151","targetHints":{"allow":["GET"]}}],"collection":[{"href":"https:\/\/www.rulando.es\/index.php?rest_route=\/wp\/v2\/pages"}],"about":[{"href":"https:\/\/www.rulando.es\/index.php?rest_route=\/wp\/v2\/types\/page"}],"author":[{"embeddable":true,"href":"https:\/\/www.rulando.es\/index.php?rest_route=\/wp\/v2\/users\/2"}],"replies":[{"embeddable":true,"href":"https:\/\/www.rulando.es\/index.php?rest_route=%2Fwp%2Fv2%2Fcomments&post=1151"}],"version-history":[{"count":20,"href":"https:\/\/www.rulando.es\/index.php?rest_route=\/wp\/v2\/pages\/1151\/revisions"}],"predecessor-version":[{"id":1779,"href":"https:\/\/www.rulando.es\/index.php?rest_route=\/wp\/v2\/pages\/1151\/revisions\/1779"}],"up":[{"embeddable":true,"href":"https:\/\/www.rulando.es\/index.php?rest_route=\/wp\/v2\/pages\/975"}],"wp:attachment":[{"href":"https:\/\/www.rulando.es\/index.php?rest_route=%2Fwp%2Fv2%2Fmedia&parent=1151"}],"curies":[{"name":"wp","href":"https:\/\/api.w.org\/{rel}","templated":true}]}}