{"id":1003,"date":"2010-07-13T18:53:49","date_gmt":"2010-07-13T16:53:49","guid":{"rendered":"http:\/\/www.rulando.es\/?page_id=1003"},"modified":"2023-04-17T16:42:42","modified_gmt":"2023-04-17T14:42:42","slug":"barracas-cs-segorbe-cs","status":"publish","type":"page","link":"https:\/\/www.rulando.es\/?page_id=1003","title":{"rendered":"Barracas (Cs) &#8211; Segorbe (Cs)"},"content":{"rendered":"<p><strong><span style=\"color: #000000;\">RESUMEN<\/span><\/strong><\/p>\n<p><span style=\"color: #000000;\">\u00daltima etapa de nuestra ruta por la V\u00eda Verde. Descenso hacia Segorbe, etapa muy relajada, cruzando numerosos t\u00faneles y un paisaje m\u00e1s mediterr\u00e1neo y mucho m\u00e1s animado ( incluso se atraviesa alg\u00fan pueblo !!).<\/span><\/p>\n<table style=\"text-align: center; height: 86px;\" border=\"0\" cellspacing=\"0\" cellpadding=\"0\" width=\"498\">\n<tbody>\n<tr>\n<td><a href=\"http:\/\/www.rulando.es\/croquis\/ojosnegros3.jpg\" target=\"_blank\" rel=\"noopener\"><img loading=\"lazy\" decoding=\"async\" style=\"border: 0pt;\" title=\"Croquis de la ruta\" src=\"http:\/\/www.rulando.es\/wp-content\/uploads\/2009\/01\/rul3dmap.jpg\" alt=\"Descarga el croquis\" width=\"90\" height=\"73\" \/><\/a><\/td>\n<td><a href=\"http:\/\/www.rulando.es\/tracks\/ojosnegros3.zip\" target=\"_blank\" rel=\"noopener\"><img loading=\"lazy\" decoding=\"async\" style=\"border: 0pt;\" title=\"Fichero GPX\" src=\"http:\/\/www.rulando.es\/wp-content\/uploads\/2009\/01\/rul3dgpx1.jpg\" alt=\"\" width=\"80\" height=\"80\" \/><\/a><\/td>\n<\/tr>\n<\/tbody>\n<\/table>\n<p style=\"text-align: center;\">\n<p style=\"text-align: center;\"><img loading=\"lazy\" decoding=\"async\" class=\"size-full wp-image-1036 aligncenter\" title=\"molinos y ciclistas\" src=\"http:\/\/www.rulando.es\/wp-content\/uploads\/2010\/07\/molinos.jpg\" alt=\"molinos\" width=\"470\" height=\"266\" srcset=\"https:\/\/www.rulando.es\/wp-content\/uploads\/2010\/07\/molinos.jpg 470w, https:\/\/www.rulando.es\/wp-content\/uploads\/2010\/07\/molinos-300x169.jpg 300w\" sizes=\"auto, (max-width: 470px) 100vw, 470px\" \/><\/p>\n<p><strong>CARACTER\u00cdSTICAS PRINCIPALES<\/strong><\/p>\n<ul>\n<li>\n<div style=\"padding-left: 30px;\">Tipo: lineal (<strong><span style=\"text-decoration: underline;\">S\u00d3LO IDA<\/span><\/strong>)<\/div>\n<\/li>\n<li>\n<div style=\"padding-left: 30px;\">Longitud:\u00a0<span style=\"color: #000000;\">45,0 km (*)<\/span><\/div>\n<\/li>\n<li>\n<div style=\"padding-left: 30px;\">Inicio: Barracas<\/div>\n<\/li>\n<li>\n<div style=\"padding-left: 30px;\">Final: Segorbe (Estaci\u00f3n Segorbe &#8211; Ciudad)<\/div>\n<\/li>\n<li>\n<div style=\"padding-left: 30px;\">Desnivel en descenso: 650 m\u00a0(*)<\/div>\n<\/li>\n<li>\n<div style=\"padding-left: 30px;\">Itinerario: Barracas, Caudiel, J\u00e9rica, Navajas, Segorbe<\/div>\n<\/li>\n<li>\n<div style=\"padding-left: 30px;\">Lugares de Inter\u00e9s: Infraestructura ferroviaria, poblaciones, entorno natural, vistas&#8230;<\/div>\n<\/li>\n<li>\n<div style=\"padding-left: 30px;\">Cartograf\u00eda:<span style=\"COLOR: #000000\"> Hojas <\/span><span style=\"COLOR: #000000\"><span>1:200.000 del IGN<\/span><\/span><\/div>\n<\/li>\n<\/ul>\n<p><strong>MAPA Y PERFIL LONGITUDINAL<\/strong><\/p>\n<p>[map style=&#8221;width: auto; height:400px; margin:20px 0px 20px 0px; border: 1px solid black;&#8221; gpx=&#8221;http:\/\/www.rulando.es\/tracks\/ojosnegros3.gpx&#8221;]<\/p>\n<p><strong>DESCRIPCI\u00d3N<\/strong><\/p>\n<p><span style=\"color: #000000;\">Desde Barracas nos dirigimos hacia el puerto del Ragudo. Una breve subida hacia &#8220;los molinos&#8221; y en seguida comienza un divertido descenso entre cultivos y vegetaci\u00f3n natural hacia Segorbe. Paralelos a nuestra v\u00eda discurre la del ADIF en casi todo momento. Son numerosos los t\u00faneles que atravesamos, todos iluminados. Se atraviesa J\u00e9rica donde hay que poner atenci\u00f3n a la se\u00f1alizaci\u00f3n pues la v\u00eda en este tramo se ha perdido y se realiza el recorrido por calles y carreteras tranquilas. Al ser nuestra intenci\u00f3n ir a Segorbe, dejamos la v\u00eda verde antes de llegar a la poblaci\u00f3n de Altura. En el cruce con la N &#8211; 234, con escaso tr\u00e1fico, justo despu\u00e9s de dejar atr\u00e1s la urbanizaci\u00f3n Altomira, giramos a la izquierda y seguimos por carretera las indicaciones hacia Segorbe. Nos dirigimos al centro de la poblaci\u00f3n y a la estaci\u00f3n Segorbe &#8211; Ciudad, donde es posible tomar el tren de Media Distancia (eso s\u00ed, lo de llevar la bici contigo es complejo aunque no imposible, suerte !!!).<\/span><\/p>\n<p style=\"text-align: center;\"><span style=\"color: #000000;\"> <\/span><\/p>\n<p><span style=\"text-decoration: line-through;\"><img loading=\"lazy\" decoding=\"async\" class=\"size-full wp-image-1037 aligncenter\" title=\"tunel\" src=\"http:\/\/www.rulando.es\/wp-content\/uploads\/2010\/07\/tunel.jpg\" alt=\"tunel\" width=\"470\" height=\"353\" srcset=\"https:\/\/www.rulando.es\/wp-content\/uploads\/2010\/07\/tunel.jpg 470w, https:\/\/www.rulando.es\/wp-content\/uploads\/2010\/07\/tunel-300x225.jpg 300w\" sizes=\"auto, (max-width: 470px) 100vw, 470px\" \/><\/span><\/p>\n<p style=\"text-align: center;\"><a href=\"http:\/\/www.rulando.es\/wp-content\/uploads\/2009\/02\/foto2.jpg\"><\/a><\/p>\n<p style=\"text-align: center;\"><a href=\"http:\/\/www.rulando.es\/wp-content\/uploads\/2009\/01\/foto21.jpg\"><\/a><\/p>\n<p style=\"text-align: center;\"><a href=\"http:\/\/www.rulando.es\/wp-content\/uploads\/2008\/11\/foto_41.jpg\"><\/a><\/p>\n<p><strong>CROQUIS\u00a0DE RUTA<\/strong><\/p>\n<p><strong> <\/strong><a href=\"http:\/\/www.rulando.es\/croquis\/ojosnegros3.jpg\">Descargar croquis de ruta<\/a><\/p>\n<p><strong>ARCHIVO GPS<\/strong><\/p>\n<p><strong> <\/strong><a href=\"http:\/\/www.rulando.es\/tracks\/ojosnegros3.zip\">Descargar fichero GPX<\/a><\/p>\n<p><strong>LINKS<\/strong><\/p>\n<p><a href=\"http:\/\/www.viasverdes.com\/ViasVerdes\/Itinerarios\/Comunidad%20Valenciana\/Castell%F3n-Valencia\/V.V.%20de%20Ojos%20Negros%201\">http:\/\/www.viasverdes.com\/ViasVerdes\/Itinerario\/OjosNegrosI<\/a><\/p>\n<p style=\"text-align: center;\"><img loading=\"lazy\" decoding=\"async\" class=\"size-full wp-image-1038 aligncenter\" title=\"elregajo\" src=\"http:\/\/www.rulando.es\/wp-content\/uploads\/2010\/07\/elregajo.jpg\" alt=\"elregajo\" width=\"470\" height=\"253\" srcset=\"https:\/\/www.rulando.es\/wp-content\/uploads\/2010\/07\/elregajo.jpg 470w, https:\/\/www.rulando.es\/wp-content\/uploads\/2010\/07\/elregajo-300x161.jpg 300w\" sizes=\"auto, (max-width: 470px) 100vw, 470px\" \/><\/p>\n","protected":false},"excerpt":{"rendered":"<p>RESUMEN \u00daltima etapa de nuestra ruta por la V\u00eda Verde. Descenso hacia Segorbe, etapa muy relajada, cruzando numerosos t\u00faneles y un paisaje m\u00e1s mediterr\u00e1neo y mucho m\u00e1s animado ( incluso se atraviesa alg\u00fan pueblo !!). CARACTER\u00cdSTICAS PRINCIPALES Tipo: lineal (S\u00d3LO IDA) Longitud:\u00a045,0 km (*) Inicio: Barracas Final: Segorbe (Estaci\u00f3n Segorbe &#8211; Ciudad) Desnivel en descenso: &hellip; <a href=\"https:\/\/www.rulando.es\/?page_id=1003\" class=\"more-link\">Continue reading <span class=\"screen-reader-text\">Barracas (Cs) &#8211; Segorbe (Cs)<\/span> <span class=\"meta-nav\">&rarr;<\/span><\/a><\/p>\n","protected":false},"author":2,"featured_media":0,"parent":984,"menu_order":2,"comment_status":"closed","ping_status":"open","template":"","meta":{"footnotes":""},"class_list":["post-1003","page","type-page","status-publish","hentry"],"_links":{"self":[{"href":"https:\/\/www.rulando.es\/index.php?rest_route=\/wp\/v2\/pages\/1003","targetHints":{"allow":["GET"]}}],"collection":[{"href":"https:\/\/www.rulando.es\/index.php?rest_route=\/wp\/v2\/pages"}],"about":[{"href":"https:\/\/www.rulando.es\/index.php?rest_route=\/wp\/v2\/types\/page"}],"author":[{"embeddable":true,"href":"https:\/\/www.rulando.es\/index.php?rest_route=\/wp\/v2\/users\/2"}],"replies":[{"embeddable":true,"href":"https:\/\/www.rulando.es\/index.php?rest_route=%2Fwp%2Fv2%2Fcomments&post=1003"}],"version-history":[{"count":33,"href":"https:\/\/www.rulando.es\/index.php?rest_route=\/wp\/v2\/pages\/1003\/revisions"}],"predecessor-version":[{"id":1789,"href":"https:\/\/www.rulando.es\/index.php?rest_route=\/wp\/v2\/pages\/1003\/revisions\/1789"}],"up":[{"embeddable":true,"href":"https:\/\/www.rulando.es\/index.php?rest_route=\/wp\/v2\/pages\/984"}],"wp:attachment":[{"href":"https:\/\/www.rulando.es\/index.php?rest_route=%2Fwp%2Fv2%2Fmedia&parent=1003"}],"curies":[{"name":"wp","href":"https:\/\/api.w.org\/{rel}","templated":true}]}}