{"id":1001,"date":"2010-07-22T18:06:46","date_gmt":"2010-07-22T16:06:46","guid":{"rendered":"http:\/\/www.rulando.es\/?page_id=1001"},"modified":"2023-04-17T16:42:42","modified_gmt":"2023-04-17T14:42:42","slug":"la-puebla-de-valverde-te-barracas-cs","status":"publish","type":"page","link":"https:\/\/www.rulando.es\/?page_id=1001","title":{"rendered":"La Puebla de Valverde (Te) &#8211; Barracas (Cs)"},"content":{"rendered":"<p><strong><span style=\"color: #000000;\">RESUMEN<\/span><\/strong><\/p>\n<p><span style=\"color: #000000;\">Tramo desde La Puebla de Valverde hasta Barracas, ya en la Comunidad Valenciana. Itinerario sin complicaciones con un t\u00fanel (hay iluminaci\u00f3n). Pr\u00f3ximo a Sarri\u00f3n, Albentosa y Estaci\u00f3n de Mora de Rubielos\u00a0. La mitad del tramo es de descenso y al final una ligera remontada hasta Barracas.<\/span><\/p>\n<table style=\"text-align: center; height: 86px;\" border=\"0\" cellspacing=\"0\" cellpadding=\"0\" width=\"498\">\n<tbody>\n<tr>\n<td>\u00a0<\/td>\n<td><a href=\"http:\/\/www.rulando.es\/croquis\/ojosnegros2.jpg\" target=\"_blank\" rel=\"noopener\"><img loading=\"lazy\" decoding=\"async\" style=\"border: 0pt;\" title=\"Croquis de la ruta\" src=\"http:\/\/www.rulando.es\/wp-content\/uploads\/2009\/01\/rul3dmap.jpg\" alt=\"Descarga el croquis\" width=\"90\" height=\"73\" \/><\/a><\/td>\n<td><a href=\"http:\/\/www.rulando.es\/tracks\/ojosnegros2.zip\" target=\"_blank\" rel=\"noopener\"><img loading=\"lazy\" decoding=\"async\" style=\"border: 0pt;\" title=\"Fichero GPX\" src=\"http:\/\/www.rulando.es\/wp-content\/uploads\/2009\/01\/rul3dgpx1.jpg\" alt=\"\" width=\"80\" height=\"80\" \/><\/a><\/td>\n<\/tr>\n<\/tbody>\n<\/table>\n<p style=\"text-align: center;\"><a href=\"http:\/\/www.rulando.es\/wp-content\/uploads\/2009\/01\/foto12.jpg\"><\/a><\/p>\n<p style=\"text-align: center;\"><a href=\"http:\/\/www.rulando.es\/wp-content\/uploads\/2009\/02\/foto11.jpg\"><\/a><a href=\"http:\/\/www.rulando.es\/wp-content\/uploads\/2009\/02\/foto1.jpg\"><\/a><\/p>\n<p style=\"text-align: center;\"><img loading=\"lazy\" decoding=\"async\" class=\"size-full wp-image-1032  aligncenter\" title=\"sabinasyciclistas\" src=\"http:\/\/www.rulando.es\/wp-content\/uploads\/2010\/07\/sabinasyciclistas.jpg\" alt=\"sabinasyciclistas\" width=\"470\" height=\"275\" srcset=\"https:\/\/www.rulando.es\/wp-content\/uploads\/2010\/07\/sabinasyciclistas.jpg 470w, https:\/\/www.rulando.es\/wp-content\/uploads\/2010\/07\/sabinasyciclistas-300x175.jpg 300w\" sizes=\"auto, (max-width: 470px) 100vw, 470px\" \/><\/p>\n<p>\u00a0<strong>CARACTER\u00cdSTICAS PRINCIPALES<\/strong><\/p>\n<ul>\n<li>\n<div style=\"padding-left: 30px;\">Tipo: ruta lineal (<strong><span style=\"text-decoration: underline;\">S\u00d3LO IDA<\/span><\/strong>)<\/div>\n<\/li>\n<li>\n<div style=\"padding-left: 30px;\">Longitud:\u00a040,0<span style=\"color: #000000;\"> km (*)<\/span><\/div>\n<\/li>\n<li>\n<div style=\"padding-left: 30px;\">Inicio: Estaci\u00f3n de La Puebla de Valverde (Teruel)<\/div>\n<\/li>\n<li>\n<div style=\"padding-left: 30px;\">Final: Barracas (Castell\u00f3n)<\/div>\n<\/li>\n<li>\n<div style=\"padding-left: 30px;\">Desnivel ascendente:\u00a045 m\u00a0(*)<\/div>\n<\/li>\n<li>\n<div style=\"padding-left: 30px;\">Desnivel descendente: 220 m (*)<\/div>\n<\/li>\n<li>\n<div style=\"padding-left: 30px;\">Itinerario: Estaci\u00f3n de La Puebla de Valverde,\u00a0 Sarri\u00f3n, Estaci\u00f3n de Mora de Rubielos, Albentosa.<\/div>\n<\/li>\n<li>\n<div style=\"padding-left: 30px;\">Lugares de Inter\u00e9s: viaducto de Albentosa, sabinares y encinares<\/div>\n<\/li>\n<li>\n<div style=\"padding-left: 30px;\">Cartograf\u00eda:<span style=\"COLOR: #000000\">\u00a0Hoja de Teruel <\/span><span style=\"COLOR: #000000\"><span>1:200.000 del IGN<\/span><\/span><\/div>\n<\/li>\n<\/ul>\n<blockquote>\n<p style=\"padding-left: 30px;\">(*) Datos obtenidos mediante GPS<\/p>\n<\/blockquote>\n<p><strong>MAPA Y PERFIL LONGITUDINAL<\/strong><br \/>\n[map style=&#8221;width: auto; height:400px; margin:20px 0px 20px 0px; border: 1px solid black;&#8221; gpx=&#8221;http:\/\/www.rulando.es\/tracks\/ojosnegros2.gpx&#8221;]<br \/>\n<strong>DESCRIPCI\u00d3N<\/strong><\/p>\n<p><span style=\"color: #000000;\">Partimos de la &#8220;Fonda de la Estaci\u00f3n&#8221;, anexa a la v\u00eda verde. Iniciamos el recorrido por un agradable tramo de descenso entre preciosas sabinas y m\u00e1s adelante encinares. Pasamos cerca de Sarri\u00f3n, aunque hay que desviarse para acceder a la poblaci\u00f3n y poco despu\u00e9s tambi\u00e9n cerca de la Estaci\u00f3n de Mora de Rubielos. Tras un breve t\u00fanel (iluminado) cruzamos el r\u00edo Albentosa por el magn\u00edfico viaducto de la foto. Arriba queda la poblaci\u00f3n de Albentosa, tambi\u00e9n accesible desde la v\u00eda verde. Poco despu\u00e9s comenzamos el tramo de ascenso hasta alcanzar la Comunidad Valenciana y la localidad de Barracas. Si vamos a entrar en Barracas ojo con el acceso al pueblo pues no est\u00e1 se\u00f1alizado y podemos pasarnos de largo (en la primera casa, dejar la v\u00eda verde por la derecha para tomar una carretera que gira bajo la propia v\u00eda verde y el ferrocarril).<\/span><\/p>\n<p style=\"text-align: center;\"><span style=\"color: #000000;\">\u00a0<\/span><\/p>\n<p><span style=\"text-decoration: line-through;\"><img loading=\"lazy\" decoding=\"async\" class=\"size-full wp-image-1033    aligncenter\" title=\"albentosa\" src=\"http:\/\/www.rulando.es\/wp-content\/uploads\/2010\/07\/albentosa.jpg\" alt=\"albentosa\" width=\"470\" height=\"256\" srcset=\"https:\/\/www.rulando.es\/wp-content\/uploads\/2010\/07\/albentosa.jpg 470w, https:\/\/www.rulando.es\/wp-content\/uploads\/2010\/07\/albentosa-300x163.jpg 300w\" sizes=\"auto, (max-width: 470px) 100vw, 470px\" \/><\/span><\/p>\n<p style=\"text-align: center;\"><a href=\"http:\/\/www.rulando.es\/wp-content\/uploads\/2009\/02\/foto2.jpg\"><\/a><\/p>\n<p style=\"text-align: center;\"><a href=\"http:\/\/www.rulando.es\/wp-content\/uploads\/2009\/01\/foto21.jpg\"><\/a><\/p>\n<p style=\"text-align: center;\"><a href=\"http:\/\/www.rulando.es\/wp-content\/uploads\/2008\/11\/foto_41.jpg\"><\/a><\/p>\n<p><strong>CROQUIS\u00a0DE RUTA<br \/>\n<\/strong><a href=\"http:\/\/www.rulando.es\/croquis\/ojosnegros2.jpg\">Descargar croquis de ruta<\/a><\/p>\n<p><strong>ARCHIVO GPS<br \/>\n<\/strong><a href=\"http:\/\/www.rulando.es\/tracks\/ojosnegros2.zip\">Descargar fichero GPX<\/a><\/p>\n<p><strong>LINKS<\/strong><br \/>\n<a href=\"http:\/\/www.viasverdes.com\/ViasVerdes\/Itinerarios\/Arag%F3n\/Teruel\/V.V.%20Ojos%20Negros%20II\">http:\/\/www.viasverdes.com\/ViasVerdes\/Itinerario\/OjosNegrosII<\/a><br \/>\n<a href=\"http:\/\/www.lafondadelaestacion.com\/\">http:\/\/www.lafondadelaestacion.com\/<\/a><\/p>\n<p>\u00a0<\/p>\n<p style=\"text-align: center;\"><img loading=\"lazy\" decoding=\"async\" class=\"size-full wp-image-1034  aligncenter\" title=\"puenteoblicuo\" src=\"http:\/\/www.rulando.es\/wp-content\/uploads\/2010\/07\/puenteoblicuo.jpg\" alt=\"puenteoblicuo\" width=\"470\" height=\"227\" srcset=\"https:\/\/www.rulando.es\/wp-content\/uploads\/2010\/07\/puenteoblicuo.jpg 470w, https:\/\/www.rulando.es\/wp-content\/uploads\/2010\/07\/puenteoblicuo-300x144.jpg 300w\" sizes=\"auto, (max-width: 470px) 100vw, 470px\" \/><\/p>\n","protected":false},"excerpt":{"rendered":"<p>RESUMEN Tramo desde La Puebla de Valverde hasta Barracas, ya en la Comunidad Valenciana. Itinerario sin complicaciones con un t\u00fanel (hay iluminaci\u00f3n). Pr\u00f3ximo a Sarri\u00f3n, Albentosa y Estaci\u00f3n de Mora de Rubielos\u00a0. La mitad del tramo es de descenso y al final una ligera remontada hasta Barracas. \u00a0 \u00a0CARACTER\u00cdSTICAS PRINCIPALES Tipo: ruta lineal (S\u00d3LO IDA) &hellip; <a href=\"https:\/\/www.rulando.es\/?page_id=1001\" class=\"more-link\">Continue reading <span class=\"screen-reader-text\">La Puebla de Valverde (Te) &#8211; Barracas (Cs)<\/span> <span class=\"meta-nav\">&rarr;<\/span><\/a><\/p>\n","protected":false},"author":2,"featured_media":0,"parent":984,"menu_order":1,"comment_status":"closed","ping_status":"open","template":"","meta":{"footnotes":""},"class_list":["post-1001","page","type-page","status-publish","hentry"],"_links":{"self":[{"href":"https:\/\/www.rulando.es\/index.php?rest_route=\/wp\/v2\/pages\/1001","targetHints":{"allow":["GET"]}}],"collection":[{"href":"https:\/\/www.rulando.es\/index.php?rest_route=\/wp\/v2\/pages"}],"about":[{"href":"https:\/\/www.rulando.es\/index.php?rest_route=\/wp\/v2\/types\/page"}],"author":[{"embeddable":true,"href":"https:\/\/www.rulando.es\/index.php?rest_route=\/wp\/v2\/users\/2"}],"replies":[{"embeddable":true,"href":"https:\/\/www.rulando.es\/index.php?rest_route=%2Fwp%2Fv2%2Fcomments&post=1001"}],"version-history":[{"count":21,"href":"https:\/\/www.rulando.es\/index.php?rest_route=\/wp\/v2\/pages\/1001\/revisions"}],"predecessor-version":[{"id":1788,"href":"https:\/\/www.rulando.es\/index.php?rest_route=\/wp\/v2\/pages\/1001\/revisions\/1788"}],"up":[{"embeddable":true,"href":"https:\/\/www.rulando.es\/index.php?rest_route=\/wp\/v2\/pages\/984"}],"wp:attachment":[{"href":"https:\/\/www.rulando.es\/index.php?rest_route=%2Fwp%2Fv2%2Fmedia&parent=1001"}],"curies":[{"name":"wp","href":"https:\/\/api.w.org\/{rel}","templated":true}]}}